{"id":2299,"date":"2024-06-04T17:05:34","date_gmt":"2024-06-04T15:05:34","guid":{"rendered":"https:\/\/www.isska.ch\/?page_id=2299"},"modified":"2025-10-16T15:41:43","modified_gmt":"2025-10-16T13:41:43","slug":"entwicklung","status":"publish","type":"page","link":"https:\/\/www.isska.ch\/de\/prestations\/developpement\/","title":{"rendered":"Ent\u00adwi\u00adck\u00adlung"},"content":{"rendered":"<ul>\n<li>\n        <a href=\"https:\/\/www.isska.ch\/qui-sommes-nous\">Qui sommes nous<\/a>\n    <\/li>\n<li>\n        <a href=\"https:\/\/www.isska.ch\/competences\/\">Comp\u00e9tences<\/a>\n    <\/li>\n<li>\n        <a href=\"https:\/\/www.isska.ch\/prestations\/\">Prestations<\/a>\n    <\/li>\n<\/ul>\n<h1>D\u00e9veloppement<\/h1>\n<ul>\n<li>\n<h3>Instrumentation<\/h3>\n<div>\n<p>Des capteurs de temp\u00e9rature, de pression, de CO2, de vitesse de courant d&rsquo;air et parfois d&rsquo;autres param\u00e8tres (p.ex. taux de radon) sont n\u00e9cessaires pour comprendre le climat souterrain et les variations des niveaux d&rsquo;eau.<\/p>\n<p>La plupart des instruments du march\u00e9 fonctionnent mal dans cet environnement exigeant (humidit\u00e9 tr\u00e8s \u00e9lev\u00e9e, conditions aquatiques et\/ou boueuses, absence d&rsquo;\u00e9lectricit\u00e9, etc). L\u2019ISSKA d\u00e9veloppe et teste ses instruments sur le terrain et d\u00e9veloppe des solutions adapt\u00e9es \u00e0 chaque cas d\u2019\u00e9tude.<\/p>\n<\/div>\n<\/li>\n<li>\n<h3>M\u00e9thodes et outils appliqu\u00e9s<\/h3>\n<div>\n<p>L\u2019ISSKA d\u00e9veloppe et propose des m\u00e9thodes sp\u00e9cifiques pour caract\u00e9riser et g\u00e9rer le milieu karstique.<\/p>\n<h6>Ressources en eau<\/h6>\n<p>Les eaux souterraines karstiques requi\u00e8rent une \u00e9valuation de la g\u00e9ologie en 3D. <a href=\"https:\/\/www.isska.ch\/pdf\/Fr\/Rd\/ISSKA_Brochure_KARSYS_FR.pdf\" data-wplink-url-error=\"true\" target=\"_blank\" rel=\"noopener\"><u>KARSYS<\/u><\/a> est une approche d\u00e9ductive bas\u00e9e sur la g\u00e9ologie du site et sur des principes hydrauliques gouvernant la karstification. Sur un site d\u00e9fini, l\u2019approche se d\u00e9ploie en quatre \u00e9tapes : (1) identification des propri\u00e9t\u00e9s karstiques des aquif\u00e8res, (2) \u00e9tablissement d\u2019un mod\u00e8le g\u00e9ologique 3D des unit\u00e9s aquif\u00e8res, (3) \u00e9tablissement d\u2019un mod\u00e8le hydrog\u00e9ologique 3D des aquif\u00e8res par int\u00e9gration des donn\u00e9es hydrologiques et (4) identification et d\u00e9limitation des syst\u00e8mes d\u2019\u00e9coulement.<br \/> Elle aboutit :<\/p>\n<ul>\n<li>\u00e0 la d\u00e9limitation des bassins des sources;<\/li>\n<li>\u00e0 l&rsquo;\u00e9valuation du volume de la r\u00e9serve d&rsquo;eau souterraine;<\/li>\n<li>\u00e0 une esquisse du cheminement de l&rsquo;eau sous terre.<\/li>\n<\/ul>\n<p>Les fonctionnalit\u00e9s de <a href=\"https:\/\/www.visualkarsys.com\/\" data-wplink-url-error=\"true\" target=\"_blank\" rel=\"noopener\"><u>VisualKARSYS<\/u><\/a>, service en ligne permettant de construire et visualiser les mod\u00e8les KARSYS, sont constamment am\u00e9lior\u00e9es.<\/p>\n<p>Les d\u00e9veloppements r\u00e9cents visent \u00e9galement \u00e0 int\u00e9grer les r\u00e9sultats de KARSYS dans le mod\u00e8le de donn\u00e9es d\u00e9fini par la Conf\u00e9d\u00e9ration.<\/p>\n<p>L\u2019ISSKA d\u00e9veloppe et applique KarstMOD (mod\u00e8les hydrologiques et hydrauliques) pour <strong>simuler la dynamique des eaux souterraines<\/strong> et ainsi \u00e9valuer la recharge (infiltration efficace), le stockage,\u00a0et le d\u00e9bit d\u2019un ou de plusieurs exutoire(s) en particulier.<\/p>\n<h6>Protection des eaux<\/h6>\n<p>Sur demande de l&rsquo;Office f\u00e9d\u00e9ral de l&rsquo;environnement (OFEV), l&rsquo;ISSKA a termin\u00e9 la mise \u00e0 jour de la m\u00e9thode EPIK pour l&rsquo;\u00e9valuation de la vulnerabilit\u00e9 des captages aux pollutions. Le processus inclut le d\u00e9veloppement de routines pour cartographier l&rsquo;\u00e9paisseur des sols et l&rsquo;infiltration des eaux dans le karst (carte du karst).<\/p>\n<h6>Instabilit\u00e9s<\/h6>\n<p><a href=\"https:\/\/www.isska.ch\/pdf\/Fr\/Competences\/ISSKA_Brochure_KarstALEA_FR.pdf\" data-wplink-url-error=\"true\" target=\"_blank\" rel=\"noopener\"><u>KarstALEA<\/u><\/a> fournit aux g\u00e9ologues une m\u00e9thode pratique pour \u00e9valuer la karstification. Developp\u00e9e pour le percement de tunnel, elle a \u00e9t\u00e9 \u00e9tendue \u00e0 la pr\u00e9vision des instabilit\u00e9s et effondrements. La m\u00e9thode \u00e9volue encore au fil des applications. <\/p>\n<p><a href=\"https:\/\/www.isska.ch\/pdf\/De\/Kompetenzen\/KarstALEA.pdf\" data-wplink-url-error=\"true\" target=\"_blank\" rel=\"noopener\">KarstALEA: Instructions pratiques \u00e0 t\u00e9l\u00e9charger<\/a> \u00a0<\/p>\n<\/div>\n<\/li>\n<\/ul>\n<p><!--more--><br \/>\n<!-- {\"type\":\"layout\",\"children\":[{\"type\":\"section\",\"props\":{\"css\":\"@media (max-width:759px) {\\n  .el-section {\\n      height: 370px;\\n    }\\n}\\n@media (min-width:760px) {\\n    .el-section {\\n        height: 275px;\\n    }\\n}\\n@media (min-width:1200px) {\\n    .el-section {\\n        height: 340px;\\n    }\\n}\\n@media (min-width:1600px) {\\n    .el-section {\\n        height: 580px;\\n    }\\n}\\n@media (min-width:1600px) and (max-height:1100px) {\\n    .el-section {\\n        height: 460px;\\n    }\\n}\",\"image\":\"wp-content\\\/uploads\\\/2024\\\/01\\\/CreteVaas_2023_RW_5-scaled.jpg\",\"image_position\":\"center-center\",\"image_size\":\"cover\",\"padding\":\"large\",\"style\":\"default\",\"title_breakpoint\":\"xl\",\"title_position\":\"top-left\",\"title_rotation\":\"left\",\"vertical_align\":\"middle\",\"width\":\"default\"},\"children\":[{\"type\":\"row\",\"children\":[{\"type\":\"column\",\"props\":{\"image_position\":\"center-center\",\"position_sticky_breakpoint\":\"m\"},\"children\":[{\"type\":\"button\",\"props\":{\"css\":\".el-content {\\n    font-family: \\\"Century Gothic\\\", Verdana, sans-serif;\\n    }\\n@media (max-width:759px) {\\n  .el-content {\\n    margin: 10px 50px; \\n    width: 250px;\\n    position: relative;\\n    top: 180px;\\n  }\\n}\\n@media (min-width:760px) {\\n  .el-content {\\n    margin: 10px 6px; \\n    width: 217px;\\n    position: relative;\\n    top: 104px;\\n  }\\n}\\n@media (min-width:1200px) {\\n  .el-content {\\n    width: 260px;\\n    margin: 0px 40px;\\n    position: relative;\\n    top: 165px;\\n  }\\n}\\n@media (min-width:1600px) {\\n  .el-content {\\n    margin-top: 250px;\\n }\\n} \\n@media (min-width:1600px) and (max-height:1100px) {\\n  .el-content {\\n    margin-top: 130px;\\n }\\n} \",\"fullwidth\":false,\"grid_column_gap\":\"collapse\",\"grid_row_gap\":\"small\",\"margin\":\"default\",\"position_bottom\":\"-93\",\"position_z_index\":\"2\",\"text_align\":\"center\"},\"children\":[{\"type\":\"button_item\",\"props\":{\"button_style\":\"primary\",\"content\":\"Qui sommes nous\",\"icon_align\":\"left\",\"link\":\"https:\\\/\\\/www.isska.ch\\\/qui-sommes-nous\"}},{\"type\":\"button_item\",\"props\":{\"button_style\":\"primary\",\"content\":\"Comp\\u00e9tences\",\"icon_align\":\"left\",\"link\":\"https:\\\/\\\/www.isska.ch\\\/competences\\\/\"}},{\"type\":\"button_item\",\"props\":{\"button_style\":\"primary\",\"content\":\"Prestations\",\"icon_align\":\"left\",\"link\":\"https:\\\/\\\/www.isska.ch\\\/prestations\\\/\"}}]}]}]}],\"name\":\"Header\"},{\"type\":\"section\",\"props\":{\"css\":\"@media (max-width: 759px) {\\n    .el-row {\\n        padding-top: 135px;\\n    }\\n}\\n@media (max-width: 759px) and (orientation:landscape) {\\n    .el-row {\\n        padding-top: 140px;\\n    }\\n}\\n.el-section {\\n    font-family: 'Century Gothic', Verdana, sans-serif;\\n}\",\"image_position\":\"center-center\",\"style\":\"default\",\"title_breakpoint\":\"xl\",\"title_position\":\"top-left\",\"title_rotation\":\"left\",\"vertical_align\":\"middle\",\"width\":\"default\"},\"children\":[{\"type\":\"row\",\"children\":[{\"type\":\"column\",\"props\":{\"image_position\":\"center-center\",\"position_sticky_breakpoint\":\"m\"},\"children\":[{\"type\":\"breadcrumbs\",\"props\":{\"show_current\":true,\"show_home\":true,\"visibility\":\"s\"},\"name\":\"Breadcrumbs\"},{\"type\":\"headline\",\"props\":{\"content\":\"D\\u00e9veloppement\",\"title_element\":\"h1\"},\"name\":\"Titre\"},{\"type\":\"accordion\",\"props\":{\"collapsible\":true,\"content_column_breakpoint\":\"m\",\"image_align\":\"top\",\"image_grid_breakpoint\":\"m\",\"image_grid_width\":\"1-2\",\"image_svg_color\":\"emphasis\",\"link_style\":\"default\",\"link_text\":\"Read more\",\"show_image\":true,\"show_link\":true},\"children\":[{\"type\":\"accordion_item\",\"props\":{\"content\":\"\n\n<p>Des capteurs de temp\\u00e9rature, de pression, de CO2, de vitesse de courant d'air et parfois d'autres param\\u00e8tres (p.ex. taux de radon) sont n\\u00e9cessaires pour comprendre le climat souterrain et les variations des niveaux d'eau.<\\\/p>\\n\n\n<p>La plupart des instruments du march\\u00e9 fonctionnent mal dans cet environnement exigeant (humidit\\u00e9 tr\\u00e8s \\u00e9lev\\u00e9e, conditions aquatiques et\\\/ou boueuses, absence d'\\u00e9lectricit\\u00e9, etc). L\\u2019ISSKA d\\u00e9veloppe et teste ses instruments sur le terrain et d\\u00e9veloppe des solutions adapt\\u00e9es \\u00e0 chaque cas d\\u2019\\u00e9tude.<\\\/p>\",\"title\":\"Instrumentation\"}},{\"type\":\"accordion_item\",\"props\":{\"content\":\"\n\n<p>L\\u2019ISSKA d\\u00e9veloppe et propose des m\\u00e9thodes sp\\u00e9cifiques pour caract\\u00e9riser et g\\u00e9rer le milieu karstique.<\\\/p>\\n\n\n<h6>Ressources en eau<\\\/h6>\\n\n\n<p>Les eaux souterraines karstiques requi\\u00e8rent une \\u00e9valuation de la g\\u00e9ologie en 3D. <a href=\\\"https:\\\/\\\/www.isska.ch\\\/pdf\\\/Fr\\\/Rd\\\/ISSKA_Brochure_KARSYS_FR.pdf\\\" data-wplink-url-error=\\\"true\\\" target=\\\"_blank\\\" rel=\\\"noopener\\\"><u>KARSYS<\\\/u><\\\/a> est une approche d\\u00e9ductive bas\\u00e9e sur la g\\u00e9ologie du site et sur des principes hydrauliques gouvernant la karstification. Sur un site d\\u00e9fini, l\\u2019approche se d\\u00e9ploie en quatre \\u00e9tapes : (1) identification des propri\\u00e9t\\u00e9s karstiques des aquif\\u00e8res, (2) \\u00e9tablissement d\\u2019un mod\\u00e8le g\\u00e9ologique 3D des unit\\u00e9s aquif\\u00e8res, (3) \\u00e9tablissement d\\u2019un mod\\u00e8le hydrog\\u00e9ologique 3D des aquif\\u00e8res par int\\u00e9gration des donn\\u00e9es hydrologiques et (4) identification et d\\u00e9limitation des syst\\u00e8mes d\\u2019\\u00e9coulement.<br \/> Elle aboutit :<\\\/p>\\n\n\n<ul>\\n\n\n<li>\\u00e0 la d\\u00e9limitation des bassins des sources;<\\\/li>\\n\n\n<li>\\u00e0 l'\\u00e9valuation du volume de la r\\u00e9serve d'eau souterraine;<\\\/li>\\n\n\n<li>\\u00e0 une esquisse du cheminement de l'eau sous terre.<\\\/li>\\n<\\\/ul>\\n\n\n<p>Les fonctionnalit\\u00e9s de <a href=\\\"https:\\\/\\\/www.visualkarsys.com\\\/\\\" data-wplink-url-error=\\\"true\\\" target=\\\"_blank\\\" rel=\\\"noopener\\\"><u>VisualKARSYS<\\\/u><\\\/a>, service en ligne permettant de construire et visualiser les mod\\u00e8les KARSYS, sont constamment am\\u00e9lior\\u00e9es.<\\\/p>\\n\n\n<p>Les d\\u00e9veloppements r\\u00e9cents visent \\u00e9galement \\u00e0 int\\u00e9grer les r\\u00e9sultats de KARSYS dans le mod\\u00e8le de donn\\u00e9es d\\u00e9fini par la Conf\\u00e9d\\u00e9ration.<\\\/p>\\n\n\n<p>L\\u2019ISSKA d\\u00e9veloppe et applique KarstMOD (mod\\u00e8les hydrologiques et hydrauliques) pour <strong>simuler la dynamique des eaux souterraines<\\\/strong> et ainsi \\u00e9valuer la recharge (infiltration efficace), le stockage,\\u00a0et le d\\u00e9bit d\\u2019un ou de plusieurs exutoire(s) en particulier.<\\\/p>\\n\n\n<h6>Protection des eaux<\\\/h6>\\n\n\n<p>Sur demande de l'Office f\\u00e9d\\u00e9ral de l'environnement (OFEV), l'ISSKA a termin\\u00e9 la mise \\u00e0 jour de la m\\u00e9thode EPIK pour l'\\u00e9valuation de la vulnerabilit\\u00e9 des captages aux pollutions. Le processus inclut le d\\u00e9veloppement de routines pour cartographier l'\\u00e9paisseur des sols et l'infiltration des eaux dans le karst (carte du karst).<\\\/p>\\n\n\n<h6>Instabilit\\u00e9s<\\\/h6>\\n\n\n<p><a href=\\\"https:\\\/\\\/www.isska.ch\\\/pdf\\\/Fr\\\/Competences\\\/ISSKA_Brochure_KarstALEA_FR.pdf\\\" data-wplink-url-error=\\\"true\\\" target=\\\"_blank\\\" rel=\\\"noopener\\\"><u>KarstALEA<\\\/u><\\\/a> fournit aux g\\u00e9ologues une m\\u00e9thode pratique pour \\u00e9valuer la karstification. Developp\\u00e9e pour le percement de tunnel, elle a \\u00e9t\\u00e9 \\u00e9tendue \\u00e0 la pr\\u00e9vision des instabilit\\u00e9s et effondrements. La m\\u00e9thode \\u00e9volue encore au fil des applications. <\\\/p>\\n\n\n<p><a href=\\\"https:\\\/\\\/www.isska.ch\\\/pdf\\\/De\\\/Kompetenzen\\\/KarstALEA.pdf\\\" data-wplink-url-error=\\\"true\\\" target=\\\"_blank\\\" rel=\\\"noopener\\\">KarstALEA: Instructions pratiques \\u00e0 t\\u00e9l\\u00e9charger<\\\/a> \\u00a0<\\\/p>\\n\",\"title\":\"M\\u00e9thodes et outils appliqu\\u00e9s\"}}]}]}]}],\"name\":\"Breadcrumbs_Title_Text_Sub\"}],\"version\":\"4.3.5\"} --><\/p>\n","protected":false},"excerpt":{"rendered":"<p>Qui sommes nous Comp\u00e9tences Prestations D\u00e9veloppement Instrumentation Des capteurs de temp\u00e9rature, de pression, de CO2, de vitesse de courant d&rsquo;air et parfois d&rsquo;autres param\u00e8tres (p.ex. taux de radon) sont n\u00e9cessaires pour comprendre le climat souterrain et les variations des niveaux d&rsquo;eau. La plupart des instruments du march\u00e9 fonctionnent mal dans cet environnement exigeant (humidit\u00e9 tr\u00e8s [&hellip;]<\/p>\n","protected":false},"author":1,"featured_media":0,"parent":186,"menu_order":1,"comment_status":"closed","ping_status":"closed","template":"","meta":{"wp_typography_post_enhancements_disabled":false,"footnotes":""},"categories":[],"tags":[],"class_list":["post-2299","page","type-page","status-publish","hentry"],"_links":{"self":[{"href":"https:\/\/www.isska.ch\/de\/wp-json\/wp\/v2\/pages\/2299","targetHints":{"allow":["GET"]}}],"collection":[{"href":"https:\/\/www.isska.ch\/de\/wp-json\/wp\/v2\/pages"}],"about":[{"href":"https:\/\/www.isska.ch\/de\/wp-json\/wp\/v2\/types\/page"}],"author":[{"embeddable":true,"href":"https:\/\/www.isska.ch\/de\/wp-json\/wp\/v2\/users\/1"}],"replies":[{"embeddable":true,"href":"https:\/\/www.isska.ch\/de\/wp-json\/wp\/v2\/comments?post=2299"}],"version-history":[{"count":2,"href":"https:\/\/www.isska.ch\/de\/wp-json\/wp\/v2\/pages\/2299\/revisions"}],"predecessor-version":[{"id":3935,"href":"https:\/\/www.isska.ch\/de\/wp-json\/wp\/v2\/pages\/2299\/revisions\/3935"}],"up":[{"embeddable":true,"href":"https:\/\/www.isska.ch\/de\/wp-json\/wp\/v2\/pages\/186"}],"wp:attachment":[{"href":"https:\/\/www.isska.ch\/de\/wp-json\/wp\/v2\/media?parent=2299"}],"wp:term":[{"taxonomy":"category","embeddable":true,"href":"https:\/\/www.isska.ch\/de\/wp-json\/wp\/v2\/categories?post=2299"},{"taxonomy":"post_tag","embeddable":true,"href":"https:\/\/www.isska.ch\/de\/wp-json\/wp\/v2\/tags?post=2299"}],"curies":[{"name":"wp","href":"https:\/\/api.w.org\/{rel}","templated":true}]}}