{"id":1162,"date":"2024-02-26T11:34:33","date_gmt":"2024-02-26T10:34:33","guid":{"rendered":"https:\/\/www.isska.ch\/fr\/?page_id=1162"},"modified":"2025-12-17T11:10:01","modified_gmt":"2025-12-17T10:10:01","slug":"archaeozoology","status":"publish","type":"page","link":"https:\/\/www.isska.ch\/en\/competences\/archeozoologie\/","title":{"rendered":"Ar\u00adchaeo\u00adzoo\u00adlo\u00adgy"},"content":{"rendered":"<ul>\n<li>\n        <a href=\"https:\/\/www.isska.ch\/qui-sommes-nous\">Qui sommes-nous?<\/a>\n    <\/li>\n<li>\n        <a href=\"https:\/\/www.isska.ch\/competences\/\">Comp\u00e9tences<\/a>\n    <\/li>\n<li>\n        <a href=\"https:\/\/www.isska.ch\/prestations\/\">Prestations<\/a>\n    <\/li>\n<\/ul>\n<h2>Plateforme Arch\u00e9ozoologie<\/h2>\n<div>\n<p>La plateforme d\u2019arch\u00e9ozoologie est un service que l&rsquo;ISSKA met \u00e0 disposition des sp\u00e9l\u00e9ologues et des services sp\u00e9cialis\u00e9s des cantons. Elle vise \u00e0 informer r\u00e9ciproquement les acteurs de d\u00e9couvertes d&rsquo;ossements et les responsables de la protection des g\u00e9otopes, les chercheurs et les conservateurs de collections pal\u00e9ontologiques. Le premier objectif de la plateforme est d&rsquo;assurer une identification correcte des restes d\u00e9couverts en grotte et de communiquer un rapport aux d\u00e9couvreurs. Le second objectif est d\u2019assurer la conservation \u00e0 long terme de ces d\u00e9couvertes et de les enregistrer dans une base de donn\u00e9es. Le troisi\u00e8me objectif est de valoriser les d\u00e9couvertes d&rsquo;int\u00e9r\u00eat patrimonial par des datations radiocarbone, des \u00e9tudes sp\u00e9cialis\u00e9es et des publications scientifiques mettant les r\u00e9sultats \u00e0 disposition des chercheurs.<\/p>\n<p>La plateforme \u00e9dite un bulletin d&rsquo;information triennal qui sert d&rsquo;organe de liaison et d&rsquo;\u00e9change d&rsquo;informations entre les sp\u00e9l\u00e9ologues et les services sp\u00e9cialis\u00e9s. L&rsquo;activit\u00e9 de la plateforme est soutenue par la Commission de Sp\u00e9l\u00e9ologie scientifique de l&rsquo;Acad\u00e9mie suisse des sciences naturelles (scnat) et s&rsquo;inscrit dans le programme national pour la conservation du patrimoine sp\u00e9l\u00e9ologique et karstique soutenu par l&rsquo;OFEV.<\/p>\n<\/div>\n<div>\n<h3>Pal\u00e9o bulletins<\/h3>\n<div>\n<ul>\n<li><a href=\"https:\/\/www.isska.ch\/pdf\/Fr\/Competences\/paleo_bulletin_2022.pdf\">2022<\/a><\/li>\n<li><a href=\"https:\/\/www.isska.ch\/pdf\/Fr\/Competences\/paleo_bulletin_2020.pdf\">2020<\/a><\/li>\n<li><a href=\"https:\/\/www.isska.ch\/pdf\/Fr\/Competences\/paleo_bulletin_2018.pdf\">2018<\/a><\/li>\n<li><a href=\"https:\/\/www.isska.ch\/pdf\/Fr\/Competences\/paleo_bulletin_2016.pdf\">2016<\/a><\/li>\n<li><a href=\"https:\/\/www.isska.ch\/pdf\/Fr\/Competences\/paleo_bulletin_2013.pdf\">2013<\/a><\/li>\n<li><a href=\"https:\/\/www.isska.ch\/pdf\/Fr\/Competences\/paleo_bulletin_2010.pdf\">2010<\/a><\/li>\n<li><a href=\"https:\/\/www.isska.ch\/pdf\/Fr\/Competences\/paleo_bulletin_2007.pdf\">2007<\/a><\/li>\n<\/ul>\n<\/div>\n<\/div>\n<p>\n    <a href=\"https:\/\/www.isska.ch\/ossements\/\">Annoncer une d\u00e9couverte<\/a>\n<\/p>\n<p>\n    <a href=\"https:\/\/www.isska.ch\/pdf\/Fr\/Competences\/Prelevements_Archeozoologie_f.pdf\">Instructions de Pr\u00e9l\u00e8vement<\/a>\n<\/p>\n<ul>\n<li>\n<p>        <img decoding=\"async\" src=\"\/wp-content\/uploads\/2024\/04\/Gietroz_VS_RW-scaled.jpg\" alt=\"\"><\/p>\n<div>\n<p>Cr\u00e2ne de bouquetin provenant de la grotte de Gi\u00e9troz (VS). \u00a9 Remy Wenger<\/p>\n<\/div>\n<\/li>\n<li>\n<p>        <img decoding=\"async\" src=\"\/wp-content\/uploads\/2024\/04\/Gietroz-scaled.jpg\" alt=\"\"><\/p>\n<div>\n<p>Fouilles \u00e0 la grotte de Gi\u00e9troz (VS). \u00a9 Michel Blant<\/p>\n<\/div>\n<\/li>\n<\/ul>\n<div>\n<div>\n<h3 style=\"text-align: center;\">Contact<\/h3>\n<p style=\"text-align: center;\"><img loading=\"lazy\" decoding=\"async\" src=\"http:\/\/www.isska.ch\/wp-content\/uploads\/2024\/01\/Mathieu_nb-scaled.jpg\" alt=\"\" width=\"191\" height=\"255\" class=\"alignnone  wp-image-610\" \/><\/p>\n<p style=\"text-align: center;\">Mathieu Luret<br \/><a href=\"mailto:mathieu.luret@isska.ch\">Envoyer un e-mail<\/a><\/p>\n<p><\/div>\n<\/div>\n<p><!--more--><br \/>\n<!-- {\"type\":\"layout\",\"children\":[{\"type\":\"section\",\"props\":{\"css\":\"@media (max-width:759px) {\\n  .el-section {\\n      height: 370px;\\n    }\\n}\\n@media (min-width:760px) {\\n    .el-section {\\n        height: 275px;\\n    }\\n}\\n@media (min-width:1200px) {\\n    .el-section {\\n        height: 340px;\\n    }\\n}\\n@media (min-width:1600px) {\\n    .el-section {\\n        height: 580px;\\n    }\\n}\\n@media (min-width:1600px) and (max-height:1100px) {\\n    .el-section {\\n        height: 460px;\\n    }\\n}\",\"image\":\"wp-content\\\/uploads\\\/2024\\\/04\\\/Paysage2-scaled.jpg\",\"image_position\":\"center-center\",\"image_size\":\"cover\",\"padding\":\"large\",\"style\":\"default\",\"title_breakpoint\":\"xl\",\"title_position\":\"top-left\",\"title_rotation\":\"left\",\"vertical_align\":\"middle\",\"width\":\"default\"},\"children\":[{\"type\":\"row\",\"children\":[{\"type\":\"column\",\"props\":{\"image_position\":\"center-center\",\"position_sticky_breakpoint\":\"m\"},\"children\":[{\"type\":\"button\",\"props\":{\"css\":\".el-content {\\n    font-family: \\\"Century Gothic\\\", Verdana, sans-serif;\\n    }\\n@media (max-width:759px) {\\n  .el-content {\\n    margin: 10px 50px; \\n    width: 250px;\\n    position: relative;\\n    top: 180px;\\n  }\\n}\\n@media (min-width:760px) {\\n  .el-content {\\n    margin: 10px 6px; \\n    width: 217px;\\n    position: relative;\\n    top: 104px;\\n  }\\n}\\n@media (min-width:1200px) {\\n  .el-content {\\n    width: 260px;\\n    margin: 0px 40px;\\n    position: relative;\\n    top: 165px;\\n  }\\n}\\n@media (min-width:1600px) {\\n  .el-content {\\n    margin-top: 250px;\\n }\\n} \\n@media (min-width:1600px) and (max-height:1100px) {\\n  .el-content {\\n    margin-top: 130px;\\n }\\n} \",\"fullwidth\":false,\"grid_column_gap\":\"collapse\",\"grid_row_gap\":\"small\",\"margin\":\"default\",\"position_bottom\":\"-93\",\"position_z_index\":\"2\",\"text_align\":\"center\"},\"children\":[{\"type\":\"button_item\",\"props\":{\"button_style\":\"primary\",\"content\":\"Qui sommes-nous?\",\"icon_align\":\"left\",\"link\":\"https:\\\/\\\/www.isska.ch\\\/qui-sommes-nous\"}},{\"type\":\"button_item\",\"props\":{\"button_style\":\"primary\",\"content\":\"Comp\\u00e9tences\",\"icon_align\":\"left\",\"link\":\"https:\\\/\\\/www.isska.ch\\\/competences\\\/\"}},{\"type\":\"button_item\",\"props\":{\"button_style\":\"primary\",\"content\":\"Prestations\",\"icon_align\":\"left\",\"link\":\"https:\\\/\\\/www.isska.ch\\\/prestations\\\/\"}}]}]}]}],\"name\":\"Header_fr\"},{\"type\":\"section\",\"props\":{\"css\":\"@media (max-width: 759px) {\\n    .el-row {\\n        padding-top: 135px;\\n    }\\n}\\n@media (max-width: 759px) and (orientation:landscape) {\\n    .el-row {\\n        padding-top: 140px;\\n    }\\n}\\n.el-section {\\n    font-family: 'Century Gothic', Verdana, sans-serif;\\n}\",\"image_position\":\"center-center\",\"style\":\"default\",\"title_breakpoint\":\"xl\",\"title_position\":\"top-left\",\"title_rotation\":\"left\",\"vertical_align\":\"middle\",\"width\":\"default\"},\"children\":[{\"type\":\"row\",\"children\":[{\"type\":\"column\",\"props\":{\"image_position\":\"center-center\",\"position_sticky_breakpoint\":\"m\",\"width_medium\":\"3-4\"},\"children\":[{\"type\":\"breadcrumbs\",\"props\":{\"show_current\":true,\"show_home\":true,\"visibility\":\"s\"},\"name\":\"Breadcrumbs\"},{\"type\":\"headline\",\"props\":{\"content\":\"Plateforme Arch\\u00e9ozoologie\",\"title_element\":\"h2\"}},{\"type\":\"text\",\"props\":{\"column_breakpoint\":\"m\",\"content\":\"\n\n<p>La plateforme d\\u2019arch\\u00e9ozoologie est un service que l'ISSKA met \\u00e0 disposition des sp\\u00e9l\\u00e9ologues et des services sp\\u00e9cialis\\u00e9s des cantons. Elle vise \\u00e0 informer r\\u00e9ciproquement les acteurs de d\\u00e9couvertes d'ossements et les responsables de la protection des g\\u00e9otopes, les chercheurs et les conservateurs de collections pal\\u00e9ontologiques. Le premier objectif de la plateforme est d'assurer une identification correcte des restes d\\u00e9couverts en grotte et de communiquer un rapport aux d\\u00e9couvreurs. Le second objectif est d\\u2019assurer la conservation \\u00e0 long terme de ces d\\u00e9couvertes et de les enregistrer dans une base de donn\\u00e9es. Le troisi\\u00e8me objectif est de valoriser les d\\u00e9couvertes d'int\\u00e9r\\u00eat patrimonial par des datations radiocarbone, des \\u00e9tudes sp\\u00e9cialis\\u00e9es et des publications scientifiques mettant les r\\u00e9sultats \\u00e0 disposition des chercheurs.<\\\/p>\\n\n\n<p>La plateforme \\u00e9dite un bulletin d'information triennal qui sert d'organe de liaison et d'\\u00e9change d'informations entre les sp\\u00e9l\\u00e9ologues et les services sp\\u00e9cialis\\u00e9s. L'activit\\u00e9 de la plateforme est soutenue par la Commission de Sp\\u00e9l\\u00e9ologie scientifique de l'Acad\\u00e9mie suisse des sciences naturelles (scnat) et s'inscrit dans le programme national pour la conservation du patrimoine sp\\u00e9l\\u00e9ologique et karstique soutenu par l'OFEV.<\\\/p>\",\"margin\":\"default\"},\"name\":\"Text\"},{\"type\":\"accordion\",\"props\":{\"collapsible\":true,\"content_column_breakpoint\":\"m\",\"content_column_divider\":false,\"content_dropcap\":false,\"image_align\":\"top\",\"image_grid_breakpoint\":\"m\",\"image_grid_width\":\"1-2\",\"image_svg_color\":\"emphasis\",\"link_style\":\"default\",\"link_text\":\"Read more\",\"show_image\":true,\"show_link\":true},\"children\":[{\"type\":\"accordion_item\",\"props\":{\"content\":\"\n\n<ul>\\n\n\n<li><a href=\\\"https:\\\/\\\/www.isska.ch\\\/pdf\\\/Fr\\\/Competences\\\/paleo_bulletin_2022.pdf\\\">2022<\\\/a><\\\/li>\\n\n\n<li><a href=\\\"https:\\\/\\\/www.isska.ch\\\/pdf\\\/Fr\\\/Competences\\\/paleo_bulletin_2020.pdf\\\">2020<\\\/a><\\\/li>\\n\n\n<li><a href=\\\"https:\\\/\\\/www.isska.ch\\\/pdf\\\/Fr\\\/Competences\\\/paleo_bulletin_2018.pdf\\\">2018<\\\/a><\\\/li>\\n\n\n<li><a href=\\\"https:\\\/\\\/www.isska.ch\\\/pdf\\\/Fr\\\/Competences\\\/paleo_bulletin_2016.pdf\\\">2016<\\\/a><\\\/li>\\n\n\n<li><a href=\\\"https:\\\/\\\/www.isska.ch\\\/pdf\\\/Fr\\\/Competences\\\/paleo_bulletin_2013.pdf\\\">2013<\\\/a><\\\/li>\\n\n\n<li><a href=\\\"https:\\\/\\\/www.isska.ch\\\/pdf\\\/Fr\\\/Competences\\\/paleo_bulletin_2010.pdf\\\">2010<\\\/a><\\\/li>\\n\n\n<li><a href=\\\"https:\\\/\\\/www.isska.ch\\\/pdf\\\/Fr\\\/Competences\\\/paleo_bulletin_2007.pdf\\\">2007<\\\/a><\\\/li>\\n<\\\/ul>\",\"title\":\"Pal\\u00e9o bulletins\"}}]},{\"type\":\"button\",\"props\":{\"css\":\".el-content {\\n    font-family: \\\"Century Gothic\\\", Verdana, sans-serif;\\n    }\",\"fullwidth\":true,\"grid_column_gap\":\"small\",\"grid_row_gap\":\"small\",\"margin\":\"default\",\"text_align\":\"center\"},\"children\":[{\"type\":\"button_item\",\"props\":{\"button_style\":\"primary\",\"content\":\"Annoncer une d\\u00e9couverte\",\"icon_align\":\"left\",\"link\":\"https:\\\/\\\/www.isska.ch\\\/ossements\\\/\"}}],\"name\":\"Button_Annoncez_trouvaille\"},{\"type\":\"fragment\",\"props\":{\"margin\":\"default\",\"status\":\"disabled\"},\"children\":[{\"type\":\"row\",\"props\":{\"layout\":\"1-2,1-2\"},\"children\":[{\"type\":\"column\",\"props\":{\"image_position\":\"center-center\",\"position_sticky_breakpoint\":\"m\",\"width_medium\":\"1-2\"},\"children\":[{\"type\":\"button\",\"props\":{\"grid_column_gap\":\"small\",\"grid_row_gap\":\"small\",\"margin\":\"default\",\"text_align\":\"left\"},\"children\":[{\"type\":\"button_item\",\"props\":{\"button_style\":\"primary\",\"content\":\"Instructions de Pr\\u00e9l\\u00e8vement\",\"icon\":\"file-text\",\"icon_align\":\"left\",\"link\":\"https:\\\/\\\/www.isska.ch\\\/pdf\\\/Fr\\\/Competences\\\/Prelev_adeq_Archeozoo_fr.pdf\"}}]}]},{\"type\":\"column\",\"props\":{\"image_position\":\"center-center\",\"position_sticky_breakpoint\":\"m\",\"width_medium\":\"1-2\"},\"children\":[{\"type\":\"html\",\"props\":{\"content\":\"<button uk-icon=\\\"icon: file-text\\\" class=\\\"uk-button uk-width-1-1 uk-button-primary\\\" type=\\\"button\\\"> Pal\\u00e9o Bulletin<\\\/button>\\n\n\n<div class=\\\"uk-width-1-2\\\" uk-dropdown=\\\"animation: uk-animation-slide-top-small; duration: 500; animate-out: true\\\">\\n    \n\n<ul class=\\\"uk-nav uk-dropdown-nav\\\">\\n        \n\n<h1 class=\\\"uk-nav-header uk-heading-bullet\\\">Publications<\\\/h1>\\n        \n\n<li><a target=\\\"_blank\\\" href=\\\"https:\\\/\\\/www.isska.ch\\\/pdf\\\/Fr\\\/Competences\\\/paleo_bulletin_2022.pdf\\\" download>Pal\\u00e9o Bulletin 2022<\\\/a><\\\/li>\\n        \n\n<li><a target=\\\"_blank\\\" href=\\\"https:\\\/\\\/www.isska.ch\\\/pdf\\\/Fr\\\/Competences\\\/paleo_bulletin_2020.pdf\\\" download>Pal\\u00e9o Bulletin 2020<\\\/a><\\\/li>\\n        \n\n<li><a target=\\\"_blank\\\" href=\\\"https:\\\/\\\/www.isska.ch\\\/pdf\\\/Fr\\\/Competences\\\/paleo_bulletin_2018.pdf\\\" download>Pal\\u00e9o Bulletin 2018<\\\/a><\\\/li>\\n        \n\n<li><a target=\\\"_blank\\\" href=\\\"https:\\\/\\\/www.isska.ch\\\/pdf\\\/Fr\\\/Competences\\\/paleo_bulletin_2016.pdf\\\" download>Pal\\u00e9o Bulletin 2016<\\\/a><\\\/li>\\n\\t\\t\n\n<li><a target=\\\"_blank\\\" href=\\\"https:\\\/\\\/www.isska.ch\\\/pdf\\\/Fr\\\/Competences\\\/paleo_bulletin_2013.pdf\\\" download>Pal\\u00e9o Bulletin 2013<\\\/a>\\n<\\\/li>\\n\\t\\t\n\n<li><a target=\\\"_blank\\\" href=\\\"https:\\\/\\\/www.isska.ch\\\/pdf\\\/Fr\\\/Competences\\\/paleo_bulletin_2010.pdf\\\" download>Pal\\u00e9o Bulletin 2010<\\\/a>\\n<\\\/li>\\n        \n\n<li><a target=\\\"_blank\\\" href=\\\"https:\\\/\\\/www.isska.ch\\\/pdf\\\/Fr\\\/Competences\\\/paleo_bulletin_2007.pdf\\\" download>Pal\\u00e9o Bulletin 2007<\\\/a>\\n<\\\/li>        \\n    <\\\/ul>\\n<\\\/div>\",\"css\":\".el-element {\\n       margin-bottom: 50px;\\n}\"},\"name\":\"Dropdown_Button\"}]}]}]},{\"type\":\"fragment\",\"props\":{\"margin\":\"default\"},\"children\":[{\"type\":\"row\",\"children\":[{\"type\":\"column\",\"props\":{\"image_position\":\"center-center\",\"position_sticky_breakpoint\":\"m\"},\"children\":[{\"type\":\"button\",\"props\":{\"fullwidth\":true,\"grid_column_gap\":\"small\",\"grid_row_gap\":\"small\",\"margin\":\"default\",\"text_align\":\"left\"},\"children\":[{\"type\":\"button_item\",\"props\":{\"button_style\":\"primary\",\"content\":\"Instructions de Pr\\u00e9l\\u00e8vement\",\"icon\":\"file-text\",\"icon_align\":\"left\",\"link\":\"https:\\\/\\\/www.isska.ch\\\/pdf\\\/Fr\\\/Competences\\\/Prelevements_Archeozoologie_f.pdf\",\"link_target\":\"blank\"}}]}]}]}]},{\"type\":\"overlay-slider\",\"props\":{\"content_margin\":\"small\",\"content_style\":\"text-small\",\"link_style\":\"default\",\"link_text\":\"Read more\",\"margin\":\"default\",\"meta_align\":\"below-title\",\"meta_element\":\"div\",\"meta_style\":\"text-meta\",\"nav\":\"dotnav\",\"nav_align\":\"center\",\"nav_breakpoint\":\"\",\"overlay_display\":\"hover\",\"overlay_link\":false,\"overlay_mode\":\"caption\",\"overlay_padding\":\"small\",\"overlay_position\":\"bottom\",\"overlay_style\":\"overlay-default\",\"overlay_transition\":\"fade\",\"show_content\":true,\"show_hover_image\":true,\"show_link\":true,\"show_meta\":true,\"show_title\":true,\"slidenav\":\"default\",\"slidenav_breakpoint\":\"s\",\"slidenav_margin\":\"medium\",\"slidenav_outside_breakpoint\":\"xl\",\"slider_autoplay_pause\":true,\"slider_gap\":\"default\",\"slider_width\":\"\",\"slider_width_default\":\"1-1\",\"slider_width_medium\":\"1-3\",\"text_align\":\"center\",\"title_element\":\"h3\",\"title_hover_style\":\"reset\"},\"children\":[{\"type\":\"overlay-slider_item\",\"props\":{\"content\":\"\n\n<p>Cr\\u00e2ne de bouquetin provenant de la grotte de Gi\\u00e9troz (VS). \\u00a9 Remy Wenger<\\\/p>\",\"image\":\"wp-content\\\/uploads\\\/2024\\\/04\\\/Gietroz_VS_RW-scaled.jpg\",\"text_color\":\"light\",\"title\":\"\"}},{\"type\":\"overlay-slider_item\",\"props\":{\"content\":\"\n\n<p>Fouilles \\u00e0 la grotte de Gi\\u00e9troz (VS). \\u00a9 Michel Blant<\\\/p>\",\"image\":\"wp-content\\\/uploads\\\/2024\\\/04\\\/Gietroz-scaled.jpg\"}}],\"name\":\"Photo Slide\"}]},{\"type\":\"column\",\"props\":{\"image_position\":\"center-center\",\"position_sticky_breakpoint\":\"m\",\"width_medium\":\"1-4\"},\"children\":[{\"type\":\"panel\",\"props\":{\"content\":\"\n\n<h3 style=\\\"text-align: center;\\\"><br \\\/>Contact<\\\/h3>\\n\n\n<p style=\\\"text-align: center;\\\"><img src=\\\"http:\\\/\\\/www.isska.ch\\\/wp-content\\\/uploads\\\/2024\\\/01\\\/Mathieu_nb-scaled.jpg\\\" alt=\\\"\\\" width=\\\"191\\\" height=\\\"255\\\" class=\\\"alignnone  wp-image-610\\\" \\\/><\\\/p>\\n\n\n<p style=\\\"text-align: center;\\\">Mathieu Luret<br \\\/><a href=\\\"mailto:mathieu.luret@isska.ch\\\">Envoyer un e-mail<\\\/a><\\\/p><br \\\/>\",\"content_column_breakpoint\":\"m\",\"icon_width\":80,\"image\":\"\",\"image_align\":\"top\",\"image_grid_breakpoint\":\"m\",\"image_grid_width\":\"1-2\",\"image_svg_color\":\"emphasis\",\"image_width\":200,\"link_style\":\"default\",\"link_text\":\"Read more\",\"margin\":\"default\",\"meta_align\":\"below-title\",\"meta_element\":\"div\",\"meta_style\":\"text-meta\",\"panel_style\":\"card-default\",\"title_align\":\"top\",\"title_element\":\"h3\",\"title_grid_breakpoint\":\"m\",\"title_grid_width\":\"1-2\",\"title_hover_style\":\"reset\"},\"name\":\"Contact_Comp\"}]}],\"props\":{\"layout\":\"3-4,1-4\"}}]}],\"version\":\"4.3.5\"} --><\/p>\n","protected":false},"excerpt":{"rendered":"<p>Qui sommes-nous? Comp\u00e9tences Prestations Plateforme Arch\u00e9ozoologie La plateforme d\u2019arch\u00e9ozoologie est un service que l&rsquo;ISSKA met \u00e0 disposition des sp\u00e9l\u00e9ologues et des services sp\u00e9cialis\u00e9s des cantons. Elle vise \u00e0 informer r\u00e9ciproquement les acteurs de d\u00e9couvertes d&rsquo;ossements et les responsables de la protection des g\u00e9otopes, les chercheurs et les conservateurs de collections pal\u00e9ontologiques. Le premier objectif de [&hellip;]<\/p>\n","protected":false},"author":1,"featured_media":0,"parent":189,"menu_order":1,"comment_status":"closed","ping_status":"closed","template":"","meta":{"wp_typography_post_enhancements_disabled":false,"footnotes":""},"categories":[],"tags":[],"class_list":["post-1162","page","type-page","status-publish","hentry"],"_links":{"self":[{"href":"https:\/\/www.isska.ch\/en\/wp-json\/wp\/v2\/pages\/1162","targetHints":{"allow":["GET"]}}],"collection":[{"href":"https:\/\/www.isska.ch\/en\/wp-json\/wp\/v2\/pages"}],"about":[{"href":"https:\/\/www.isska.ch\/en\/wp-json\/wp\/v2\/types\/page"}],"author":[{"embeddable":true,"href":"https:\/\/www.isska.ch\/en\/wp-json\/wp\/v2\/users\/1"}],"replies":[{"embeddable":true,"href":"https:\/\/www.isska.ch\/en\/wp-json\/wp\/v2\/comments?post=1162"}],"version-history":[{"count":16,"href":"https:\/\/www.isska.ch\/en\/wp-json\/wp\/v2\/pages\/1162\/revisions"}],"predecessor-version":[{"id":4145,"href":"https:\/\/www.isska.ch\/en\/wp-json\/wp\/v2\/pages\/1162\/revisions\/4145"}],"up":[{"embeddable":true,"href":"https:\/\/www.isska.ch\/en\/wp-json\/wp\/v2\/pages\/189"}],"wp:attachment":[{"href":"https:\/\/www.isska.ch\/en\/wp-json\/wp\/v2\/media?parent=1162"}],"wp:term":[{"taxonomy":"category","embeddable":true,"href":"https:\/\/www.isska.ch\/en\/wp-json\/wp\/v2\/categories?post=1162"},{"taxonomy":"post_tag","embeddable":true,"href":"https:\/\/www.isska.ch\/en\/wp-json\/wp\/v2\/tags?post=1162"}],"curies":[{"name":"wp","href":"https:\/\/api.w.org\/{rel}","templated":true}]}}