{"id":1209,"date":"2024-03-11T14:21:57","date_gmt":"2024-03-11T13:21:57","guid":{"rendered":"https:\/\/www.isska.ch\/?page_id=1209"},"modified":"2025-11-17T16:45:28","modified_gmt":"2025-11-17T15:45:28","slug":"geocomputing","status":"publish","type":"page","link":"https:\/\/www.isska.ch\/en\/competences\/geocomputing\/","title":{"rendered":"Geo\u00adcom\u00adpu\u00adting"},"content":{"rendered":"<ul>\n<li>\n        <a href=\"https:\/\/www.isska.ch\/qui-sommes-nous\">Qui sommes-nous?<\/a>\n    <\/li>\n<li>\n        <a href=\"https:\/\/www.isska.ch\/competences\/\">Comp\u00e9tences<\/a>\n    <\/li>\n<li>\n        <a href=\"https:\/\/www.isska.ch\/prestations\/\">Prestations<\/a>\n    <\/li>\n<\/ul>\n<h1>G\u00e9ocomputing<\/h1>\n<div>\n<style>\n    .open-link {\n        font-weight: bold;\n        color: #B39A20;\n    }\n<\/style>\n<p>L\u2019ISSKA d\u00e9veloppe r\u00e9guli\u00e8rement des outils num\u00e9riques pour la gestion, le traitement et la visualisation de donn\u00e9es spatiales (g\u00e9ologie 3D, ressources en eaux, r\u00e9seaux sp\u00e9l\u00e9ologiques, etc.) ou temporelles (simulation de recharge et de d\u00e9bits, flux d\u2019\u00e9nergie, etc.) relatives au milieu souterrain.<br \/>\nCes outils sont utilis\u00e9s pour les besoins en interne des collaborateurs ou mis \u00e0 disposition des g\u00e9ologues et hydrog\u00e9ologues, notamment via le webservice <a href=\"https:\/\/www.visualkarsys.com\/\" class='open-link' target=\"_blank\" >visualkarsys.com<\/a> ou la plateforme <a href=\"https:\/\/github.com\/ISSKA\" class='open-link' target=\"_blank\" >GitHub ISSKA.<\/a><br \/>\nLes d\u00e9veloppements peuvent aussi \u00eatre r\u00e9alis\u00e9s sur mandat par des institutions publiques ou des entreprises priv\u00e9es qui souhaitent b\u00e9n\u00e9ficier d\u2019outils sp\u00e9cifiques ou d\u2019un support num\u00e9rique pour la gestion et l\u2019exploitation de leur donn\u00e9es g\u00e9ologiques ou hydrog\u00e9ologiques.<\/p>\n<\/div>\n<h4>Comp\u00e9tences principales de programmation<\/h4>\n<ul>\n<li>\n<div>Python<\/div>\n<\/li>\n<li>\n<div>JavaScript<\/div>\n<\/li>\n<li>\n<div>TypeScript<\/div>\n<\/li>\n<li>\n<div>Rest API<\/div>\n<\/li>\n<li>\n<div>Docker<\/div>\n<\/li>\n<li>\n<div>PostGis<\/div>\n<\/li>\n<li>\n<div>Tailwind CSS<\/div>\n<\/li>\n<\/ul>\n<h4>Domaines de programmation<\/h4>\n<ul>\n<li>\n<div>GIS Software<\/div>\n<\/li>\n<li>\n<div>Data Processing 2D\/3D<\/div>\n<\/li>\n<li>\n<div>GeoModelling<\/div>\n<\/li>\n<li>\n<div>Scripts<\/div>\n<\/li>\n<li>\n<div>Web<\/div>\n<\/li>\n<li>\n<div>Server<\/div>\n<\/li>\n<\/ul>\n<ul>\n<li>\n<p>        <img decoding=\"async\" src=\"\/wp-content\/uploads\/2025\/11\/Beuchire_3D2.jpg\" alt=\"\"><\/p>\n<div>\n<p>Mod\u00e9lisation des \u00e9coulements d&rsquo;eaux souterraines. \u00a9 ISSKA<\/p>\n<\/div>\n<\/li>\n<li>\n<p>        <img decoding=\"async\" src=\"\/wp-content\/uploads\/2025\/11\/Modele_Convers2.jpg\" alt=\"\"><\/p>\n<div>\n<p>Mod\u00e8le g\u00e9ologique 3D dans la r\u00e9gion des Convers (NE). \u00a9 ISSKA<\/p>\n<\/div>\n<\/li>\n<li>\n<p>        <img decoding=\"async\" src=\"\/wp-content\/uploads\/2025\/11\/carte_vulnerabilite_pour_site_web2.jpg\" alt=\"\"><\/p>\n<div>\n<p>Carte de la vuln\u00e9rabilit\u00e9 du karst dans le canton du Saint-Gall. \u00a9ISSKA<\/p>\n<\/div>\n<\/li>\n<\/ul>\n<h3>Partenaires en g\u00e9ocomputing<\/h3>\n<ul>\n<li>\n<div>\n<p><a href=\"https:\/\/www.bafu.admin.ch\/bafu\/fr\/home.html\" target=\"_blank\" rel=\"noopener\"><img loading=\"lazy\" decoding=\"async\" src=\"http:\/\/www.isska.ch\/wp-content\/uploads\/2024\/02\/Logo_OFEV-300x164.jpg\" alt=\"\" width=\"300\" height=\"164\" class=\"alignnone size-medium wp-image-858\" srcset=\"https:\/\/www.isska.ch\/wp-content\/uploads\/2024\/02\/Logo_OFEV-300x164.jpg 300w, https:\/\/www.isska.ch\/wp-content\/uploads\/2024\/02\/Logo_OFEV-1024x559.jpg 1024w, https:\/\/www.isska.ch\/wp-content\/uploads\/2024\/02\/Logo_OFEV-768x419.jpg 768w, https:\/\/www.isska.ch\/wp-content\/uploads\/2024\/02\/Logo_OFEV-1536x838.jpg 1536w, https:\/\/www.isska.ch\/wp-content\/uploads\/2024\/02\/Logo_OFEV-2048x1118.jpg 2048w\" sizes=\"(max-width: 300px) 100vw, 300px\" \/><\/a><\/p>\n<\/div>\n<\/li>\n<li>\n<div>\n<p><a href=\"https:\/\/crealp.ch\/\" target=\"_blank\" rel=\"noopener\"><img loading=\"lazy\" decoding=\"async\" src=\"http:\/\/www.isska.ch\/wp-content\/uploads\/2024\/03\/Crealp.png\" alt=\"\" width=\"300\" height=\"167\" class=\"alignnone size-medium wp-image-863\" \/><\/a><\/p>\n<\/div>\n<\/li>\n<li>\n<div>\n<p><a href=\"https:\/\/naito.one\/\" target=\"_blank\" rel=\"noopener\"><img loading=\"lazy\" decoding=\"async\" src=\"http:\/\/www.isska.ch\/wp-content\/uploads\/2024\/03\/Naito-One.jpg\" alt=\"\" width=\"300\" height=\"187\" class=\"alignnone size-medium wp-image-850\" \/><\/a><\/p>\n<\/div>\n<\/li>\n<li>\n<div>\n<p><a href=\"https:\/\/www.fhnw.ch\/de\/die-fhnw\/hochschulen\/ht\/institute\/institut-fuer-data-science\" target=\"_blank\" rel=\"noopener\"><img loading=\"lazy\" decoding=\"async\" src=\"http:\/\/www.isska.ch\/wp-content\/uploads\/2024\/02\/Logo_i4ds-300x300.png\" alt=\"\" width=\"133\" height=\"133\" class=\"alignnone  wp-image-855\" srcset=\"https:\/\/www.isska.ch\/wp-content\/uploads\/2024\/02\/Logo_i4ds-300x300.png 300w, https:\/\/www.isska.ch\/wp-content\/uploads\/2024\/02\/Logo_i4ds-150x150.png 150w, https:\/\/www.isska.ch\/wp-content\/uploads\/2024\/02\/Logo_i4ds.png 320w\" sizes=\"(max-width: 133px) 100vw, 133px\" \/><\/a><\/p>\n<\/div>\n<\/li>\n<li>\n<div>\n<p><a href=\"https:\/\/www.swisstopo.admin.ch\/fr\" target=\"_blank\" rel=\"noopener\"><img loading=\"lazy\" decoding=\"async\" src=\"http:\/\/www.isska.ch\/wp-content\/uploads\/2024\/03\/Logo_Swisstopo-1.jpg\" alt=\"\" width=\"300\" height=\"187\" class=\"alignnone size-medium wp-image-850\" \/><\/a><\/p>\n<\/div>\n<\/li>\n<li>\n<div>\n<p><a href=\"https:\/\/www.brgm.fr\/fr\" target=\"_blank\" rel=\"noopener\"><img loading=\"lazy\" decoding=\"async\" src=\"http:\/\/www.isska.ch\/wp-content\/uploads\/2024\/02\/Logo_BRGM-300x116.png\" alt=\"\" width=\"300\" height=\"116\" class=\"alignnone size-medium wp-image-1096\" srcset=\"https:\/\/www.isska.ch\/wp-content\/uploads\/2024\/02\/Logo_BRGM-300x116.png 300w, https:\/\/www.isska.ch\/wp-content\/uploads\/2024\/02\/Logo_BRGM-1024x397.png 1024w, https:\/\/www.isska.ch\/wp-content\/uploads\/2024\/02\/Logo_BRGM-768x298.png 768w, https:\/\/www.isska.ch\/wp-content\/uploads\/2024\/02\/Logo_BRGM-18x7.png 18w, https:\/\/www.isska.ch\/wp-content\/uploads\/2024\/02\/Logo_BRGM.png 1280w\" sizes=\"(max-width: 300px) 100vw, 300px\" \/><\/a><\/p>\n<\/div>\n<\/li>\n<li>\n<div>\n<p><a href=\"https:\/\/www.danone.com\/brands\/waters.html\" target=\"_blank\" rel=\"noopener\"><img loading=\"lazy\" decoding=\"async\" src=\"http:\/\/www.isska.ch\/wp-content\/uploads\/2024\/03\/Logo_Danone.jpg\" alt=\"\" width=\"120\" height=\"150\" class=\"alignnone size-medium wp-image-861\" \/><\/a><\/p>\n<\/div>\n<\/li>\n<li>\n<div>\n<p><a href=\"https:\/\/www.eaurmc.fr\/\" target=\"_blank\" rel=\"noopener\"><img loading=\"lazy\" decoding=\"async\" src=\"http:\/\/www.isska.ch\/wp-content\/uploads\/2024\/03\/Logo_agence.png\" alt=\"\" width=\"150\" height=\"88\" class=\"alignnone size-medium wp-image-1039\" \/><\/a><\/p>\n<\/div>\n<\/li>\n<li>\n<div>\n<p><a href=\"https:\/\/www.valais.ch\/fr\/home\" target=\"_blank\" rel=\"noopener\"><img loading=\"lazy\" decoding=\"async\" src=\"http:\/\/www.isska.ch\/wp-content\/uploads\/2024\/02\/Logo_Valais-300x167.png\" alt=\"\" width=\"300\" height=\"167\" class=\"alignnone size-medium wp-image-1099\" srcset=\"https:\/\/www.isska.ch\/wp-content\/uploads\/2024\/02\/Logo_Valais-300x167.png 300w, https:\/\/www.isska.ch\/wp-content\/uploads\/2024\/02\/Logo_Valais-768x427.png 768w, https:\/\/www.isska.ch\/wp-content\/uploads\/2024\/02\/Logo_Valais-18x10.png 18w, https:\/\/www.isska.ch\/wp-content\/uploads\/2024\/02\/Logo_Valais.png 900w\" sizes=\"(max-width: 300px) 100vw, 300px\" \/><\/a><\/p>\n<\/div>\n<\/li>\n<\/ul>\n<div>\n<div>\n<h3 style=\"text-align: center;\">Contact<\/h3>\n<p style=\"text-align: center;\"><img loading=\"lazy\" decoding=\"async\" src=\"http:\/\/www.isska.ch\/wp-content\/uploads\/2024\/02\/Arnauld_nb.jpg\" alt=\"\" width=\"191\" height=\"255\" class=\"alignnone  wp-image-610\" \/><\/p>\n<p style=\"text-align: center;\">Arnauld Malard<br \/><a href=\"mailto:arnauld.malard@isska.ch\">Envoyer un e-mail<\/a><\/p>\n<p><\/div>\n<\/div>\n<p><a href=\"https:\/\/www.linkedin.com\/in\/arnauld-malard-15326227\/recent-activity\/all\/\">[linkedin]<\/a><br \/>\n<a href=\"https:\/\/twitter.com\/Visual_KARSYS\">[x]<\/a><\/p>\n<p><!--more--><br \/>\n<!-- {\"type\":\"layout\",\"children\":[{\"type\":\"section\",\"props\":{\"css\":\"@media (max-width:759px) {\\n  .el-section {\\n      height: 370px;\\n    }\\n}\\n@media (min-width:760px) {\\n    .el-section {\\n        height: 275px;\\n    }\\n}\\n@media (min-width:1200px) {\\n    .el-section {\\n        height: 340px;\\n    }\\n}\\n@media (min-width:1600px) {\\n    .el-section {\\n        height: 580px;\\n    }\\n}\\n@media (min-width:1600px) and (max-height:1100px) {\\n    .el-section {\\n        height: 460px;\\n    }\\n}\",\"image\":\"wp-content\\\/uploads\\\/2024\\\/01\\\/CreteVaas_2023_RW_5-scaled.jpg\",\"image_position\":\"center-center\",\"image_size\":\"cover\",\"padding\":\"large\",\"style\":\"default\",\"title_breakpoint\":\"xl\",\"title_position\":\"top-left\",\"title_rotation\":\"left\",\"vertical_align\":\"middle\",\"width\":\"default\"},\"children\":[{\"type\":\"row\",\"children\":[{\"type\":\"column\",\"props\":{\"image_position\":\"center-center\",\"position_sticky_breakpoint\":\"m\"},\"children\":[{\"type\":\"button\",\"props\":{\"css\":\".el-content {\\n    font-family: \\\"Century Gothic\\\", Verdana, sans-serif;\\n    }\\n@media (max-width:759px) {\\n  .el-content {\\n    margin: 10px 50px; \\n    width: 250px;\\n    position: relative;\\n    top: 180px;\\n  }\\n}\\n@media (min-width:760px) {\\n  .el-content {\\n    margin: 10px 6px; \\n    width: 217px;\\n    position: relative;\\n    top: 104px;\\n  }\\n}\\n@media (min-width:1200px) {\\n  .el-content {\\n    width: 260px;\\n    margin: 0px 40px;\\n    position: relative;\\n    top: 165px;\\n  }\\n}\\n@media (min-width:1600px) {\\n  .el-content {\\n    margin-top: 250px;\\n }\\n} \\n@media (min-width:1600px) and (max-height:1100px) {\\n  .el-content {\\n    margin-top: 130px;\\n }\\n} \",\"fullwidth\":false,\"grid_column_gap\":\"collapse\",\"grid_row_gap\":\"small\",\"margin\":\"default\",\"position_bottom\":\"-93\",\"position_z_index\":\"2\",\"text_align\":\"center\"},\"children\":[{\"type\":\"button_item\",\"props\":{\"button_style\":\"primary\",\"content\":\"Qui sommes-nous?\",\"icon_align\":\"left\",\"link\":\"https:\\\/\\\/www.isska.ch\\\/qui-sommes-nous\"}},{\"type\":\"button_item\",\"props\":{\"button_style\":\"primary\",\"content\":\"Comp\\u00e9tences\",\"icon_align\":\"left\",\"link\":\"https:\\\/\\\/www.isska.ch\\\/competences\\\/\"}},{\"type\":\"button_item\",\"props\":{\"button_style\":\"primary\",\"content\":\"Prestations\",\"icon_align\":\"left\",\"link\":\"https:\\\/\\\/www.isska.ch\\\/prestations\\\/\"}}]}]}]}],\"name\":\"Header_fr\"},{\"type\":\"section\",\"props\":{\"css\":\"@media (max-width: 759px) {\\n    .el-row {\\n        padding-top: 135px;\\n    }\\n}\\n@media (max-width: 759px) and (orientation:landscape) {\\n    .el-row {\\n        padding-top: 140px;\\n    }\\n}\\n.el-section {\\n    font-family: 'Century Gothic', Verdana, sans-serif;\\n}\",\"image_position\":\"center-center\",\"style\":\"default\",\"title_breakpoint\":\"xl\",\"title_position\":\"top-left\",\"title_rotation\":\"left\",\"vertical_align\":\"middle\",\"width\":\"default\"},\"children\":[{\"type\":\"row\",\"children\":[{\"type\":\"column\",\"props\":{\"image_position\":\"center-center\",\"position_sticky_breakpoint\":\"m\",\"width_medium\":\"3-4\"},\"children\":[{\"type\":\"breadcrumbs\",\"props\":{\"show_current\":true,\"show_home\":true,\"visibility\":\"s\"},\"name\":\"Breadcrumbs\"},{\"type\":\"headline\",\"props\":{\"content\":\"G\\u00e9ocomputing\",\"title_element\":\"h1\"},\"name\":\"Titre\"},{\"type\":\"text\",\"props\":{\"column_breakpoint\":\"m\",\"content\":\"\n\n<style>\\n    .open-link {\\n        font-weight: bold;\\n        color: #B39A20;\\n    }\\n<\\\/style>\\n\n\n<p>L\\u2019ISSKA d\\u00e9veloppe r\\u00e9guli\\u00e8rement des outils num\\u00e9riques pour la gestion, le traitement et la visualisation de donn\\u00e9es spatiales (g\\u00e9ologie 3D, ressources en eaux, r\\u00e9seaux sp\\u00e9l\\u00e9ologiques, etc.) ou temporelles (simulation de recharge et de d\\u00e9bits, flux d\\u2019\\u00e9nergie, etc.) relatives au milieu souterrain.<br \\\/>\\nCes outils sont utilis\\u00e9s pour les besoins en interne des collaborateurs ou mis \\u00e0 disposition des g\\u00e9ologues et hydrog\\u00e9ologues, notamment via le webservice <a href=\\\"https:\\\/\\\/www.visualkarsys.com\\\/\\\" class='open-link' target=\\\"_blank\\\" >visualkarsys.com<\\\/a> ou la plateforme <a href=\\\"https:\\\/\\\/github.com\\\/ISSKA\\\" class='open-link' target=\\\"_blank\\\" >GitHub ISSKA.<\\\/a><br \\\/>\\nLes d\\u00e9veloppements peuvent aussi \\u00eatre r\\u00e9alis\\u00e9s sur mandat par des institutions publiques ou des entreprises priv\\u00e9es qui souhaitent b\\u00e9n\\u00e9ficier d\\u2019outils sp\\u00e9cifiques ou d\\u2019un support num\\u00e9rique pour la gestion et l\\u2019exploitation de leur donn\\u00e9es g\\u00e9ologiques ou hydrog\\u00e9ologiques.<\\\/p>\",\"margin\":\"default\"},\"name\":\"Text\"},{\"type\":\"fragment\",\"props\":{\"margin\":\"default\"},\"children\":[{\"type\":\"row\",\"props\":{\"layout\":\"1-2,1-2\"},\"children\":[{\"type\":\"column\",\"props\":{\"image_position\":\"center-center\",\"position_sticky_breakpoint\":\"m\",\"width_medium\":\"1-2\",\"width_small\":\"1-2\"},\"children\":[{\"type\":\"headline\",\"props\":{\"content\":\"Comp\\u00e9tences principales de programmation\",\"title_element\":\"h4\"}},{\"type\":\"list\",\"props\":{\"column\":\"1-2\",\"column_breakpoint\":\"m\",\"image_align\":\"left\",\"image_svg_color\":\"emphasis\",\"image_vertical_align\":true,\"list_element\":\"ul\",\"list_horizontal_separator\":\", \",\"list_marker\":\"bullet\",\"list_type\":\"vertical\",\"show_image\":true,\"show_link\":true},\"children\":[{\"type\":\"list_item\",\"props\":{\"content\":\"Python\"}},{\"type\":\"list_item\",\"props\":{\"content\":\"JavaScript\"}},{\"type\":\"list_item\",\"props\":{\"content\":\"TypeScript\"}},{\"type\":\"list_item\",\"props\":{\"content\":\"Rest API\"}},{\"type\":\"list_item\",\"props\":{\"content\":\"Docker\"}},{\"type\":\"list_item\",\"props\":{\"content\":\"PostGis\"}},{\"type\":\"list_item\",\"props\":{\"content\":\"Tailwind CSS\"}}]}]},{\"type\":\"column\",\"props\":{\"image_position\":\"center-center\",\"position_sticky_breakpoint\":\"m\",\"width_medium\":\"1-2\",\"width_small\":\"1-2\"},\"children\":[{\"type\":\"headline\",\"props\":{\"content\":\"Domaines de programmation\",\"title_element\":\"h4\"}},{\"type\":\"list\",\"props\":{\"column\":\"1-2\",\"column_breakpoint\":\"m\",\"image_align\":\"left\",\"image_svg_color\":\"emphasis\",\"image_vertical_align\":true,\"list_element\":\"ul\",\"list_horizontal_separator\":\", \",\"list_marker\":\"bullet\",\"list_type\":\"vertical\",\"show_image\":true,\"show_link\":true},\"children\":[{\"type\":\"list_item\",\"props\":{\"content\":\"GIS Software\"}},{\"type\":\"list_item\",\"props\":{\"content\":\"Data Processing 2D\\\/3D\"}},{\"type\":\"list_item\",\"props\":{\"content\":\"GeoModelling\"}},{\"type\":\"list_item\",\"props\":{\"content\":\"Scripts\"}},{\"type\":\"list_item\",\"props\":{\"content\":\"Web\"}},{\"type\":\"list_item\",\"props\":{\"content\":\"Server\"}}]}]}]}]},{\"type\":\"overlay-slider\",\"props\":{\"container_padding_remove\":true,\"content_margin\":\"small\",\"content_style\":\"text-small\",\"image_width\":\"1000\",\"link_style\":\"default\",\"link_text\":\"Read more\",\"margin\":\"default\",\"meta_align\":\"below-title\",\"meta_element\":\"div\",\"meta_style\":\"text-meta\",\"nav\":\"dotnav\",\"nav_align\":\"center\",\"nav_breakpoint\":\"\",\"nav_margin\":\"small\",\"overlay_display\":\"hover\",\"overlay_link\":false,\"overlay_mode\":\"caption\",\"overlay_padding\":\"small\",\"overlay_position\":\"bottom\",\"overlay_style\":\"overlay-default\",\"overlay_transition\":\"scale-up\",\"show_content\":true,\"show_hover_image\":true,\"show_link\":true,\"show_meta\":true,\"show_title\":true,\"slidenav\":\"default\",\"slidenav_breakpoint\":\"\",\"slidenav_margin\":\"medium\",\"slidenav_outside_breakpoint\":\"xl\",\"slider_autoplay_pause\":true,\"slider_center\":true,\"slider_finite\":false,\"slider_gap\":\"default\",\"slider_parallax\":false,\"slider_sets\":false,\"slider_width\":\"\",\"slider_width_default\":\"1-1\",\"slider_width_medium\":\"1-3\",\"text_align\":\"center\",\"title_element\":\"h3\",\"title_hover_style\":\"reset\"},\"children\":[{\"type\":\"overlay-slider_item\",\"props\":{\"content\":\"\n\n<p>Mod\\u00e9lisation des \\u00e9coulements d'eaux souterraines. \\u00a9 ISSKA<\\\/p>\",\"image\":\"wp-content\\\/uploads\\\/2025\\\/11\\\/Beuchire_3D2.jpg\",\"text_color\":\"light\",\"title\":\"\"}},{\"type\":\"overlay-slider_item\",\"props\":{\"content\":\"\n\n<p>Mod\\u00e8le g\\u00e9ologique 3D dans la r\\u00e9gion des Convers (NE). \\u00a9 ISSKA<\\\/p>\",\"image\":\"wp-content\\\/uploads\\\/2025\\\/11\\\/Modele_Convers2.jpg\"}},{\"type\":\"overlay-slider_item\",\"props\":{\"content\":\"\n\n<p>Carte de la vuln\\u00e9rabilit\\u00e9 du karst dans le canton du Saint-Gall. \\u00a9ISSKA<\\\/p>\",\"image\":\"wp-content\\\/uploads\\\/2025\\\/11\\\/carte_vulnerabilite_pour_site_web2.jpg\"}}],\"name\":\"Photo Slide\"},{\"type\":\"headline\",\"props\":{\"content\":\"Partenaires en g\\u00e9ocomputing\",\"title_element\":\"h3\"}},{\"type\":\"grid\",\"props\":{\"content_column_breakpoint\":\"m\",\"css\":\".el-content {\\n    display: flex;\\n    justify-content: center;\\n    align-items: center;\\n    height: 100%;\\n    width: 100%;\\n  }\",\"filter_align\":\"left\",\"filter_all\":true,\"filter_grid_breakpoint\":\"m\",\"filter_grid_width\":\"auto\",\"filter_position\":\"top\",\"filter_style\":\"tab\",\"grid_default\":\"2\",\"grid_large\":\"6\",\"grid_medium\":\"6\",\"grid_small\":\"3\",\"grid_xlarge\":\"6\",\"icon_width\":80,\"image_align\":\"top\",\"image_grid_breakpoint\":\"m\",\"image_grid_width\":\"1-2\",\"image_svg_color\":\"emphasis\",\"item_animation\":true,\"lightbox\":false,\"link_style\":\"default\",\"link_text\":\"Read more\",\"margin\":\"default\",\"meta_align\":\"below-title\",\"meta_element\":\"div\",\"meta_style\":\"text-meta\",\"show_content\":true,\"show_image\":false,\"show_link\":false,\"show_meta\":false,\"show_title\":false,\"text_align\":\"center\",\"title_align\":\"top\",\"title_element\":\"h3\",\"title_grid_breakpoint\":\"m\",\"title_grid_width\":\"1-2\",\"title_hover_style\":\"reset\"},\"children\":[{\"type\":\"grid_item\",\"props\":{\"content\":\"\n\n<p><a href=\\\"https:\\\/\\\/www.bafu.admin.ch\\\/bafu\\\/fr\\\/home.html\\\" target=\\\"_blank\\\" rel=\\\"noopener\\\"><img src=\\\"http:\\\/\\\/www.isska.ch\\\/wp-content\\\/uploads\\\/2024\\\/02\\\/Logo_OFEV-300x164.jpg\\\" alt=\\\"\\\" width=\\\"300\\\" height=\\\"164\\\" class=\\\"alignnone size-medium wp-image-858\\\" \\\/><\\\/a><\\\/p>\",\"panel_style\":\"card-hover\"}},{\"type\":\"grid_item\",\"props\":{\"content\":\"\n\n<p><a href=\\\"https:\\\/\\\/crealp.ch\\\/\\\" target=\\\"_blank\\\" rel=\\\"noopener\\\"><img src=\\\"http:\\\/\\\/www.isska.ch\\\/wp-content\\\/uploads\\\/2024\\\/03\\\/Crealp.png\\\" alt=\\\"\\\" width=\\\"300\\\" height=\\\"167\\\" class=\\\"alignnone size-medium wp-image-863\\\" \\\/><\\\/a><\\\/p>\",\"panel_style\":\"card-hover\"}},{\"type\":\"grid_item\",\"props\":{\"content\":\"\n\n<p><a href=\\\"https:\\\/\\\/naito.one\\\/\\\" target=\\\"_blank\\\" rel=\\\"noopener\\\"><img src=\\\"http:\\\/\\\/www.isska.ch\\\/wp-content\\\/uploads\\\/2024\\\/03\\\/Naito-One.jpg\\\" alt=\\\"\\\" width=\\\"300\\\" height=\\\"187\\\" class=\\\"alignnone size-medium wp-image-850\\\" \\\/><\\\/a><\\\/p>\",\"panel_style\":\"card-hover\"}},{\"type\":\"grid_item\",\"props\":{\"content\":\"\n\n<p><a href=\\\"https:\\\/\\\/www.fhnw.ch\\\/de\\\/die-fhnw\\\/hochschulen\\\/ht\\\/institute\\\/institut-fuer-data-science\\\" target=\\\"_blank\\\" rel=\\\"noopener\\\"><img src=\\\"http:\\\/\\\/www.isska.ch\\\/wp-content\\\/uploads\\\/2024\\\/02\\\/Logo_i4ds-300x300.png\\\" alt=\\\"\\\" width=\\\"133\\\" height=\\\"133\\\" class=\\\"alignnone  wp-image-855\\\" \\\/><\\\/a><\\\/p>\",\"panel_style\":\"card-hover\"}},{\"type\":\"grid_item\",\"props\":{\"content\":\"\n\n<p><a href=\\\"https:\\\/\\\/www.swisstopo.admin.ch\\\/fr\\\" target=\\\"_blank\\\" rel=\\\"noopener\\\"><img src=\\\"http:\\\/\\\/www.isska.ch\\\/wp-content\\\/uploads\\\/2024\\\/03\\\/Logo_Swisstopo-1.jpg\\\" alt=\\\"\\\" width=\\\"300\\\" height=\\\"187\\\" class=\\\"alignnone size-medium wp-image-850\\\" \\\/><\\\/a><\\\/p>\",\"panel_style\":\"card-hover\"}},{\"type\":\"grid_item\",\"props\":{\"content\":\"\n\n<p><a href=\\\"https:\\\/\\\/www.brgm.fr\\\/fr\\\" target=\\\"_blank\\\" rel=\\\"noopener\\\"><img src=\\\"http:\\\/\\\/www.isska.ch\\\/wp-content\\\/uploads\\\/2024\\\/02\\\/Logo_BRGM-300x116.png\\\" alt=\\\"\\\" width=\\\"300\\\" height=\\\"116\\\" class=\\\"alignnone size-medium wp-image-1096\\\" \\\/><\\\/a><\\\/p>\",\"panel_style\":\"card-hover\"}},{\"type\":\"grid_item\",\"props\":{\"content\":\"\n\n<p><a href=\\\"https:\\\/\\\/www.danone.com\\\/brands\\\/waters.html\\\" target=\\\"_blank\\\" rel=\\\"noopener\\\"><img src=\\\"http:\\\/\\\/www.isska.ch\\\/wp-content\\\/uploads\\\/2024\\\/03\\\/Logo_Danone.jpg\\\" alt=\\\"\\\" width=\\\"120\\\" height=\\\"150\\\" class=\\\"alignnone size-medium wp-image-861\\\" \\\/><\\\/a><\\\/p>\",\"panel_style\":\"card-hover\"}},{\"type\":\"grid_item\",\"props\":{\"content\":\"\n\n<p><a href=\\\"https:\\\/\\\/www.eaurmc.fr\\\/\\\" target=\\\"_blank\\\" rel=\\\"noopener\\\"><img src=\\\"http:\\\/\\\/www.isska.ch\\\/wp-content\\\/uploads\\\/2024\\\/03\\\/Logo_agence.png\\\" alt=\\\"\\\" width=\\\"150\\\" height=\\\"88\\\" class=\\\"alignnone size-medium wp-image-1039\\\" \\\/><\\\/a><\\\/p>\",\"panel_style\":\"card-hover\"}},{\"type\":\"grid_item\",\"props\":{\"content\":\"\n\n<p><a href=\\\"https:\\\/\\\/www.valais.ch\\\/fr\\\/home\\\" target=\\\"_blank\\\" rel=\\\"noopener\\\"><img src=\\\"http:\\\/\\\/www.isska.ch\\\/wp-content\\\/uploads\\\/2024\\\/02\\\/Logo_Valais-300x167.png\\\" alt=\\\"\\\" width=\\\"300\\\" height=\\\"167\\\" class=\\\"alignnone size-medium wp-image-1099\\\" \\\/><\\\/a><\\\/p>\",\"panel_style\":\"card-hover\"}}],\"name\":\"Grid_Partner\"}]},{\"type\":\"column\",\"props\":{\"image_position\":\"center-center\",\"position_sticky_breakpoint\":\"m\",\"width_medium\":\"1-4\"},\"children\":[{\"type\":\"panel\",\"props\":{\"content\":\"\n\n<h3 style=\\\"text-align: center;\\\"><br \\\/>Contact<\\\/h3>\\n\n\n<p style=\\\"text-align: center;\\\"><img src=\\\"http:\\\/\\\/www.isska.ch\\\/wp-content\\\/uploads\\\/2024\\\/02\\\/Arnauld_nb.jpg\\\" alt=\\\"\\\" width=\\\"191\\\" height=\\\"255\\\" class=\\\"alignnone  wp-image-610\\\" \\\/><\\\/p>\\n\n\n<p style=\\\"text-align: center;\\\">Arnauld Malard<br \\\/><a href=\\\"mailto:arnauld.malard@isska.ch\\\">Envoyer un e-mail<\\\/a><\\\/p><br \\\/>\",\"content_column_breakpoint\":\"m\",\"icon_width\":80,\"image\":\"\",\"image_align\":\"top\",\"image_grid_breakpoint\":\"m\",\"image_grid_width\":\"1-2\",\"image_svg_color\":\"emphasis\",\"image_width\":200,\"link_style\":\"default\",\"link_text\":\"Read more\",\"margin\":\"default\",\"meta_align\":\"below-title\",\"meta_element\":\"div\",\"meta_style\":\"text-meta\",\"panel_style\":\"card-default\",\"title_align\":\"top\",\"title_element\":\"h3\",\"title_grid_breakpoint\":\"m\",\"title_grid_width\":\"1-2\",\"title_hover_style\":\"reset\"},\"name\":\"Contact_Comp\"},{\"type\":\"fragment\",\"props\":{\"margin\":\"default\"},\"children\":[{\"type\":\"row\",\"props\":{\"layout\":\"1-2,1-2\"},\"children\":[{\"type\":\"column\",\"props\":{\"image_position\":\"center-center\",\"position_sticky_breakpoint\":\"m\",\"width_default\":\"1-2\",\"width_large\":\"1-2\",\"width_medium\":\"1-2\",\"width_small\":\"1-2\"},\"children\":[{\"type\":\"icon\",\"props\":{\"icon\":\"linkedin\",\"icon_width\":\"45\",\"link\":\"https:\\\/\\\/www.linkedin.com\\\/in\\\/arnauld-malard-15326227\\\/recent-activity\\\/all\\\/\",\"link_style\":\"muted\",\"margin\":\"default\",\"text_align\":\"center\"}}]},{\"type\":\"column\",\"props\":{\"image_position\":\"center-center\",\"position_sticky_breakpoint\":\"m\",\"width_default\":\"1-2\",\"width_medium\":\"1-2\",\"width_small\":\"1-2\"},\"children\":[{\"type\":\"icon\",\"props\":{\"icon\":\"x\",\"icon_width\":\"45\",\"link\":\"https:\\\/\\\/twitter.com\\\/Visual_KARSYS\",\"link_style\":\"muted\",\"margin\":\"default\"}}]}]}]}]}],\"props\":{\"layout\":\"3-4,1-4\"}}]}],\"version\":\"4.3.5\"} --><\/p>\n","protected":false},"excerpt":{"rendered":"<p>Qui sommes-nous? Comp\u00e9tences Prestations G\u00e9ocomputing L\u2019ISSKA d\u00e9veloppe r\u00e9guli\u00e8rement des outils num\u00e9riques pour la gestion, le traitement et la visualisation de donn\u00e9es spatiales (g\u00e9ologie 3D, ressources en eaux, r\u00e9seaux sp\u00e9l\u00e9ologiques, etc.) ou temporelles (simulation de recharge et de d\u00e9bits, flux d\u2019\u00e9nergie, etc.) relatives au milieu souterrain. Ces outils sont utilis\u00e9s pour les besoins en interne des [&hellip;]<\/p>\n","protected":false},"author":1,"featured_media":0,"parent":189,"menu_order":1,"comment_status":"closed","ping_status":"closed","template":"","meta":{"wp_typography_post_enhancements_disabled":false,"footnotes":""},"categories":[],"tags":[],"class_list":["post-1209","page","type-page","status-publish","hentry"],"_links":{"self":[{"href":"https:\/\/www.isska.ch\/en\/wp-json\/wp\/v2\/pages\/1209","targetHints":{"allow":["GET"]}}],"collection":[{"href":"https:\/\/www.isska.ch\/en\/wp-json\/wp\/v2\/pages"}],"about":[{"href":"https:\/\/www.isska.ch\/en\/wp-json\/wp\/v2\/types\/page"}],"author":[{"embeddable":true,"href":"https:\/\/www.isska.ch\/en\/wp-json\/wp\/v2\/users\/1"}],"replies":[{"embeddable":true,"href":"https:\/\/www.isska.ch\/en\/wp-json\/wp\/v2\/comments?post=1209"}],"version-history":[{"count":32,"href":"https:\/\/www.isska.ch\/en\/wp-json\/wp\/v2\/pages\/1209\/revisions"}],"predecessor-version":[{"id":4107,"href":"https:\/\/www.isska.ch\/en\/wp-json\/wp\/v2\/pages\/1209\/revisions\/4107"}],"up":[{"embeddable":true,"href":"https:\/\/www.isska.ch\/en\/wp-json\/wp\/v2\/pages\/189"}],"wp:attachment":[{"href":"https:\/\/www.isska.ch\/en\/wp-json\/wp\/v2\/media?parent=1209"}],"wp:term":[{"taxonomy":"category","embeddable":true,"href":"https:\/\/www.isska.ch\/en\/wp-json\/wp\/v2\/categories?post=1209"},{"taxonomy":"post_tag","embeddable":true,"href":"https:\/\/www.isska.ch\/en\/wp-json\/wp\/v2\/tags?post=1209"}],"curies":[{"name":"wp","href":"https:\/\/api.w.org\/{rel}","templated":true}]}}