{"id":2295,"date":"2024-06-04T17:04:36","date_gmt":"2024-06-04T15:04:36","guid":{"rendered":"https:\/\/www.isska.ch\/?page_id=2295"},"modified":"2025-01-09T15:23:59","modified_gmt":"2025-01-09T14:23:59","slug":"services-and-analysis","status":"publish","type":"page","link":"https:\/\/www.isska.ch\/en\/prestations\/services-et-analyses\/","title":{"rendered":"Ser\u00advices and ana\u00adly\u00adsis"},"content":{"rendered":"<ul>\n<li>\n        <a href=\"https:\/\/www.isska.ch\/qui-sommes-nous\">Qui sommes nous<\/a>\n    <\/li>\n<li>\n        <a href=\"https:\/\/www.isska.ch\/competences\/\">Comp\u00e9tences<\/a>\n    <\/li>\n<li>\n        <a href=\"https:\/\/www.isska.ch\/prestations\/\">Prestations<\/a>\n    <\/li>\n<\/ul>\n<h1>Services et Analyses<\/h1>\n<ul>\n<li>\n<h3>Monitoring et suivis (hydro-)g\u00e9ologiques <\/h3>\n<div>\n<p>L&rsquo;ISSKA instrumente les cavit\u00e9s souterraines de diff\u00e9rents capteurs pour le suivi de param\u00e8tres physiques et chimiques (d\u00e9bits, conductivit\u00e9 \u00e9lectriques, temp\u00e9rature, radon, CO2, m\u00e9thane, bruits, etc.). L\u2019ISSKA propose ses services pour la mise en place de veilles hydrog\u00e9ologiques ainsi que le suivi de la qualit\u00e9 des eaux souterraines. Une transmission de donn\u00e9es sans-fil permet de consulter les <strong>mesures en temps r\u00e9el<\/strong> et mettre en place <strong>des syst\u00e8mes d\u2019alarmes<\/strong> en cas de crue ou de concentrations gazeuses trop \u00e9lev\u00e9es.<\/p>\n<p>Dans le cadre d\u2019<strong>\u00e9tudes d\u2019impact<\/strong>, l\u2019ISSKA assure le suivi de forages de reconnaissance et accompagne des investigations g\u00e9ophysiques.<\/p>\n<p>L\u2019ISSKA est aussi sp\u00e9cialis\u00e9 dans le suivi et l\u2019interpr\u00e9tation des donn\u00e9es hydrog\u00e9ologiques des forages de reconnaissance. Il peut aussi accompagner les investigations g\u00e9ophysiques.<\/p>\n<\/div>\n<\/li>\n<li>\n<h3>Cartographie et relev\u00e9s 3D<\/h3>\n<div>\n<p>L\u2019ISSKA est sp\u00e9cialiste dans le relev\u00e9 et l\u2019\u00e9tablissement de cartes g\u00e9ologiques et de plans topographiques souterrains (mines, carri\u00e8res, grottes, etc.). Au moyen de technique de pointes, l&rsquo;ISSKA mesure et cartographie les cavit\u00e9s souterraines avec un degr\u00e9 de pr\u00e9cision adapt\u00e9 \u00e0 chaque besoin (du croquis rapide au plan d\u00e9taill\u00e9).<\/p>\n<p>L&rsquo;application de nouvelles technologies \u00e0 la topographie des cavit\u00e9s (<strong>LiDAR<\/strong>, <strong>photogramm\u00e9trie<\/strong>) implique le d\u00e9veloppement de concepts de cartographie, de gestion de donn\u00e9es et d&rsquo;archivage. L\u2019ISSKA se pr\u00e9occupe de maintenir les donn\u00e9es existantes tout en d\u00e9veloppant de nouvelles m\u00e9thodes d\u2019acquisition et de visualisation.<\/p>\n<h6>Cartographie et inventaire des zones karstiques<\/h6>\n<p><strong>La carte \u00ab\u00a0Karst\u00a0\u00bb<\/strong> produite sur la base d\u2019un inventaire des connaissances (g\u00e9ologie, hydrologie, v\u00e9g\u00e9tation) permet d\u2019identifier les r\u00e9gions sujettes \u00e0 karstification et donc n\u00e9cessitant une gestion adapt\u00e9e. Ces donn\u00e9es servent de base pour l\u2019application de la <strong>m\u00e9thode EPIK<\/strong> pour la protection des eaux souterraines.<\/p>\n<div class=\"notranslate\">\n<p>Une carte des <strong>dangers d\u2019effondrements<\/strong> et\/ou du <strong>risque d\u2019inondation<\/strong> li\u00e9 au karst peut \u00eatre \u00e9tablie \u00e0 l\u2019\u00e9chelle cantonale ou communale.<\/p>\n<\/div>\n<p><strong>L\u2019inventaire des dolines et lapiaz<\/strong> int\u00e8gre les connaissances du terrain (sp\u00e9l\u00e9ologues, gardes-forestiers, \u2026.) et l\u2019analyse g\u00e9ographique combinant cartographie des sols, stratigraphie d\u00e9taill\u00e9e et structures g\u00e9ologiques. Ces donn\u00e9es permettent d\u2019identifier les zones d\u2019int\u00e9r\u00eats g\u00e9ologique en vue de leur protection.<\/p>\n<h6>Analyse d&rsquo;effondrements et recommandations<\/h6>\n<p>La pr\u00e9sence de vides souterrains est souvent probl\u00e9matique, par exemple lorsqu&rsquo;on veut construire une \u00e9olienne, un tunnel ou une maison. <strong>L\u2019exploration<\/strong> d\u2019un r\u00e9seau karstique et son <strong>lev\u00e9 topographique<\/strong> permettent de localiser l\u2019extension d\u2019une cavit\u00e9 \u00e0 proximit\u00e9 des infrastructures. La d\u00e9tection de cavit\u00e9s inconnues \u00e0 des profondeurs sup\u00e9rieures \u00e0 15 ou 20 m\u00e8tres est souvent difficile, cependant, en collaboration avec divers partenaires, l\u2019ISSKA utilise et d\u00e9veloppe diff\u00e9rentes <strong>m\u00e9thodes g\u00e9ophysiques<\/strong> pour localiser une cavit\u00e9 depuis la surface. Notre exp\u00e9rience nous permet de fournir des recommandations pratiques pour la gestion de ces cas.<\/p>\n<\/div>\n<\/li>\n<li>\n<h3>Analyse 3D des \u00e9coulements souterrains<\/h3>\n<div>\n<p>L\u2019ISSKA est pionnier dans l\u2019application de technologies 3D pour la <strong>mod\u00e9lisation des objets du sous-sol<\/strong> (g\u00e9ologie, mines, grottes, ouvrages souterrains) et des <strong>eaux souterraines<\/strong>.<\/p>\n<p>En r\u00e9gion karstique, le d\u00e9bit des sources et des rivi\u00e8res est contr\u00f4l\u00e9 par le fonctionnement hydrog\u00e9ologique du karst souterrain. L&rsquo;analyse 3D des couches du sous-sol permet d&rsquo;\u00e9valuer les bassins alimentant les sources et donc le d\u00e9bit de celles-ci. Ces connaissances sont indispensables pour \u00e9valuer les dangers de crues lors d&rsquo;\u00e9v\u00e9nements pluvieux exceptionnels, respectivement les risques de s\u00e9cheresse.<\/p>\n<p>L\u2019ISSKA propose des solutions num\u00e9riques pour <strong>simuler le comportement des eaux souterraines<\/strong> (pr\u00e9visions en temps r\u00e9el de pressions et de d\u00e9bits). Ces r\u00e9sultats sont importants pour la construction d&rsquo;ouvrages souterrains mais aussi, en surface, pour la gestion des eaux, des dangers naturels et les \u00e9tudes d&rsquo;impacts, par exemple la d\u00e9termination de <strong>d\u00e9bits r\u00e9siduels<\/strong>. Pour ce faire, l&rsquo;ISSKA utilise plusieurs logiciels tels que <a href=\"https:\/\/www.epa.gov\/water-research\/storm-water-management-model-swmm\" data-wplink-url-error=\"true\" target=\"_blank\" rel=\"noopener\">SWMM5<\/a> ou <a href=\"https:\/\/www.crealp.ch\/rs-minerve\/\" data-wplink-url-error=\"true\" target=\"_blank\" rel=\"noopener\">RS Minerve<\/a>.<\/div>\n<\/li>\n<li>\n<h3>Assainissements<\/h3>\n<div>\n<p>L\u2019ISSKA inventorie, sur le terrain, les cavit\u00e9s ou dolines pollu\u00e9es pour les inscrire au <strong>cadastre des sites pollu\u00e9s<\/strong>. Ces cavit\u00e9s sont parfois connues de longue date, mais souvent les informations pr\u00e9cises manquent (volume de d\u00e9chets, acc\u00e8s, type de d\u00e9chets).<\/p>\n<p>Un <strong>rapport d\u2019investigation<\/strong> est \u00e9tabli pour chaque r\u00e9gion concern\u00e9e incluant descriptif de site, plan de cavit\u00e9, dossier photographique, volume et nature des d\u00e9chets et budget d\u2019assainissement.<\/p>\n<p>En coordination avec les autorit\u00e9s (Communes, cantons, Conf\u00e9d\u00e9ration, arm\u00e9e), les sites sont <strong>assainis avec des moyens sp\u00e9cialis\u00e9s<\/strong> et, avec le soutien de civilistes, les d\u00e9chets sont tri\u00e9s et achemin\u00e9s vers des centres de retraitement. La proc\u00e9dure se termine par la r\u00e9daction d&rsquo;un rapport remis aux autorit\u00e9s.<\/p>\n<\/div>\n<\/li>\n<li>\n<h3>D\u00e9terminations Ost\u00e9ologiques<\/h3>\n<div>\n<p>L\u2019ISSKA propose un service de d\u00e9termination d\u2019ossements trouv\u00e9s en milieu karstique.<\/p>\n<p><a href=\"https:\/\/www.isska.ch\/competences\/archeozoologie\/\" data-wplink-url-error=\"true\" target=\"_blank\" rel=\"noopener\">Lien vers Comp\u00e9tence arch\u00e9ozoologie<\/a><\/p>\n<\/div>\n<\/li>\n<li>\n<h3>Labo Fluo<\/h3>\n<div>\n<p>L\u2019ISSKA accompagne et r\u00e9alise des <strong>essais de tra\u00e7age hydrog\u00e9ologiques<\/strong> par injection d&rsquo;une substance non toxique, g\u00e9n\u00e9ralement colorante dans l&rsquo;environnement (perte, doline, grotte, etc.). L\u2019utilisation de fluorim\u00e8tres de terrain, d\u2019\u00e9chantillonneurs automatiques et de fluocapteurs permet d&rsquo;identifier les sources reli\u00e9es au(x) point(s) d&rsquo;injection, et de caract\u00e9riser le lien (vitesse, taux de restitution, etc.). Le laboratoire ISSKA d\u2019analyse de fluorescence permet de quantifier des concentrations de traceurs inf\u00e9rieures au \u00b5g\/l. \u00a0<\/p>\n<\/div>\n<\/li>\n<\/ul>\n<p><!--more--><br \/>\n<!-- {\"type\":\"layout\",\"children\":[{\"type\":\"section\",\"props\":{\"css\":\"@media (max-width:759px) {\\n  .el-section {\\n      height: 370px;\\n    }\\n}\\n@media (min-width:760px) {\\n    .el-section {\\n        height: 275px;\\n    }\\n}\\n@media (min-width:1200px) {\\n    .el-section {\\n        height: 340px;\\n    }\\n}\\n@media (min-width:1600px) {\\n    .el-section {\\n        height: 580px;\\n    }\\n}\\n@media (min-width:1600px) and (max-height:1100px) {\\n    .el-section {\\n        height: 460px;\\n    }\\n}\",\"image\":\"wp-content\\\/uploads\\\/2024\\\/01\\\/CreteVaas_2023_RW_5-scaled.jpg\",\"image_position\":\"center-center\",\"image_size\":\"cover\",\"padding\":\"large\",\"style\":\"default\",\"title_breakpoint\":\"xl\",\"title_position\":\"top-left\",\"title_rotation\":\"left\",\"vertical_align\":\"middle\",\"width\":\"default\"},\"children\":[{\"type\":\"row\",\"children\":[{\"type\":\"column\",\"props\":{\"image_position\":\"center-center\",\"position_sticky_breakpoint\":\"m\"},\"children\":[{\"type\":\"button\",\"props\":{\"css\":\".el-content {\\n    font-family: \\\"Century Gothic\\\", Verdana, sans-serif;\\n    }\\n@media (max-width:759px) {\\n  .el-content {\\n    margin: 10px 50px; \\n    width: 250px;\\n    position: relative;\\n    top: 180px;\\n  }\\n}\\n@media (min-width:760px) {\\n  .el-content {\\n    margin: 10px 6px; \\n    width: 217px;\\n    position: relative;\\n    top: 104px;\\n  }\\n}\\n@media (min-width:1200px) {\\n  .el-content {\\n    width: 260px;\\n    margin: 0px 40px;\\n    position: relative;\\n    top: 165px;\\n  }\\n}\\n@media (min-width:1600px) {\\n  .el-content {\\n    margin-top: 250px;\\n }\\n} \\n@media (min-width:1600px) and (max-height:1100px) {\\n  .el-content {\\n    margin-top: 130px;\\n }\\n} \",\"fullwidth\":false,\"grid_column_gap\":\"collapse\",\"grid_row_gap\":\"small\",\"margin\":\"default\",\"position_bottom\":\"-93\",\"position_z_index\":\"2\",\"text_align\":\"center\"},\"children\":[{\"type\":\"button_item\",\"props\":{\"button_style\":\"primary\",\"content\":\"Qui sommes nous\",\"icon_align\":\"left\",\"link\":\"https:\\\/\\\/www.isska.ch\\\/qui-sommes-nous\"}},{\"type\":\"button_item\",\"props\":{\"button_style\":\"primary\",\"content\":\"Comp\\u00e9tences\",\"icon_align\":\"left\",\"link\":\"https:\\\/\\\/www.isska.ch\\\/competences\\\/\"}},{\"type\":\"button_item\",\"props\":{\"button_style\":\"primary\",\"content\":\"Prestations\",\"icon_align\":\"left\",\"link\":\"https:\\\/\\\/www.isska.ch\\\/prestations\\\/\"}}]}]}]}],\"name\":\"Header\"},{\"type\":\"section\",\"props\":{\"css\":\"@media (max-width: 759px) {\\n    .el-row {\\n        padding-top: 135px;\\n    }\\n}\\n@media (max-width: 759px) and (orientation:landscape) {\\n    .el-row {\\n        padding-top: 140px;\\n    }\\n}\\n.el-section {\\n    font-family: 'Century Gothic', Verdana, sans-serif;\\n}\",\"image_position\":\"center-center\",\"style\":\"default\",\"title_breakpoint\":\"xl\",\"title_position\":\"top-left\",\"title_rotation\":\"left\",\"vertical_align\":\"middle\",\"width\":\"default\"},\"children\":[{\"type\":\"row\",\"children\":[{\"type\":\"column\",\"props\":{\"image_position\":\"center-center\",\"position_sticky_breakpoint\":\"m\"},\"children\":[{\"type\":\"breadcrumbs\",\"props\":{\"show_current\":true,\"show_home\":true,\"visibility\":\"s\"},\"name\":\"Breadcrumbs\"},{\"type\":\"headline\",\"props\":{\"content\":\"Services et Analyses\",\"title_element\":\"h1\"},\"name\":\"Titre\"},{\"type\":\"accordion\",\"props\":{\"collapsible\":true,\"content_column_breakpoint\":\"m\",\"image_align\":\"top\",\"image_grid_breakpoint\":\"m\",\"image_grid_width\":\"1-2\",\"image_svg_color\":\"emphasis\",\"link_style\":\"default\",\"link_text\":\"Read more\",\"show_image\":true,\"show_link\":true},\"children\":[{\"type\":\"accordion_item\",\"props\":{\"content\":\"\n\n<p>L'ISSKA instrumente les cavit\\u00e9s souterraines de diff\\u00e9rents capteurs pour le suivi de param\\u00e8tres physiques et chimiques (d\\u00e9bits, conductivit\\u00e9 \\u00e9lectriques, temp\\u00e9rature, radon, CO2, m\\u00e9thane, bruits, etc.). L\\u2019ISSKA propose ses services pour la mise en place de veilles hydrog\\u00e9ologiques ainsi que le suivi de la qualit\\u00e9 des eaux souterraines. Une transmission de donn\\u00e9es sans-fil permet de consulter les <strong>mesures en temps r\\u00e9el<\\\/strong> et mettre en place <strong>des syst\\u00e8mes d\\u2019alarmes<\\\/strong> en cas de crue ou de concentrations gazeuses trop \\u00e9lev\\u00e9es.<\\\/p>\\n\n\n<p>Dans le cadre d\\u2019<strong>\\u00e9tudes d\\u2019impact<\\\/strong>, l\\u2019ISSKA assure le suivi de forages de reconnaissance et accompagne des investigations g\\u00e9ophysiques.<\\\/p>\\n\n\n<p>L\\u2019ISSKA est aussi sp\\u00e9cialis\\u00e9 dans le suivi et l\\u2019interpr\\u00e9tation des donn\\u00e9es hydrog\\u00e9ologiques des forages de reconnaissance. Il peut aussi accompagner les investigations g\\u00e9ophysiques.<\\\/p>\",\"title\":\"Monitoring et suivis (hydro-)g\\u00e9ologiques \"}},{\"type\":\"accordion_item\",\"props\":{\"content\":\"\n\n<p>L\\u2019ISSKA est sp\\u00e9cialiste dans le relev\\u00e9 et l\\u2019\\u00e9tablissement de cartes g\\u00e9ologiques et de plans topographiques souterrains (mines, carri\\u00e8res, grottes, etc.). Au moyen de technique de pointes, l'ISSKA mesure et cartographie les cavit\\u00e9s souterraines avec un degr\\u00e9 de pr\\u00e9cision adapt\\u00e9 \\u00e0 chaque besoin (du croquis rapide au plan d\\u00e9taill\\u00e9).<\\\/p>\\n\n\n<p>L'application de nouvelles technologies \\u00e0 la topographie des cavit\\u00e9s (<strong>LiDAR<\\\/strong>, <strong>photogramm\\u00e9trie<\\\/strong>) implique le d\\u00e9veloppement de concepts de cartographie, de gestion de donn\\u00e9es et d'archivage. L\\u2019ISSKA se pr\\u00e9occupe de maintenir les donn\\u00e9es existantes tout en d\\u00e9veloppant de nouvelles m\\u00e9thodes d\\u2019acquisition et de visualisation.<\\\/p>\\n\n\n<h6>Cartographie et inventaire des zones karstiques<\\\/h6>\\n\n\n<p><strong>La carte \\u00ab\\u00a0Karst\\u00a0\\u00bb<\\\/strong> produite sur la base d\\u2019un inventaire des connaissances (g\\u00e9ologie, hydrologie, v\\u00e9g\\u00e9tation) permet d\\u2019identifier les r\\u00e9gions sujettes \\u00e0 karstification et donc n\\u00e9cessitant une gestion adapt\\u00e9e. Ces donn\\u00e9es servent de base pour l\\u2019application de la <strong>m\\u00e9thode EPIK<\\\/strong> pour la protection des eaux souterraines.<\\\/p>\\n\n\n<div class=\\\"notranslate\\\">\n\n<p>Une carte des <strong>dangers d\\u2019effondrements<\\\/strong> et\\\/ou du <strong>risque d\\u2019inondation<\\\/strong> li\\u00e9 au karst peut \\u00eatre \\u00e9tablie \\u00e0 l\\u2019\\u00e9chelle cantonale ou communale.<\\\/p><\\\/div>\\n\n\n<p><strong>L\\u2019inventaire des dolines et lapiaz<\\\/strong> int\\u00e8gre les connaissances du terrain (sp\\u00e9l\\u00e9ologues, gardes-forestiers, \\u2026.) et l\\u2019analyse g\\u00e9ographique combinant cartographie des sols, stratigraphie d\\u00e9taill\\u00e9e et structures g\\u00e9ologiques. Ces donn\\u00e9es permettent d\\u2019identifier les zones d\\u2019int\\u00e9r\\u00eats g\\u00e9ologique en vue de leur protection.<\\\/p>\\n\n\n<h6>Analyse d'effondrements et recommandations<\\\/h6>\\n\n\n<p>La pr\\u00e9sence de vides souterrains est souvent probl\\u00e9matique, par exemple lorsqu'on veut construire une \\u00e9olienne, un tunnel ou une maison. <strong>L\\u2019exploration<\\\/strong> d\\u2019un r\\u00e9seau karstique et son <strong>lev\\u00e9 topographique<\\\/strong> permettent de localiser l\\u2019extension d\\u2019une cavit\\u00e9 \\u00e0 proximit\\u00e9 des infrastructures. La d\\u00e9tection de cavit\\u00e9s inconnues \\u00e0 des profondeurs sup\\u00e9rieures \\u00e0 15 ou 20 m\\u00e8tres est souvent difficile, cependant, en collaboration avec divers partenaires, l\\u2019ISSKA utilise et d\\u00e9veloppe diff\\u00e9rentes <strong>m\\u00e9thodes g\\u00e9ophysiques<\\\/strong> pour localiser une cavit\\u00e9 depuis la surface. Notre exp\\u00e9rience nous permet de fournir des recommandations pratiques pour la gestion de ces cas.<\\\/p>\",\"title\":\"Cartographie et relev\\u00e9s 3D\"}},{\"type\":\"accordion_item\",\"props\":{\"content\":\"\n\n<p>L\\u2019ISSKA est pionnier dans l\\u2019application de technologies 3D pour la <strong>mod\\u00e9lisation des objets du sous-sol<\\\/strong> (g\\u00e9ologie, mines, grottes, ouvrages souterrains) et des <strong>eaux souterraines<\\\/strong>.<\\\/p>\\n\n\n<p>En r\\u00e9gion karstique, le d\\u00e9bit des sources et des rivi\\u00e8res est contr\\u00f4l\\u00e9 par le fonctionnement hydrog\\u00e9ologique du karst souterrain. L'analyse 3D des couches du sous-sol permet d'\\u00e9valuer les bassins alimentant les sources et donc le d\\u00e9bit de celles-ci. Ces connaissances sont indispensables pour \\u00e9valuer les dangers de crues lors d'\\u00e9v\\u00e9nements pluvieux exceptionnels, respectivement les risques de s\\u00e9cheresse.<\\\/p>\\n\n\n<p>L\\u2019ISSKA propose des solutions num\\u00e9riques pour <strong>simuler le comportement des eaux souterraines<\\\/strong> (pr\\u00e9visions en temps r\\u00e9el de pressions et de d\\u00e9bits). Ces r\\u00e9sultats sont importants pour la construction d'ouvrages souterrains mais aussi, en surface, pour la gestion des eaux, des dangers naturels et les \\u00e9tudes d'impacts, par exemple la d\\u00e9termination de <strong>d\\u00e9bits r\\u00e9siduels<\\\/strong>. Pour ce faire, l'ISSKA utilise plusieurs logiciels tels que <a href=\\\"https:\\\/\\\/www.epa.gov\\\/water-research\\\/storm-water-management-model-swmm\\\" data-wplink-url-error=\\\"true\\\" target=\\\"_blank\\\" rel=\\\"noopener\\\">SWMM5<\\\/a> ou <a href=\\\"https:\\\/\\\/www.crealp.ch\\\/rs-minerve\\\/\\\" data-wplink-url-error=\\\"true\\\" target=\\\"_blank\\\" rel=\\\"noopener\\\">RS Minerve<\\\/a>.\",\"title\":\"Analyse 3D des \\u00e9coulements souterrains\"}},{\"type\":\"accordion_item\",\"props\":{\"content\":\"\n\n<p>L\\u2019ISSKA inventorie, sur le terrain, les cavit\\u00e9s ou dolines pollu\\u00e9es pour les inscrire au <strong>cadastre des sites pollu\\u00e9s<\\\/strong>. Ces cavit\\u00e9s sont parfois connues de longue date, mais souvent les informations pr\\u00e9cises manquent (volume de d\\u00e9chets, acc\\u00e8s, type de d\\u00e9chets).<\\\/p>\\n\n\n<p>Un <strong>rapport d\\u2019investigation<\\\/strong> est \\u00e9tabli pour chaque r\\u00e9gion concern\\u00e9e incluant descriptif de site, plan de cavit\\u00e9, dossier photographique, volume et nature des d\\u00e9chets et budget d\\u2019assainissement.<\\\/p>\\n\n\n<p>En coordination avec les autorit\\u00e9s (Communes, cantons, Conf\\u00e9d\\u00e9ration, arm\\u00e9e), les sites sont <strong>assainis avec des moyens sp\\u00e9cialis\\u00e9s<\\\/strong> et, avec le soutien de civilistes, les d\\u00e9chets sont tri\\u00e9s et achemin\\u00e9s vers des centres de retraitement. La proc\\u00e9dure se termine par la r\\u00e9daction d'un rapport remis aux autorit\\u00e9s.<\\\/p>\",\"title\":\"Assainissements\"}},{\"type\":\"accordion_item\",\"props\":{\"content\":\"\n\n<p>L\\u2019ISSKA propose un service de d\\u00e9termination d\\u2019ossements trouv\\u00e9s en milieu karstique.<\\\/p>\\n\n\n<p><a href=\\\"https:\\\/\\\/www.isska.ch\\\/competences\\\/archeozoologie\\\/\\\" data-wplink-url-error=\\\"true\\\" target=\\\"_blank\\\" rel=\\\"noopener\\\">Lien vers Comp\\u00e9tence arch\\u00e9ozoologie<\\\/a><\\\/p>\",\"title\":\"D\\u00e9terminations Ost\\u00e9ologiques\"}},{\"type\":\"accordion_item\",\"props\":{\"content\":\"\n\n<p>L\\u2019ISSKA accompagne et r\\u00e9alise des <strong>essais de tra\\u00e7age hydrog\\u00e9ologiques<\\\/strong> par injection d'une substance non toxique, g\\u00e9n\\u00e9ralement colorante dans l'environnement (perte, doline, grotte, etc.). L\\u2019utilisation de fluorim\\u00e8tres de terrain, d\\u2019\\u00e9chantillonneurs automatiques et de fluocapteurs permet d'identifier les sources reli\\u00e9es au(x) point(s) d'injection, et de caract\\u00e9riser le lien (vitesse, taux de restitution, etc.). Le laboratoire ISSKA d\\u2019analyse de fluorescence permet de quantifier des concentrations de traceurs inf\\u00e9rieures au \\u00b5g\\\/l. \\u00a0<\\\/p>\",\"title\":\"Labo Fluo\"}}]}]}]}],\"name\":\"Breadcrumbs_Title_Text_Sub\"}],\"version\":\"4.3.5\"} --><\/p>\n","protected":false},"excerpt":{"rendered":"<p>Qui sommes nous Comp\u00e9tences Prestations Services et Analyses Monitoring et suivis (hydro-)g\u00e9ologiques L&rsquo;ISSKA instrumente les cavit\u00e9s souterraines de diff\u00e9rents capteurs pour le suivi de param\u00e8tres physiques et chimiques (d\u00e9bits, conductivit\u00e9 \u00e9lectriques, temp\u00e9rature, radon, CO2, m\u00e9thane, bruits, etc.). L\u2019ISSKA propose ses services pour la mise en place de veilles hydrog\u00e9ologiques ainsi que le suivi de la [&hellip;]<\/p>\n","protected":false},"author":1,"featured_media":0,"parent":186,"menu_order":1,"comment_status":"closed","ping_status":"closed","template":"","meta":{"wp_typography_post_enhancements_disabled":false,"footnotes":""},"categories":[],"tags":[],"class_list":["post-2295","page","type-page","status-publish","hentry"],"_links":{"self":[{"href":"https:\/\/www.isska.ch\/en\/wp-json\/wp\/v2\/pages\/2295","targetHints":{"allow":["GET"]}}],"collection":[{"href":"https:\/\/www.isska.ch\/en\/wp-json\/wp\/v2\/pages"}],"about":[{"href":"https:\/\/www.isska.ch\/en\/wp-json\/wp\/v2\/types\/page"}],"author":[{"embeddable":true,"href":"https:\/\/www.isska.ch\/en\/wp-json\/wp\/v2\/users\/1"}],"replies":[{"embeddable":true,"href":"https:\/\/www.isska.ch\/en\/wp-json\/wp\/v2\/comments?post=2295"}],"version-history":[{"count":0,"href":"https:\/\/www.isska.ch\/en\/wp-json\/wp\/v2\/pages\/2295\/revisions"}],"up":[{"embeddable":true,"href":"https:\/\/www.isska.ch\/en\/wp-json\/wp\/v2\/pages\/186"}],"wp:attachment":[{"href":"https:\/\/www.isska.ch\/en\/wp-json\/wp\/v2\/media?parent=2295"}],"wp:term":[{"taxonomy":"category","embeddable":true,"href":"https:\/\/www.isska.ch\/en\/wp-json\/wp\/v2\/categories?post=2295"},{"taxonomy":"post_tag","embeddable":true,"href":"https:\/\/www.isska.ch\/en\/wp-json\/wp\/v2\/tags?post=2295"}],"curies":[{"name":"wp","href":"https:\/\/api.w.org\/{rel}","templated":true}]}}