{"id":326,"date":"2023-12-18T17:43:28","date_gmt":"2023-12-18T16:43:28","guid":{"rendered":"https:\/\/www.isska.ch\/?page_id=326"},"modified":"2024-07-11T15:32:01","modified_gmt":"2024-07-11T13:32:01","slug":"bones","status":"publish","type":"page","link":"https:\/\/www.isska.ch\/en\/competences\/archeozoologie\/ossements\/","title":{"rendered":"Bones"},"content":{"rendered":"<ul>\n<li>\n        <a href=\"https:\/\/www.isska.ch\/qui-sommes-nous\">Qui sommes-nous?<\/a>\n    <\/li>\n<li>\n        <a href=\"https:\/\/www.isska.ch\/competences\/\">Comp\u00e9tences<\/a>\n    <\/li>\n<li>\n        <a href=\"https:\/\/www.isska.ch\/prestations\/\">Prestations<\/a>\n    <\/li>\n<\/ul>\n<h1>Ossements<\/h1>\n<div>\n<p>Si vous avez trouv\u00e9 des ossements, vous pouvez signaler votre d\u00e9couverte \u00e0 l&rsquo;aide du formulaire en ligne ci-dessous. Si vous souhaitez envoyer les objets trouv\u00e9s directement \u00e0 l&rsquo;institut, vous pouvez t\u00e9l\u00e9charger la pal\u00e9ocarte, la remplir et la joindre au colis. Veuillez dans tous les cas respecter les instructions pour la r\u00e9colte et l\u2019identification d\u2019ossements ainsi que les instructions figurant sur la pal\u00e9ocarte. <\/p>\n<\/div>\n<h5>Ressources<\/h5>\n<p>\n    <a href=\"https:\/\/www.isska.ch\/pdf\/Fr\/Competences\/Prelev_adeq_Archeozoo_fr.pdf\">Instructions pour la r\u00e9colte et l&rsquo;identification d&rsquo;ossements<\/a>\n<\/p>\n<p>\n    <a href=\"https:\/\/www.isska.ch\/pdf\/Fr\/Competences\/paleocarte_f.pdf\">Pal\u00e9ocarte<\/a>\n<\/p>\n<div>\n<div>\n<h3 style=\"text-align: center;\">Contact<\/h3>\n<p style=\"text-align: center;\"><img loading=\"lazy\" decoding=\"async\" src=\"http:\/\/www.isska.ch\/wp-content\/uploads\/2024\/01\/Mathieu_nb-scaled.jpg\" alt=\"\" width=\"191\" height=\"255\" class=\"alignnone  wp-image-610\" \/><\/p>\n<p style=\"text-align: center;\">Mathieu Luret<br \/><a href=\"mailto:mathieu.luret@isska.ch\">Envoyer un e-mail<\/a><\/p>\n<p><\/div>\n<\/div>\n<p><!--more--><br \/>\n<!-- {\"type\":\"layout\",\"children\":[{\"type\":\"section\",\"props\":{\"css\":\"@media (max-width:759px) {\\n  .el-section {\\n      height: 370px;\\n    }\\n}\\n@media (min-width:760px) {\\n    .el-section {\\n        height: 275px;\\n    }\\n}\\n@media (min-width:1200px) {\\n    .el-section {\\n        height: 340px;\\n    }\\n}\\n@media (min-width:1600px) {\\n    .el-section {\\n        height: 580px;\\n    }\\n}\",\"image\":\"wp-content\\\/uploads\\\/2024\\\/04\\\/Paysage2-scaled.jpg\",\"image_position\":\"center-center\",\"image_size\":\"cover\",\"padding\":\"large\",\"style\":\"default\",\"title_breakpoint\":\"xl\",\"title_position\":\"top-left\",\"title_rotation\":\"left\",\"vertical_align\":\"middle\",\"width\":\"default\"},\"children\":[{\"type\":\"row\",\"children\":[{\"type\":\"column\",\"props\":{\"image_position\":\"center-center\",\"position_sticky_breakpoint\":\"m\"},\"children\":[{\"type\":\"button\",\"props\":{\"css\":\".el-content {\\n    font-family: \\\"Century Gothic\\\", Verdana, sans-serif;\\n    }\\n@media (max-width:759px) {\\n  .el-content {\\n    margin: 10px 50px; \\n    width: 250px;\\n    position: relative;\\n    top: 180px;\\n  }\\n}\\n@media (min-width:760px) {\\n  .el-content {\\n    margin: 10px 6px; \\n    width: 217px;\\n    position: relative;\\n    top: 104px;\\n  }\\n}\\n@media (min-width:1200px) {\\n  .el-content {\\n    width: 260px;\\n    margin: 0px 40px;\\n    position: relative;\\n    top: 165px;\\n  }\\n}\\n@media (min-width:1600px) {\\n  .el-content {\\n    margin-top: 250px;\\n }\\n} \",\"fullwidth\":false,\"grid_column_gap\":\"collapse\",\"grid_row_gap\":\"small\",\"margin\":\"default\",\"position_bottom\":\"-93\",\"position_z_index\":\"2\",\"text_align\":\"center\"},\"children\":[{\"type\":\"button_item\",\"props\":{\"button_style\":\"primary\",\"content\":\"Qui sommes-nous?\",\"icon_align\":\"left\",\"link\":\"https:\\\/\\\/www.isska.ch\\\/qui-sommes-nous\"}},{\"type\":\"button_item\",\"props\":{\"button_style\":\"primary\",\"content\":\"Comp\\u00e9tences\",\"icon_align\":\"left\",\"link\":\"https:\\\/\\\/www.isska.ch\\\/competences\\\/\"}},{\"type\":\"button_item\",\"props\":{\"button_style\":\"primary\",\"content\":\"Prestations\",\"icon_align\":\"left\",\"link\":\"https:\\\/\\\/www.isska.ch\\\/prestations\\\/\"}}]}]}]}],\"name\":\"Header_fr\"},{\"type\":\"section\",\"props\":{\"css\":\"@media (max-width: 759px) {\\n    .el-row {\\n        padding-top: 110px;\\n    }\\n}\\n@media (max-width: 759px) and (orientation:landscape) {\\n    .el-row {\\n        padding-top: 140px;\\n    }\\n}\",\"image_position\":\"center-center\",\"style\":\"default\",\"title_breakpoint\":\"xl\",\"title_position\":\"top-left\",\"title_rotation\":\"left\",\"vertical_align\":\"middle\",\"width\":\"default\"},\"children\":[{\"type\":\"row\",\"children\":[{\"type\":\"column\",\"props\":{\"image_position\":\"center-center\",\"position_sticky_breakpoint\":\"m\",\"width_medium\":\"2-3\"},\"children\":[{\"type\":\"breadcrumbs\",\"props\":{\"css\":\".el-element{\\n   text-align: justify;\\n   font-family: \\\"Century Gothic\\\", Verdana, sans-serif;\\n}\",\"show_current\":true,\"show_home\":true,\"visibility\":\"s\"},\"name\":\"Breadcrumbs\"},{\"type\":\"headline\",\"props\":{\"content\":\"Ossements\",\"title_element\":\"h1\"}},{\"type\":\"text\",\"props\":{\"column_breakpoint\":\"m\",\"content\":\"\n\n<p>Si vous avez trouv\\u00e9 des ossements, vous pouvez signaler votre d\\u00e9couverte \\u00e0 l'aide du formulaire en ligne ci-dessous. Si vous souhaitez envoyer les objets trouv\\u00e9s directement \\u00e0 l'institut, vous pouvez t\\u00e9l\\u00e9charger la pal\\u00e9ocarte, la remplir et la joindre au colis. Veuillez dans tous les cas respecter les instructions pour la r\\u00e9colte et l\\u2019identification d\\u2019ossements ainsi que les instructions figurant sur la pal\\u00e9ocarte. <\\\/p>\",\"css\":\"\\n\",\"margin\":\"default\"},\"name\":\"Text\"},{\"type\":\"headline\",\"props\":{\"content\":\"Ressources\",\"title_element\":\"h5\"}},{\"type\":\"fragment\",\"props\":{\"margin\":\"default\"},\"children\":[{\"type\":\"row\",\"children\":[{\"type\":\"column\",\"props\":{\"image_position\":\"center-center\",\"position_sticky_breakpoint\":\"m\"},\"children\":[{\"type\":\"button\",\"props\":{\"fullwidth\":true,\"grid_column_gap\":\"small\",\"grid_row_gap\":\"small\",\"margin\":\"default\"},\"children\":[{\"type\":\"button_item\",\"props\":{\"button_style\":\"primary\",\"content\":\"Instructions pour la r\\u00e9colte et l'identification d'ossements\",\"icon\":\"file-text\",\"icon_align\":\"left\",\"link\":\"https:\\\/\\\/www.isska.ch\\\/pdf\\\/Fr\\\/Competences\\\/Prelev_adeq_Archeozoo_fr.pdf\"}}]},{\"type\":\"button\",\"props\":{\"fullwidth\":true,\"grid_column_gap\":\"small\",\"grid_row_gap\":\"small\",\"margin\":\"default\"},\"children\":[{\"type\":\"button_item\",\"props\":{\"button_style\":\"primary\",\"content\":\"Pal\\u00e9ocarte\",\"icon\":\"file-text\",\"icon_align\":\"left\",\"link\":\"https:\\\/\\\/www.isska.ch\\\/pdf\\\/Fr\\\/Competences\\\/paleocarte_f.pdf\"}}]}]}]}]},{\"type\":\"module\",\"props\":{\"css\":\".el-element{\\n   text-align: justify;\\n   font-family: \\\"Century Gothic\\\", Verdana, sans-serif;\\n}\\n\\ndisplay: flex;\\njustify-content: center;\\nalign-items: center;\\nwidth: 80%;\\n\\n\\ndiv.wpcf7 { \\n\\\/\\\/background-color: #fbefde;\\n\\tborder: 3px solid #293133;\\n\\tpadding:20px;\\n\\twidth: 80%;\\n}\\n.wpcf7 input[type=\\\"text\\\"],\\n.wpcf7 input[type=\\\"email\\\"],\\n.wpcf7 textarea {\\n\\tborder: 1.5px solid #B39A20;\\n\\tcolor:black;\\n\\tfont-family: \\\"Century Gothic\\\", Verdana, sans-serif;\\n    width: 100%;\\n    height: 30px;\\n}\\n.wpcf7 textarea {\\n    height: 200px;\\n}\\n.wpcf7 input[type=\\\"submit\\\"],\\n.wpcf7 input[type=\\\"button\\\"] { \\n\\tbackground-color:#B39A20;\\n    border: 1px solid #B39A20;\\n    font-family: \\\"Century Gothic\\\", AppleGothic, sans-serif;\\n\\tfont-weight: bold;\\n    font-size: 12pt;\\n    letter-spacing: 2pt;\\n   \\tcolor: white;\\n\\twidth:100%;\\n\\ttext-align:center;\\n\\ttext-transform:uppercase;\\n\\theight: 40px \\n\\n}\",\"menu_image_align\":\"center\",\"menu_image_margin\":true,\"menu_style\":\"default\",\"menu_type\":\"nav\",\"type\":\"text\",\"widget\":\"text-2\"}}]},{\"type\":\"column\",\"props\":{\"image_position\":\"center-center\",\"position_sticky_breakpoint\":\"m\",\"width_medium\":\"1-3\"},\"children\":[{\"type\":\"panel\",\"props\":{\"content\":\"\n\n<h3 style=\\\"text-align: center;\\\"><br \\\/>Contact<\\\/h3>\\n\n\n<p style=\\\"text-align: center;\\\"><img src=\\\"http:\\\/\\\/www.isska.ch\\\/wp-content\\\/uploads\\\/2024\\\/01\\\/Mathieu_nb-scaled.jpg\\\" alt=\\\"\\\" width=\\\"191\\\" height=\\\"255\\\" class=\\\"alignnone  wp-image-610\\\" \\\/><\\\/p>\\n\n\n<p style=\\\"text-align: center;\\\">Mathieu Luret<br \\\/><a href=\\\"mailto:mathieu.luret@isska.ch\\\">Envoyer un e-mail<\\\/a><\\\/p><br \\\/>\",\"content_column_breakpoint\":\"m\",\"icon_width\":80,\"image\":\"\",\"image_align\":\"top\",\"image_grid_breakpoint\":\"m\",\"image_grid_width\":\"1-2\",\"image_svg_color\":\"emphasis\",\"image_width\":200,\"link_style\":\"default\",\"link_text\":\"Read more\",\"margin\":\"default\",\"meta_align\":\"below-title\",\"meta_element\":\"div\",\"meta_style\":\"text-meta\",\"panel_style\":\"card-default\",\"title_align\":\"top\",\"title_element\":\"h3\",\"title_grid_breakpoint\":\"m\",\"title_grid_width\":\"1-2\",\"title_hover_style\":\"reset\"},\"name\":\"Contact_mathieu\"}]}],\"props\":{\"layout\":\"2-3,1-3\"}}]}],\"version\":\"4.3.5\"} --><\/p>\n","protected":false},"excerpt":{"rendered":"<p>Qui sommes-nous? Comp\u00e9tences Prestations Ossements Si vous avez trouv\u00e9 des ossements, vous pouvez signaler votre d\u00e9couverte \u00e0 l&rsquo;aide du formulaire en ligne ci-dessous. Si vous souhaitez envoyer les objets trouv\u00e9s directement \u00e0 l&rsquo;institut, vous pouvez t\u00e9l\u00e9charger la pal\u00e9ocarte, la remplir et la joindre au colis. Veuillez dans tous les cas respecter les instructions pour la [&hellip;]<\/p>\n","protected":false},"author":1,"featured_media":0,"parent":1162,"menu_order":1,"comment_status":"closed","ping_status":"closed","template":"","meta":{"wp_typography_post_enhancements_disabled":false,"footnotes":""},"categories":[1],"tags":[],"class_list":["post-326","page","type-page","status-publish","hentry","category-uncategorized"],"_links":{"self":[{"href":"https:\/\/www.isska.ch\/en\/wp-json\/wp\/v2\/pages\/326","targetHints":{"allow":["GET"]}}],"collection":[{"href":"https:\/\/www.isska.ch\/en\/wp-json\/wp\/v2\/pages"}],"about":[{"href":"https:\/\/www.isska.ch\/en\/wp-json\/wp\/v2\/types\/page"}],"author":[{"embeddable":true,"href":"https:\/\/www.isska.ch\/en\/wp-json\/wp\/v2\/users\/1"}],"replies":[{"embeddable":true,"href":"https:\/\/www.isska.ch\/en\/wp-json\/wp\/v2\/comments?post=326"}],"version-history":[{"count":0,"href":"https:\/\/www.isska.ch\/en\/wp-json\/wp\/v2\/pages\/326\/revisions"}],"up":[{"embeddable":true,"href":"https:\/\/www.isska.ch\/en\/wp-json\/wp\/v2\/pages\/1162"}],"wp:attachment":[{"href":"https:\/\/www.isska.ch\/en\/wp-json\/wp\/v2\/media?parent=326"}],"wp:term":[{"taxonomy":"category","embeddable":true,"href":"https:\/\/www.isska.ch\/en\/wp-json\/wp\/v2\/categories?post=326"},{"taxonomy":"post_tag","embeddable":true,"href":"https:\/\/www.isska.ch\/en\/wp-json\/wp\/v2\/tags?post=326"}],"curies":[{"name":"wp","href":"https:\/\/api.w.org\/{rel}","templated":true}]}}