{"id":150,"date":"2023-12-12T15:07:04","date_gmt":"2023-12-12T14:07:04","guid":{"rendered":"https:\/\/www.isska.ch\/?page_id=150"},"modified":"2026-05-06T11:46:47","modified_gmt":"2026-05-06T09:46:47","slug":"institut-suisse-de-speleologie-et-de-karstologie","status":"publish","type":"page","link":"https:\/\/www.isska.ch\/fr\/","title":{"rendered":"Institut Suisse de Sp\u00e9l\u00e9ologie et de Karstologie"},"content":{"rendered":"<ul>\n<li>\n<p>\n        <a href=\"https:\/\/www.isska.ch\/qui-sommes-nous\/\">Qui sommes-nous?<\/a>\n    <\/p>\n<\/li>\n<li>\n<p>\n        <a href=\"https:\/\/www.isska.ch\/competences\/\">Com\u00adp\u00e9\u00adtences<\/a>\n    <\/p>\n<\/li>\n<li>\n<p>\n        <a href=\"https:\/\/www.isska.ch\/prestations\/\">Pres\u00adta\u00adtions<\/a>\n    <\/p>\n<\/li>\n<\/ul>\n<h1>Actuel<\/h1>\n<ul>\n<li>\n<h3>Guides d\u2019excursion<\/h3>\n<div>\n<p><span><img loading=\"lazy\" decoding=\"async\" src=\"https:\/\/www.isska.ch\/wp-content\/uploads\/2025\/09\/Guide_Areuse_coupe2-3.jpg\" alt width=\"800\" height=\"533\" class=\"alignnone size-medium wp-image-3490\"><\/span><\/p>\n<p>Avec ses 6 guides, l\u2019ISSKA vous pro\u00adpose des bal\u00adlades pour com\u00adprendre les pay\u00adsages kars\u00adtiques, l\u2019origine de l\u2019eau et son \u00e9cou\u00adle\u00adment en sou\u00adter\u00adrain.<\/p>\n<\/div>\n<p><a href=\"https:\/\/www.isska.ch\/fr\/prestations\/enseignement\/\">plus d\u2019informations<\/a><\/p>\n<\/li>\n<li>\n<h3>Image prim\u00e9e<\/h3>\n<div>\n<p><img decoding=\"async\" src=\"https:\/\/www.isska.ch\/wp-content\/uploads\/2026\/04\/Braving-the-water-by-Mirjam-Widmer.png\"><\/p>\n<p> Le Fonds Na\u00adtio\u00adnal Suisse pour la Re\u00adcherche scien\u00adti\u00adfique r\u00e9\u00adcom\u00adpense une image do\u00adcu\u00admen\u00adtant le tra\u00advail de ter\u00adrain me\u00adn\u00e9 dans le cadre du pro\u00adjet Ca\u00adve\u00adSeds.<\/p>\n<p><\/p><ul><\/ul>\n<\/div>\n<p><a href=\"https:\/\/www.snf.ch\/fr\/1uKR6zjXHwNrHeeA\/news\/le-concours-dimages-fete-ses-dix-ans\">Plus d\u2019info<\/a><\/p>\n<\/li>\n<li>\n<h3>Emission RTS<\/h3>\n<div>\n<p><img decoding=\"async\" src=\"https:\/\/www.isska.ch\/wp-content\/uploads\/2026\/04\/c1b412-29191599.jpg\"><\/p>\n<p>Les grottes \u00e9taient au pro\u00adgramme de l\u2019\u00e9mission Dis, Pour\u00adquoi ? sur la RTS La Pre\u00admi\u00e8re. Cinq jours, cinq th\u00e9\u00adma\u00adtiques abo\u00add\u00e9es par l\u2019ISSKA avec Lu\u00adcas Tho\u00adrens.<\/p>\n<ul><\/ul>\n<\/div>\n<p><a href=\"https:\/\/www.rts.ch\/audio-podcast\/2026\/audio\/comment-se-forment-les-grottes-grottes-1-5-29191600.html\">Pod\u00adcast RTS<\/a><\/p>\n<\/li>\n<li>\n<h3>Nouveau docteur<\/h3>\n<div>\n<p><img decoding=\"async\" src=\"https:\/\/www.isska.ch\/wp-content\/uploads\/2026\/03\/IMG_1576_rec_chaud-scaled.jpg\"><\/p>\n<p>F\u00e9\u00adli\u00adci\u00adta\u00adtion! La sou\u00adte\u00adnance pu\u00adblique de notre col\u00adl\u00e8gue Clau\u00addio Pas\u00adtore met un point fi\u00adnal au pro\u00adjet Ther\u00admo\u00adKarst.<\/p>\n<ul><\/ul>\n<\/div>\n<p><a href=\"\/thermokarst\/\">Pro\u00adjet Ther\u00admo\u00adKarst<\/a><\/p>\n<\/li>\n<li>\n<h3>Rapport Biodiversit\u00e9 CH<\/h3>\n<div>\n<p><img decoding=\"async\" src=\"https:\/\/www.isska.ch\/wp-content\/uploads\/2025\/12\/Capture-decran-2025-12-30-093229.png\"><\/p>\n<p>Un do\u00adcu\u00adment \u00e0 d\u00e9\u00adcou\u00advrir en ligne, au su\u00adjet de la bio\u00addi\u00adver\u00adsi\u00adt\u00e9 des \u00e9co\u00adsys\u00adt\u00e8mes kars\u00adtiques suisses. <\/p>\n<ul><\/ul>\n<\/div>\n<p><a href=\"https:\/\/www.isska.ch\/pdf\/Fr\/Competences\/Annexes_Biodiv_OFEV_2025\/Rapport_Biodiv_OFEV_brochure.pdf\">Do\u00adcu\u00adment PDF<\/a><\/p>\n<\/li>\n<li>\n<h3>D\u00e9couverte d\u2019ossements<\/h3>\n<div>\n<p><img decoding=\"async\" src=\"https:\/\/www.isska.ch\/wp-content\/uploads\/2025\/11\/DSC_5241_chalet_neuf_light.jpg\"><\/p>\n<p>Une ca\u00advi\u00adt\u00e9 de la Val\u00adl\u00e9e de Joux livre des os\u00adse\u00adments de loup, d\u2019\u00e9lan et de bi\u00adson.<\/p>\n<ul><\/ul>\n<\/div>\n<p><a href=\"https:\/\/www.valtv.ch\/decouvert-dossements-du-neolithique\/\">Vi\u00add\u00e9o sur Val TV<\/a><\/p>\n<\/li>\n<li>\n<h3>C\u2019est quoi le karst?<\/h3>\n<div>\n<p><iframe loading=\"lazy\" class=\"video_en\" width=\"1920\" height=\"1080\" src=\"https:\/\/youtube.com\/embed\/KHY3phiJ3FQ\" allowfullscreen=\"allowfullscreen\" uk-responsive uk-video=\"automute: true\"><\/iframe><\/p>\n<p>L\u2019ISSKA pr\u00e9\u00adsente une courte vi\u00add\u00e9o de pr\u00e9\u00adsen\u00adta\u00adtion du karst. Une im\u00admer\u00adsion de 7&nbsp;mi\u00adnutes des dans le sous-sol des r\u00e9\u00adgions kars\u00adtiques.<\/p>\n<\/div>\n<\/li>\n<li>\n<h3>Rapport hydrog\u00e9ologie<\/h3>\n<div>\n<p><img decoding=\"async\" src=\"https:\/\/www.isska.ch\/wp-content\/uploads\/2026\/02\/EPIK_OFEV_2025.jpg\"><\/p>\n<p>Une nou\u00advelle pu\u00adbli\u00adca\u00adtion de l\u2019ISSKA sur les eaux sou\u00adter\u00adraines est dis\u00adpo\u00adnible sur le site web de la Conf\u00e9\u00add\u00e9\u00adra\u00adtion. Il s\u2019agit de la m\u00e9\u00adthode EPIK 2.0.<\/p>\n<ul><\/ul>\n<\/div>\n<p><a href=\"https:\/\/www.bafu.admin.ch\/dam\/fr\/sd-web\/972UprvsWxTX\/UW-2510-F_EPIK.pdf\">Do\u00adcu\u00adment PDF<\/a><\/p>\n<\/li>\n<\/ul>\n<h1>Articles Scientifiques r\u00e9cents<\/h1>\n<p><\/p><p>\n        <a href=\"https:\/\/www.isska.ch\/fr\/institut-suisse-de-speleologie-et-de-karstologie\/articles-scientifiques\/\">Tous les ar\u00adticles<\/a>\n    <\/p>\n\n<h1>L\u2019ISSKA sur LinkedIN<\/h1>\n<p><!--more--><br>\n<!-- {\"type\":\"layout\",\"children\":[{\"type\":\"section\",\"props\":{\"css\":\"@media (max-width:759px) {\\n  .el-section {\\n      height: 370px;\\n    }\\n}\\n@media (min-width:760px) {\\n    .el-section {\\n        height: 275px;\\n    }\\n}\\n@media (min-width:1200px) {\\n    .el-section {\\n        height: 340px;\\n    }\\n}\\n@media (min-width:1600px) {\\n    .el-section {\\n        height: 580px;\\n    }\\n}\\n@media (min-width:1600px) and (max-height:1100px) {\\n    .el-section {\\n        height: 460px;\\n    }\\n}\",\"image\":\"wp-content\/uploads\/2024\/01\/CreteVaas_2023_RW_5-scaled.jpg\",\"image_position\":\"center-center\",\"image_size\":\"cover\",\"padding_bottom\":\"large\",\"padding_top\":\"large\",\"style\":\"default\",\"title_breakpoint\":\"xl\",\"title_position\":\"top-left\",\"title_rotation\":\"left\",\"vertical_align\":\"\",\"width\":\"default\"},\"children\":[{\"type\":\"row\",\"children\":[{\"type\":\"column\",\"props\":{\"image_position\":\"center-center\",\"position_sticky_breakpoint\":\"m\"},\"children\":[{\"type\":\"button\",\"props\":{\"css\":\".el-content {\\n    font-family: \\\"Century Gothic\\\", Verdana, sans-serif;\\n    }\\n@media (max-width:759px) {\\n  .el-content {\\n    margin: 10px 50px; \\n    width: 250px;\\n    position: relative;\\n    top: 180px;\\n  }\\n}\\n@media (min-width:760px) {\\n  .el-content {\\n    margin: 10px 6px; \\n    width: 217px;\\n    position: relative;\\n    top: 104px;\\n  }\\n}\\n@media (min-width:1200px) {\\n  .el-content {\\n    width: 260px;\\n    margin: 0px 40px;\\n    position: relative;\\n    top: 165px;\\n  }\\n}\\n@media (min-width:1600px) {\\n  .el-content {\\n    margin-top: 250px;\\n }\\n} \\n@media (min-width:1600px) and (max-height:1100px) {\\n  .el-content {\\n    margin-top: 130px;\\n }\\n} \",\"fullwidth\":false,\"grid_column_gap\":\"collapse\",\"grid_row_gap\":\"small\",\"margin_bottom\":\"default\",\"margin_top\":\"default\",\"position_bottom\":\"-93\",\"position_z_index\":\"2\",\"text_align\":\"center\"},\"children\":[{\"type\":\"button_item\",\"props\":{\"button_style\":\"primary\",\"content\":\"Qui sommes-nous?\",\"dialog_layout\":\"modal\",\"dialog_offcanvas_flip\":true,\"icon_align\":\"left\",\"link\":\"https:\/\/www.isska.ch\/qui-sommes-nous\/\"}},{\"type\":\"button_item\",\"props\":{\"button_style\":\"primary\",\"content\":\"Comp\u00e9tences\",\"dialog_layout\":\"modal\",\"dialog_offcanvas_flip\":true,\"icon_align\":\"left\",\"link\":\"https:\/\/www.isska.ch\/competences\/\"}},{\"type\":\"button_item\",\"props\":{\"button_style\":\"primary\",\"content\":\"Prestations\",\"dialog_layout\":\"modal\",\"dialog_offcanvas_flip\":true,\"icon_align\":\"left\",\"link\":\"https:\/\/www.isska.ch\/prestations\/\"}}]}]}]}],\"name\":\"Header_fr\"},{\"type\":\"section\",\"props\":{\"css\":\"@media (min-width:760px) {\\n    .el-section {\\n        margin-top: -50px;\\n    }\\n}\\n@media (min-width:1200px) {\\n    .el-section {\\n        margin-top: 0px\\n    }\\n}\",\"image_position\":\"center-center\",\"style\":\"default\",\"title_breakpoint\":\"xl\",\"title_position\":\"top-left\",\"title_rotation\":\"left\",\"vertical_align\":\"\",\"width\":\"default\"},\"children\":[{\"type\":\"row\",\"props\":{\"css\":\"@media (max-width:759px) {\\n  .el-element {\\n    margin-top: 130px;\\n  }\\n}\\n@media (min-width:760px) {\\n  .el-element {\\n    margin-top: 50px;\\n  }\\n}\"},\"children\":[{\"type\":\"column\",\"props\":{\"image_position\":\"center-center\",\"position_sticky_breakpoint\":\"m\"},\"children\":[{\"type\":\"headline\",\"props\":{\"content\":\"Actuel\",\"css\":\"@media (max-width:759px) and (orientation:landscape) {\\n    .el-section {\\n        margin-top: 90px;\\n    }\\n}\",\"image_align\":\"left\",\"image_margin\":\"xsmall\",\"title_decoration\":\"divider\",\"title_element\":\"h1\",\"title_style\":\"h2\"}},{\"type\":\"panel-slider\",\"props\":{\"content_align\":false,\"content_column_breakpoint\":\"m\",\"css\":\"\\n\\n\",\"image_align\":\"top\",\"image_grid_breakpoint\":\"m\",\"image_grid_width\":\"1-2\",\"image_svg_color\":\"emphasis\",\"link_style\":\"primary\",\"link_target\":true,\"link_text\":\"Read more\",\"margin_bottom\":\"default\",\"margin_top\":\"default\",\"meta_align\":\"below-title\",\"meta_element\":\"div\",\"meta_style\":\"text-meta\",\"nav\":\"dotnav\",\"nav_align\":\"center\",\"nav_breakpoint\":\"\",\"panel_image_no_padding\":true,\"panel_link\":true,\"panel_link_hover\":\"true\",\"panel_match\":true,\"panel_padding\":\"small\",\"panel_style\":\"card-default\",\"show_content\":true,\"show_hover_image\":true,\"show_hover_video\":true,\"show_image\":true,\"show_link\":true,\"show_meta\":true,\"show_title\":true,\"show_video\":true,\"slidenav\":\"\",\"slidenav_breakpoint\":\"xl\",\"slidenav_margin\":\"medium\",\"slidenav_outside_breakpoint\":\"xl\",\"slider_autoplay\":true,\"slider_autoplay_interval\":\"7\",\"slider_autoplay_pause\":true,\"slider_center\":true,\"slider_divider\":false,\"slider_finite\":false,\"slider_gap\":\"small\",\"slider_parallax\":false,\"slider_sets\":false,\"slider_velocity\":\"1\",\"slider_width\":\"fixed\",\"slider_width_default\":\"1-1\",\"slider_width_large\":\"1-3\",\"slider_width_medium\":\"1-3\",\"slider_width_small\":\"1-1\",\"slider_width_xlarge\":\"1-3\",\"title_align\":\"top\",\"title_decoration\":\"bullet\",\"title_element\":\"h3\",\"title_grid_breakpoint\":\"m\",\"title_grid_width\":\"1-2\",\"title_hover_style\":\"reset\",\"title_style\":\"h4\"},\"children\":[{\"type\":\"panel-slider_item\",\"props\":{\"content\":\"\n\n<p><span><img src=\\\"https:\/\/www.isska.ch\/wp-content\/uploads\/2025\/09\/Guide_Areuse_coupe2-3.jpg\\\" alt=\\\"\\\" width=\\\"800\\\" height=\\\"533\\\" class=\\\"alignnone size-medium wp-image-3490\\\" \/><\/span><\/p>\n\n\\n\n\n<p>Avec ses 6 guides, l'ISSKA vous propose des ballades pour comprendre les paysages karstiques, l\u2019origine de l\u2019eau et son \u00e9coulement en souterrain.<\/p>\n\n\",\"link\":\"https:\/\/www.isska.ch\/fr\/prestations\/enseignement\/\",\"link_text\":\"plus d'informations\",\"title\":\"Guides d'excursion\"}},{\"type\":\"panel-slider_item\",\"props\":{\"content\":\"\n\n<p><img src=\\\"https:\/\/www.isska.ch\/wp-content\/uploads\/2026\/04\/Braving-the-water-by-Mirjam-Widmer.png\\\"  \/><\/p>\n\n Le Fonds National Suisse pour la Recherche scientifique r\u00e9compense une image documentant le travail de terrain men\u00e9 dans le cadre du projet CaveSeds.\\n\n\n<p>\\n\n\n<ul><\/ul>\n\n\",\"link\":\"https:\/\/www.snf.ch\/fr\/1uKR6zjXHwNrHeeA\/news\/le-concours-dimages-fete-ses-dix-ans\",\"link_text\":\"Plus d'info\",\"title\":\"Image prim\u00e9e\"}},{\"type\":\"panel-slider_item\",\"props\":{\"content\":\"\n\n<p><img src=\\\"https:\/\/www.isska.ch\/wp-content\/uploads\/2026\/04\/c1b412-29191599.jpg\\\" \/><\/p>\n\n\\n\n\n<p>Les grottes \u00e9taient au programme de l'\u00e9mission Dis, Pourquoi ? sur la RTS La Premi\u00e8re. Cinq jours, cinq th\u00e9matiques abod\u00e9es par l'ISSKA avec Lucas Thorens.\\n\n\n<ul><\/ul>\n\n\",\"link\":\"https:\/\/www.rts.ch\/audio-podcast\/2026\/audio\/comment-se-forment-les-grottes-grottes-1-5-29191600.html\",\"link_text\":\"Podcast RTS\",\"title\":\"Emission RTS\"}},{\"type\":\"panel-slider_item\",\"props\":{\"content\":\"\n\n<p><img src=\\\"https:\/\/www.isska.ch\/wp-content\/uploads\/2026\/03\/IMG_1576_rec_chaud-scaled.jpg\\\" \/><\/p>\n\n\\n\n\n<p>F\u00e9licitation! La soutenance publique de notre coll\u00e8gue Claudio Pastore met un point final au projet ThermoKarst.<\/p>\n\n\\n\n\n<ul><\/ul>\n\n\",\"image\":\"\",\"image_alt\":\"Soutenance Claudio Pastore\",\"link\":\"thermokarst\/\",\"link_text\":\"Projet ThermoKarst\",\"title\":\"Nouveau docteur\"}},{\"type\":\"panel-slider_item\",\"props\":{\"content\":\"\n\n<p><img src=\\\"https:\/\/www.isska.ch\/wp-content\/uploads\/2025\/12\/Capture-decran-2025-12-30-093229.png\\\" \/><\/p>\n\n\\n\n\n<p>Un document \u00e0 d\u00e9couvrir en ligne, au sujet de la biodiversit\u00e9 des \u00e9cosyst\u00e8mes karstiques suisses. \\n\n\n<ul><\/ul>\n\n\",\"link\":\"https:\/\/www.isska.ch\/pdf\/Fr\/Competences\/Annexes_Biodiv_OFEV_2025\/Rapport_Biodiv_OFEV_brochure.pdf\",\"link_text\":\"Document PDF\",\"title\":\"Rapport Biodiversit\u00e9 CH\"}},{\"type\":\"panel-slider_item\",\"props\":{\"content\":\"\n\n<p><img src=\\\"https:\/\/www.isska.ch\/wp-content\/uploads\/2025\/11\/DSC_5241_chalet_neuf_light.jpg\\\" \/><\/p>\n\n\\n\n\n<p>Une cavit\u00e9 de la Vall\u00e9e de Joux livre des ossements de loup, d'\u00e9lan et de bison.\\n\n\n<ul><\/ul>\n\n\",\"link\":\"https:\/\/www.valtv.ch\/decouvert-dossements-du-neolithique\/\",\"link_text\":\"Vid\u00e9o sur Val TV\",\"title\":\"D\u00e9couverte d'ossements\"}},{\"type\":\"panel-slider_item\",\"props\":{\"content\":\"\n\n<p><iframe class=\\\"video_en\\\" width=\\\"1920\\\" height=\\\"1080\\\" src=\\\"https:\/\/youtube.com\/embed\/KHY3phiJ3FQ\\\" allowfullscreen=\\\"allowfullscreen\\\" uk-responsive=\\\"\\\" uk-video=\\\"automute: true\\\"><\/iframe><\/p>\n\n\\n\n\n<p>L'ISSKA pr\u00e9sente une courte vid\u00e9o de pr\u00e9sentation du karst. Une immersion de 7 minutes des dans le sous-sol des r\u00e9gions karstiques.<\/p>\n\n\",\"image\":\"\",\"image_alt\":\"a dark tunnel with a light at the end\",\"link_text\":\"Voir une autre vid\u00e9o\",\"title\":\"C'est quoi le karst?\"}},{\"type\":\"panel-slider_item\",\"props\":{\"content\":\"\n\n<p><img src=\\\"https:\/\/www.isska.ch\/wp-content\/uploads\/2026\/02\/EPIK_OFEV_2025.jpg\\\" \/><\/p>\n\n\\n\n\n<p>Une nouvelle publication de l'ISSKA sur les eaux souterraines est disponible sur le site web de la Conf\u00e9d\u00e9ration. Il s'agit de la m\u00e9thode EPIK 2.0.<\/p>\n\n\\n\n\n<ul><\/ul>\n\n\",\"link\":\"https:\/\/www.bafu.admin.ch\/dam\/fr\/sd-web\/972UprvsWxTX\/UW-2510-F_EPIK.pdf\",\"link_text\":\"Document PDF\",\"title\":\"Rapport hydrog\u00e9ologie\"}},{\"type\":\"panel-slider_item\",\"props\":{\"content\":\"\n\n<p><img src=\\\"https:\/\/www.isska.ch\/wp-content\/uploads\/yootheme\/cache\/e5\/Pernon-e53f1512.webp\\\" \/><\/p>\n\n\\n\n\n<p>L'ISSKA vous propose deux excursions karstiques au mois de juin, en collaboration avec deux parcs naturels r\u00e9gionaux : Doubs et Jura vaudois. \\n\n\n<ul><\/ul>\n\n\",\"link\":\"https:\/\/www.isska.ch\/fr\/excursions\/\",\"link_text\":\"Informations et inscriptions\",\"status\":\"disabled\",\"title\":\"Excursions en juin\"}},{\"type\":\"panel-slider_item\",\"props\":{\"content\":\"\n\n<div>\\n\n\n<p><img src=\\\"https:\/\/www.isska.ch\/wp-content\/uploads\/2025\/09\/Pages-de-Rapport_Annuel_2024_Coupe2-3.png\\\"\/><\/p>\n\n\\n<\/div>\n\n\\n\n\n<p>D\u00e9couvrez notre rapport annuel 2024 avec son \\\"focus\\\" sur les chaud et froid du karst.<\/p>\n\n\",\"link\":\"http:\/\/www.isska.ch\/pdf\/Fr\/Rapport_annuel\/Rapp_2024_F.pdf\",\"link_text\":\"T\u00e9l\u00e9charger (PDF)\",\"status\":\"disabled\",\"title\":\"Rapport annuel 2024\"}}],\"name\":\"Panel_Slider\"},{\"type\":\"headline\",\"props\":{\"content\":\"Articles Scientifiques r\u00e9cents\",\"css\":\".el-element {\\n    margin-top: 70px;\\n}\\n\",\"image_align\":\"left\",\"image_margin\":\"xsmall\",\"title_element\":\"h1\",\"title_style\":\"h3\"}},{\"type\":\"module\",\"props\":{\"menu_image_align\":\"center\",\"menu_image_margin\":true,\"menu_style\":\"default\",\"menu_type\":\"nav\",\"type\":\"custom_html\",\"widget\":\"custom_html-4\"}},{\"type\":\"button\",\"props\":{\"fullwidth\":true,\"grid_column_gap\":\"small\",\"grid_row_gap\":\"small\",\"margin_bottom\":\"default\",\"margin_top\":\"default\"},\"children\":[{\"type\":\"button_item\",\"props\":{\"button_style\":\"primary\",\"content\":\"Tous les articles\",\"dialog_layout\":\"modal\",\"dialog_offcanvas_flip\":true,\"icon_align\":\"left\",\"link\":\"https:\/\/www.isska.ch\/fr\/institut-suisse-de-speleologie-et-de-karstologie\/articles-scientifiques\/\"}}]},{\"type\":\"headline\",\"props\":{\"content\":\"L'ISSKA sur LinkedIN\",\"css\":\".el-element {\\n    margin-top: 70px;\\n}\\n\",\"image_align\":\"left\",\"image_margin\":\"xsmall\",\"title_element\":\"h1\",\"title_style\":\"h3\"}},{\"type\":\"module\",\"props\":{\"menu_image_align\":\"center\",\"menu_image_margin\":true,\"menu_style\":\"default\",\"menu_type\":\"nav\",\"type\":\"custom_html\",\"widget\":\"custom_html-3\"}},{\"type\":\"text\",\"props\":{\"column_breakpoint\":\"m\",\"content\":\"\n\n<p>L'ISSKA est une fondation d'utilit\u00e9 publique sans but lucratif. Notre institut dispose de comp\u00e9tences reconnues en Suisse et \u00e0 l'\u00e9chelle internationale. Fort de nos 23 ans d'existence, nous disposons d'une expertise unique dans de nombreux domaines, en particulier, les ressources en eau, les al\u00e9as li\u00e9s au karst dans le g\u00e9nie civil, le climat souterrain et la g\u00e9othermie en milieu calcaire.<\/p>\n\n\\n\n\n<p>L\u2019ISSKA est un maillon essentiel dans le paysage des institutions suisses, \u00e0 l\u2019interface des mondes acad\u00e9miques et pratiques, et qui permet le d\u00e9veloppement, la centralisation et le partage de la connaissance scientifique du milieu karstique. Notre \u00e9quipe \u0153uvre \u00e0 la mise en application des r\u00e9sultats de la recherche fondamentale ainsi qu\u2019\u00e0 la sensibilisation du public et des scolaires aux questions li\u00e9es au sous-sol.<\/p>\n\n\",\"css\":\".el-element{\\n   text-align: justify;\\n   font-family: \\\"Century Gothic\\\", Verdana, sans-serif;\\n}\",\"margin_bottom\":\"default\",\"margin_top\":\"default\",\"status\":\"disabled\"}},{\"type\":\"headline\",\"props\":{\"content\":\"Vous avez d\u00e9couvert des ossements?\",\"css\":\".el-element {\\n    margin-top: 70px;\\n}\\n.el-element {\\nfont-family: \\\"Century Gothic\\\", Verdana, sans-serif;\\n}\\n\",\"image_align\":\"left\",\"image_margin\":\"xsmall\",\"status\":\"disabled\",\"title_element\":\"h1\",\"title_style\":\"h3\"}},{\"type\":\"text\",\"props\":{\"column_breakpoint\":\"m\",\"content\":\"\n\n<p>Notre plateforme pal\u00e9ontologie est \u00e0 votre disposition. Il s\u2019agit d\u2019un service que l'ISSKA propose \u00e0 l\u2019attention des sp\u00e9l\u00e9ologues et des services sp\u00e9cialis\u00e9s des cantons. Elle sert \u00e0 informer r\u00e9ciproquement les acteurs de d\u00e9couvertes d'ossements et les responsables de la protection des g\u00e9otopes, les chercheurs et les conservateurs de collections pal\u00e9ontologiques.<\/p>\n\n\\n\",\"css\":\".el-element{\\n   text-align: justify;\\n   font-family: \\\"Century Gothic\\\", Verdana, sans-serif;\\n}\\n\",\"margin_bottom\":\"default\",\"margin_top\":\"default\",\"status\":\"disabled\"}},{\"type\":\"html\",\"props\":{\"content\":\"<a download class=\\\"uk-button uk-button-primary .uk-width-1-1\\\" href=\\\"wp-content\/uploads\/2023\/12\/Instructions_Biospeleologie.pdf\\\">&#8681; Pr\u00e9l\u00e8vement ad\u00e9quat<\/a>\\n\",\"css\":\".uk-button {\\n  font-family: \\\"Century Gothic\\\", Verdana, sans-serif;\\n}\",\"status\":\"disabled\"},\"name\":\"Download_File_Button\"},{\"type\":\"button\",\"props\":{\"css\":\".el-content {\\n    font-family: \\\"Century Gothic\\\", Verdana, sans-serif;\\n    }\",\"fullwidth\":true,\"grid_column_gap\":\"small\",\"grid_row_gap\":\"small\",\"margin_bottom\":\"default\",\"margin_top\":\"default\",\"status\":\"disabled\",\"text_align\":\"center\"},\"children\":[{\"type\":\"button_item\",\"props\":{\"button_style\":\"primary\",\"content\":\"Annoncer une D\u00e9couverte\",\"dialog_layout\":\"modal\",\"dialog_offcanvas_flip\":true,\"icon_align\":\"left\",\"link\":\"https:\/\/www.isska.ch\/ossements\/\"}}]},{\"type\":\"headline\",\"props\":{\"content\":\"Excursions\",\"css\":\".el-element {\\n    margin-top: 70px;\\n}\\n.el-element {\\nfont-family: \\\"Century Gothic\\\", Verdana, sans-serif;\\n}\",\"image_align\":\"left\",\"image_margin\":\"xsmall\",\"status\":\"disabled\",\"title_element\":\"h1\",\"title_style\":\"h3\"}},{\"type\":\"text\",\"props\":{\"column_breakpoint\":\"m\",\"content\":\"\n\n<p>Envie de partir \u00e0 la d\u00e9couverte du karst avec l\u2019ISSKA ?<\/p>\n\n\\n\n\n<p>Inscrivez-vous \u00e0 notre liste de diffusion, pour vous tenir inform\u00e9 des excursions guid\u00e9es par notre Institut. Il suffit de noter votre adresse email puis de cliquer sur \u00abinscription\u00bb. Nous proposons quatre \u00e0 six sorties par ann\u00e9e.<\/p>\n\n\",\"css\":\".el-element{\\n   text-align: justify;\\n   font-family: \\\"Century Gothic\\\", Verdana, sans-serif;\\n}\\n\",\"margin_bottom\":\"default\",\"margin_top\":\"default\",\"status\":\"disabled\"}},{\"type\":\"html\",\"props\":{\"content\":\"\n\n<form action=\\\"https:\/\/manager.infomaniak.com\/public\/mail\/mailinglist_process.php\\\" method=\\\"post\\\">\\n  <input name=\\\"maillist\\\" type=\\\"hidden\\\" value=\\\"ZXhjdXJzaW9uQGlzc2thLmNo\\\" \/>\\n  <input name=\\\"action\\\" type=\\\"hidden\\\" value=\\\"add\\\" \/>\\n  <input name=\\\"url\\\" type=\\\"hidden\\\" value=\\\"http:\/\/www.isska.ch\/index.php\/l-isska\/enseignement\/formation\/excursions\\\" \/>\\n  <input name=\\\"email\\\" type=\\\"text\\\" \/>\\n  <input class=\\\"uk-button uk-button-primary\\\" name=\\\"add\\\" type=\\\"submit\\\" value=\\\"Inscription\\\" \/>\\n<\/form>\n\n\\n\\n\n\n<form action=\\\"https:\/\/manager.infomaniak.com\/public\/mail\/mailinglist_process.php\\\" method=\\\"post\\\">\\n  <input name=\\\"maillist\\\" type=\\\"hidden\\\" value=\\\"ZXhjdXJzaW9uQGlzc2thLmNo\\\" \/>\\n  <input name=\\\"action\\\" type=\\\"hidden\\\" value=\\\"remove\\\" \/>\\n  <input name=\\\"url\\\" type=\\\"hidden\\\" value=\\\"http:\/\/www.isska.ch\/index.php\/l-isska\/enseignement\/formation\/excursions\\\" \/>\\n  <input name=\\\"email\\\" type=\\\"text\\\" \/>\\n  <input class=\\\"uk-button uk-button-primary\\\" name=\\\"add\\\" type=\\\"submit\\\" value=\\\"D\u00e9sinscription\\\" \/>\\n<\/form>\n\n\",\"css\":\"form {\\n  margin-bottom: 20px; \/* Adjust the value as needed *\/\\n}\\n\\nform input[type=\\\"text\\\"] {\\n  width: 200px; \/* Set the desired width *\/\\n  height: 22px;\\n  padding: 10px; \/* Add padding for better appearance *\/\\n  margin-bottom: 10px; \/* Add vertical space between inputs *\/\\n  border: 1px solid black; \/* Add a border *\/\\n}\\n\\nform input[type=\\\"submit\\\"] {\\n  width: 240px;\\n  margin-left:10px;\\n  font-family: \\\"Century Gothic\\\", Verdana, sans-serif;\\n  text-align: center;\\n}\\n@media (max-width:759px) and (orientation:portrait) {\\n form input[type=\\\"submit\\\"] {\\n      margin-left:0px;\\n     margin-bottom: 10px;\\n}\",\"status\":\"disabled\"}}]}]}],\"name\":\"Inhalt_Acceuil\"}],\"version\":\"5.0.31\"} --><\/p>\n","protected":false},"excerpt":{"rendered":"<p>Qui sommes-nous? Com\u00adp\u00e9\u00adtences Pres\u00adta\u00adtions Ac\u00adtuel Guides d\u2019excursion Avec ses 6 guides, l\u2019ISSKA vous pro\u00adpose des bal\u00adlades pour com\u00adprendre les pay\u00adsages kars\u00adtiques, l\u2019origine de l\u2019eau et son \u00e9cou\u00adle\u00adment en sou\u00adter\u00adrain. plus d\u2019informations Image pri\u00adm\u00e9e Le Fonds Na\u00adtio\u00adnal Suisse pour la Re\u00adcherche scien\u00adti\u00adfique r\u00e9\u00adcom\u00adpense une image do\u00adcu\u00admen\u00adtant le tra\u00advail de ter\u00adrain me\u00adn\u00e9 dans le cadre du pro\u00adjet [\u2026]<\/p>\n","protected":false},"author":1,"featured_media":0,"parent":0,"menu_order":0,"comment_status":"closed","ping_status":"closed","template":"","meta":{"wp_typography_post_enhancements_disabled":false,"footnotes":""},"categories":[1],"tags":[],"class_list":["post-150","page","type-page","status-publish","hentry","category-uncategorized"],"_links":{"self":[{"href":"https:\/\/www.isska.ch\/fr\/wp-json\/wp\/v2\/pages\/150","targetHints":{"allow":["GET"]}}],"collection":[{"href":"https:\/\/www.isska.ch\/fr\/wp-json\/wp\/v2\/pages"}],"about":[{"href":"https:\/\/www.isska.ch\/fr\/wp-json\/wp\/v2\/types\/page"}],"author":[{"embeddable":true,"href":"https:\/\/www.isska.ch\/fr\/wp-json\/wp\/v2\/users\/1"}],"replies":[{"embeddable":true,"href":"https:\/\/www.isska.ch\/fr\/wp-json\/wp\/v2\/comments?post=150"}],"version-history":[{"count":87,"href":"https:\/\/www.isska.ch\/fr\/wp-json\/wp\/v2\/pages\/150\/revisions"}],"predecessor-version":[{"id":4401,"href":"https:\/\/www.isska.ch\/fr\/wp-json\/wp\/v2\/pages\/150\/revisions\/4401"}],"wp:attachment":[{"href":"https:\/\/www.isska.ch\/fr\/wp-json\/wp\/v2\/media?parent=150"}],"wp:term":[{"taxonomy":"category","embeddable":true,"href":"https:\/\/www.isska.ch\/fr\/wp-json\/wp\/v2\/categories?post=150"},{"taxonomy":"post_tag","embeddable":true,"href":"https:\/\/www.isska.ch\/fr\/wp-json\/wp\/v2\/tags?post=150"}],"curies":[{"name":"wp","href":"https:\/\/api.w.org\/{rel}","templated":true}]}}