{"id":2295,"date":"2024-06-04T17:04:36","date_gmt":"2024-06-04T15:04:36","guid":{"rendered":"https:\/\/www.isska.ch\/?page_id=2295"},"modified":"2025-01-09T15:23:59","modified_gmt":"2025-01-09T14:23:59","slug":"services-et-analyses","status":"publish","type":"page","link":"https:\/\/www.isska.ch\/fr\/prestations\/services-et-analyses\/","title":{"rendered":"Services et analyses"},"content":{"rendered":"<ul>\n<li>\n        <a href=\"https:\/\/www.isska.ch\/qui-sommes-nous\">Qui sommes nous<\/a>\n    <\/li>\n<li>\n        <a href=\"https:\/\/www.isska.ch\/competences\/\">Com\u00adp\u00e9\u00adtences<\/a>\n    <\/li>\n<li>\n        <a href=\"https:\/\/www.isska.ch\/prestations\/\">Pres\u00adta\u00adtions<\/a>\n    <\/li>\n<\/ul>\n<h1>Services et Analyses<\/h1>\n<ul>\n<li>\n<h3>Monitoring et suivis (hydro-)g\u00e9ologiques <\/h3>\n<div>\n<p>L\u2019ISSKA ins\u00adtru\u00admente les ca\u00advi\u00adt\u00e9s sou\u00adter\u00adraines de dif\u00adf\u00e9\u00adrents cap\u00adteurs pour le sui\u00advi de pa\u00adra\u00adm\u00e8tres phy\u00adsiques et chi\u00admiques (d\u00e9\u00adbits, conduc\u00adti\u00advi\u00adt\u00e9 \u00e9lec\u00adtriques, tem\u00adp\u00e9\u00adra\u00adture, ra\u00addon, CO2, m\u00e9\u00adthane, bruits, etc.). L\u2019ISSKA pro\u00adpose ses ser\u00advices pour la mise en place de veilles hy\u00addro\u00adg\u00e9o\u00adlo\u00adgiques ain\u00adsi que le sui\u00advi de la qua\u00adli\u00adt\u00e9 des eaux sou\u00adter\u00adraines. Une trans\u00admis\u00adsion de don\u00adn\u00e9es sans-fil per\u00admet de consul\u00adter les <strong>me\u00adsures en temps r\u00e9el<\/strong> et mettre en place <strong>des sys\u00adt\u00e8mes d\u2019alarmes<\/strong> en cas de crue ou de concen\u00adtra\u00adtions ga\u00adzeuses trop \u00e9le\u00adv\u00e9es.<\/p>\n<p>Dans le cadre d\u2019<strong>\u00e9tudes d\u2019impact<\/strong>, l\u2019ISSKA as\u00adsure le sui\u00advi de fo\u00adrages de re\u00adcon\u00adnais\u00adsance et ac\u00adcom\u00adpagne des in\u00adves\u00adti\u00adga\u00adtions g\u00e9o\u00adphy\u00adsiques.<\/p>\n<p>L\u2019ISSKA est aus\u00adsi sp\u00e9\u00adcia\u00adli\u00ads\u00e9 dans le sui\u00advi et l\u2019interpr\u00e9tation des don\u00adn\u00e9es hy\u00addro\u00adg\u00e9o\u00adlo\u00adgiques des fo\u00adrages de re\u00adcon\u00adnais\u00adsance. Il peut aus\u00adsi ac\u00adcom\u00adpa\u00adgner les in\u00adves\u00adti\u00adga\u00adtions g\u00e9o\u00adphy\u00adsiques.<\/p>\n<\/div>\n<\/li>\n<li>\n<h3>Cartographie et relev\u00e9s 3D<\/h3>\n<div>\n<p>L\u2019ISSKA est sp\u00e9\u00adcia\u00adliste dans le re\u00adle\u00adv\u00e9 et l\u2019\u00e9tablissement de cartes g\u00e9o\u00adlo\u00adgiques et de plans to\u00adpo\u00adgra\u00adphiques sou\u00adter\u00adrains (mines, car\u00adri\u00e8res, grottes, etc.). Au moyen de tech\u00adnique de pointes, l\u2019ISSKA me\u00adsure et car\u00adto\u00adgra\u00adphie les ca\u00advi\u00adt\u00e9s sou\u00adter\u00adraines avec un de\u00adgr\u00e9 de pr\u00e9\u00adci\u00adsion adap\u00adt\u00e9 \u00e0 chaque be\u00adsoin (du cro\u00adquis ra\u00adpide au plan d\u00e9\u00adtaill\u00e9).<\/p>\n<p>L\u2019application de nou\u00advelles tech\u00adno\u00adlo\u00adgies \u00e0 la to\u00adpo\u00adgra\u00adphie des ca\u00advi\u00adt\u00e9s (<strong>Li\u00adDAR<\/strong>, <strong>pho\u00adto\u00adgram\u00adm\u00e9\u00adtrie<\/strong>) im\u00adplique le d\u00e9\u00adve\u00adlop\u00adpe\u00adment de concepts de car\u00adto\u00adgra\u00adphie, de ges\u00adtion de don\u00adn\u00e9es et d\u2019archivage. L\u2019ISSKA se pr\u00e9\u00adoc\u00adcupe de main\u00adte\u00adnir les don\u00adn\u00e9es exis\u00adtantes tout en d\u00e9\u00adve\u00adlop\u00adpant de nou\u00advelles m\u00e9\u00adthodes d\u2019acquisition et de vi\u00adsua\u00adli\u00adsa\u00adtion.<\/p>\n<h6>Cartographie et inventaire des zones karstiques<\/h6>\n<p><strong>La carte \u00ab&nbsp;Karst&nbsp;\u00bb<\/strong> pro\u00adduite sur la base d\u2019un in\u00adven\u00adtaire des connais\u00adsances (g\u00e9o\u00adlo\u00adgie, hy\u00addro\u00adlo\u00adgie, v\u00e9\u00adg\u00e9\u00adta\u00adtion) per\u00admet d\u2019identifier les r\u00e9\u00adgions su\u00adjettes \u00e0 kars\u00adti\u00adfi\u00adca\u00adtion et donc n\u00e9\u00adces\u00adsi\u00adtant une ges\u00adtion adap\u00adt\u00e9e. Ces don\u00adn\u00e9es servent de base pour l\u2019application de la <strong>m\u00e9\u00adthode EPIK<\/strong> pour la pro\u00adtec\u00adtion des eaux sou\u00adter\u00adraines.<\/p>\n<div class=\"notranslate\">\n<p>Une carte des <strong>dan\u00adgers d\u2019effondrements<\/strong> et\/ou du <strong>risque d\u2019inondation<\/strong> li\u00e9 au karst peut \u00eatre \u00e9ta\u00adblie \u00e0 l\u2019\u00e9chelle can\u00adto\u00adnale ou com\u00admu\u00adnale.<\/p>\n<\/div>\n<p><strong>L\u2019inventaire des do\u00adlines et la\u00adpiaz<\/strong> in\u00adt\u00e8gre les connais\u00adsances du ter\u00adrain (sp\u00e9\u00adl\u00e9o\u00adlogues, gardes-fo\u00adres\u00adtiers, \u2026.) et l\u2019analyse g\u00e9o\u00adgra\u00adphique com\u00adbi\u00adnant car\u00adto\u00adgra\u00adphie des sols, stra\u00adti\u00adgra\u00adphie d\u00e9\u00adtaill\u00e9e et struc\u00adtures g\u00e9o\u00adlo\u00adgiques. Ces don\u00adn\u00e9es per\u00admettent d\u2019identifier les zones d\u2019int\u00e9r\u00eats g\u00e9o\u00adlo\u00adgique en vue de leur pro\u00adtec\u00adtion.<\/p>\n<h6>Analyse d\u2019effondrements et recommandations<\/h6>\n<p>La pr\u00e9\u00adsence de vides sou\u00adter\u00adrains est sou\u00advent pro\u00adbl\u00e9\u00adma\u00adtique, par exemple lorsqu\u2019on veut construire une \u00e9o\u00adlienne, un tun\u00adnel ou une mai\u00adson. <strong>L\u2019exploration<\/strong> d\u2019un r\u00e9\u00adseau kars\u00adtique et son <strong>le\u00adv\u00e9 to\u00adpo\u00adgra\u00adphique<\/strong> per\u00admettent de lo\u00adca\u00adli\u00adser l\u2019extension d\u2019une ca\u00advi\u00adt\u00e9 \u00e0 proxi\u00admi\u00adt\u00e9 des in\u00adfra\u00adstruc\u00adtures. La d\u00e9\u00adtec\u00adtion de ca\u00advi\u00adt\u00e9s in\u00adcon\u00adnues \u00e0 des pro\u00adfon\u00addeurs su\u00adp\u00e9\u00adrieures \u00e0 15 ou 20 m\u00e8tres est sou\u00advent dif\u00adfi\u00adcile, ce\u00adpen\u00addant, en col\u00adla\u00adbo\u00adra\u00adtion avec di\u00advers par\u00adte\u00adnaires, l\u2019ISSKA uti\u00adlise et d\u00e9\u00adve\u00adloppe dif\u00adf\u00e9\u00adrentes <strong>m\u00e9\u00adthodes g\u00e9o\u00adphy\u00adsiques<\/strong> pour lo\u00adca\u00adli\u00adser une ca\u00advi\u00adt\u00e9 de\u00adpuis la sur\u00adface. Notre ex\u00adp\u00e9\u00adrience nous per\u00admet de four\u00adnir des re\u00adcom\u00adman\u00adda\u00adtions pra\u00adtiques pour la ges\u00adtion de ces cas.<\/p>\n<\/div>\n<\/li>\n<li>\n<h3>Analyse 3D des \u00e9coulements souterrains<\/h3>\n<div>\n<p>L\u2019ISSKA est pion\u00adnier dans l\u2019application de tech\u00adno\u00adlo\u00adgies 3D pour la <strong>mo\u00add\u00e9\u00adli\u00adsa\u00adtion des ob\u00adjets du sous-sol<\/strong> (g\u00e9o\u00adlo\u00adgie, mines, grottes, ou\u00advrages sou\u00adter\u00adrains) et des <strong>eaux sou\u00adter\u00adraines<\/strong>.<\/p>\n<p>En r\u00e9\u00adgion kars\u00adtique, le d\u00e9\u00adbit des sources et des ri\u00advi\u00e8res est contr\u00f4\u00adl\u00e9 par le fonc\u00adtion\u00adne\u00adment hy\u00addro\u00adg\u00e9o\u00adlo\u00adgique du karst sou\u00adter\u00adrain. L\u2019analyse 3D des couches du sous-sol per\u00admet d\u2019\u00e9valuer les bas\u00adsins ali\u00admen\u00adtant les sources et donc le d\u00e9\u00adbit de celles-ci. Ces connais\u00adsances sont in\u00addis\u00adpen\u00adsables pour \u00e9va\u00adluer les dan\u00adgers de crues lors d\u2019\u00e9v\u00e9nements plu\u00advieux ex\u00adcep\u00adtion\u00adnels, res\u00adpec\u00adti\u00adve\u00adment les risques de s\u00e9\u00adche\u00adresse.<\/p>\n<p>L\u2019ISSKA pro\u00adpose des so\u00adlu\u00adtions nu\u00adm\u00e9\u00adriques pour <strong>si\u00admu\u00adler le com\u00adpor\u00adte\u00adment des eaux sou\u00adter\u00adraines<\/strong> (pr\u00e9\u00advi\u00adsions en temps r\u00e9el de pres\u00adsions et de d\u00e9\u00adbits). Ces r\u00e9\u00adsul\u00adtats sont im\u00adpor\u00adtants pour la construc\u00adtion d\u2019ouvrages sou\u00adter\u00adrains mais aus\u00adsi, en sur\u00adface, pour la ges\u00adtion des eaux, des dan\u00adgers na\u00adtu\u00adrels et les \u00e9tudes d\u2019impacts, par exemple la d\u00e9\u00adter\u00admi\u00adna\u00adtion de <strong>d\u00e9\u00adbits r\u00e9\u00adsi\u00adduels<\/strong>. Pour ce faire, l\u2019ISSKA uti\u00adlise plu\u00adsieurs lo\u00adgi\u00adciels tels que <a href=\"https:\/\/www.epa.gov\/water-research\/storm-water-management-model-swmm\" data-wplink-url-error=\"true\" target=\"_blank\" rel=\"noopener\">SWMM5<\/a> ou <a href=\"https:\/\/www.crealp.ch\/rs-minerve\/\" data-wplink-url-error=\"true\" target=\"_blank\" rel=\"noopener\">RS Mi\u00adnerve<\/a>.<\/p><\/div>\n<\/li>\n<li>\n<h3>Assainissements<\/h3>\n<div>\n<p>L\u2019ISSKA in\u00adven\u00adto\u00adrie, sur le ter\u00adrain, les ca\u00advi\u00adt\u00e9s ou do\u00adlines pol\u00adlu\u00e9es pour les ins\u00adcrire au <strong>ca\u00addastre des sites pol\u00adlu\u00e9s<\/strong>. Ces ca\u00advi\u00adt\u00e9s sont par\u00adfois connues de longue date, mais sou\u00advent les in\u00adfor\u00adma\u00adtions pr\u00e9\u00adcises manquent (vo\u00adlume de d\u00e9\u00adchets, ac\u00adc\u00e8s, type de d\u00e9\u00adchets).<\/p>\n<p>Un <strong>rap\u00adport d\u2019investigation<\/strong> est \u00e9ta\u00adbli pour chaque r\u00e9\u00adgion concer\u00adn\u00e9e in\u00adcluant des\u00adcrip\u00adtif de site, plan de ca\u00advi\u00adt\u00e9, dos\u00adsier pho\u00adto\u00adgra\u00adphique, vo\u00adlume et na\u00adture des d\u00e9\u00adchets et bud\u00adget d\u2019assainissement.<\/p>\n<p>En co\u00ador\u00addi\u00adna\u00adtion avec les au\u00adto\u00adri\u00adt\u00e9s (Com\u00admunes, can\u00adtons, Conf\u00e9\u00add\u00e9\u00adra\u00adtion, ar\u00adm\u00e9e), les sites sont <strong>as\u00adsai\u00adnis avec des moyens sp\u00e9\u00adcia\u00adli\u00ads\u00e9s<\/strong> et, avec le sou\u00adtien de ci\u00advi\u00adlistes, les d\u00e9\u00adchets sont tri\u00e9s et ache\u00admi\u00adn\u00e9s vers des centres de re\u00adtrai\u00adte\u00adment. La pro\u00adc\u00e9\u00addure se ter\u00admine par la r\u00e9\u00addac\u00adtion d\u2019un rap\u00adport re\u00admis aux au\u00adto\u00adri\u00adt\u00e9s.<\/p>\n<\/div>\n<\/li>\n<li>\n<h3>D\u00e9terminations Ost\u00e9ologiques<\/h3>\n<div>\n<p>L\u2019ISSKA pro\u00adpose un ser\u00advice de d\u00e9\u00adter\u00admi\u00adna\u00adtion d\u2019ossements trou\u00adv\u00e9s en mi\u00adlieu kars\u00adtique.<\/p>\n<p><a href=\"https:\/\/www.isska.ch\/competences\/archeozoologie\/\" data-wplink-url-error=\"true\" target=\"_blank\" rel=\"noopener\">Lien vers Com\u00adp\u00e9\u00adtence ar\u00adch\u00e9o\u00adzoo\u00adlo\u00adgie<\/a><\/p>\n<\/div>\n<\/li>\n<li>\n<h3>Labo Fluo<\/h3>\n<div>\n<p>L\u2019ISSKA ac\u00adcom\u00adpagne et r\u00e9a\u00adlise des <strong>es\u00adsais de tra\u00ad\u00e7age hy\u00addro\u00adg\u00e9o\u00adlo\u00adgiques<\/strong> par in\u00adjec\u00adtion d\u2019une sub\u00adstance non toxique, g\u00e9\u00adn\u00e9\u00adra\u00adle\u00adment co\u00adlo\u00adrante dans l\u2019environnement (perte, do\u00adline, grotte, etc.). L\u2019utilisation de fluo\u00adri\u00adm\u00e8tres de ter\u00adrain, d\u2019\u00e9chantillonneurs au\u00adto\u00adma\u00adtiques et de fluo\u00adcap\u00adteurs per\u00admet d\u2019identifier les sources re\u00adli\u00e9es au(x) point(s) d\u2019injection, et de ca\u00adrac\u00adt\u00e9\u00adri\u00adser le lien (vi\u00adtesse, taux de res\u00adti\u00adtu\u00adtion, etc.). Le la\u00adbo\u00adra\u00adtoire ISSKA d\u2019analyse de fluo\u00adres\u00adcence per\u00admet de quan\u00adti\u00adfier des concen\u00adtra\u00adtions de tra\u00adceurs in\u00adf\u00e9\u00adrieures au \u00b5g\/l. &nbsp;<\/p>\n<\/div>\n<\/li>\n<\/ul>\n<p><!--more--><br>\n<!-- {\"type\":\"layout\",\"children\":[{\"type\":\"section\",\"props\":{\"css\":\"@media (max-width:759px) {\\n  .el-section {\\n      height: 370px;\\n    }\\n}\\n@media (min-width:760px) {\\n    .el-section {\\n        height: 275px;\\n    }\\n}\\n@media (min-width:1200px) {\\n    .el-section {\\n        height: 340px;\\n    }\\n}\\n@media (min-width:1600px) {\\n    .el-section {\\n        height: 580px;\\n    }\\n}\\n@media (min-width:1600px) and (max-height:1100px) {\\n    .el-section {\\n        height: 460px;\\n    }\\n}\",\"image\":\"wp-content\\\/uploads\\\/2024\\\/01\\\/CreteVaas_2023_RW_5-scaled.jpg\",\"image_position\":\"center-center\",\"image_size\":\"cover\",\"padding\":\"large\",\"style\":\"default\",\"title_breakpoint\":\"xl\",\"title_position\":\"top-left\",\"title_rotation\":\"left\",\"vertical_align\":\"middle\",\"width\":\"default\"},\"children\":[{\"type\":\"row\",\"children\":[{\"type\":\"column\",\"props\":{\"image_position\":\"center-center\",\"position_sticky_breakpoint\":\"m\"},\"children\":[{\"type\":\"button\",\"props\":{\"css\":\".el-content {\\n    font-family: \\\"Century Gothic\\\", Verdana, sans-serif;\\n    }\\n@media (max-width:759px) {\\n  .el-content {\\n    margin: 10px 50px; \\n    width: 250px;\\n    position: relative;\\n    top: 180px;\\n  }\\n}\\n@media (min-width:760px) {\\n  .el-content {\\n    margin: 10px 6px; \\n    width: 217px;\\n    position: relative;\\n    top: 104px;\\n  }\\n}\\n@media (min-width:1200px) {\\n  .el-content {\\n    width: 260px;\\n    margin: 0px 40px;\\n    position: relative;\\n    top: 165px;\\n  }\\n}\\n@media (min-width:1600px) {\\n  .el-content {\\n    margin-top: 250px;\\n }\\n} \\n@media (min-width:1600px) and (max-height:1100px) {\\n  .el-content {\\n    margin-top: 130px;\\n }\\n} \",\"fullwidth\":false,\"grid_column_gap\":\"collapse\",\"grid_row_gap\":\"small\",\"margin\":\"default\",\"position_bottom\":\"-93\",\"position_z_index\":\"2\",\"text_align\":\"center\"},\"children\":[{\"type\":\"button_item\",\"props\":{\"button_style\":\"primary\",\"content\":\"Qui sommes nous\",\"icon_align\":\"left\",\"link\":\"https:\\\/\\\/www.isska.ch\\\/qui-sommes-nous\"}},{\"type\":\"button_item\",\"props\":{\"button_style\":\"primary\",\"content\":\"Comp\\u00e9tences\",\"icon_align\":\"left\",\"link\":\"https:\\\/\\\/www.isska.ch\\\/competences\\\/\"}},{\"type\":\"button_item\",\"props\":{\"button_style\":\"primary\",\"content\":\"Prestations\",\"icon_align\":\"left\",\"link\":\"https:\\\/\\\/www.isska.ch\\\/prestations\\\/\"}}]}]}]}],\"name\":\"Header\"},{\"type\":\"section\",\"props\":{\"css\":\"@media (max-width: 759px) {\\n    .el-row {\\n        padding-top: 135px;\\n    }\\n}\\n@media (max-width: 759px) and (orientation:landscape) {\\n    .el-row {\\n        padding-top: 140px;\\n    }\\n}\\n.el-section {\\n    font-family: 'Century Gothic', Verdana, sans-serif;\\n}\",\"image_position\":\"center-center\",\"style\":\"default\",\"title_breakpoint\":\"xl\",\"title_position\":\"top-left\",\"title_rotation\":\"left\",\"vertical_align\":\"middle\",\"width\":\"default\"},\"children\":[{\"type\":\"row\",\"children\":[{\"type\":\"column\",\"props\":{\"image_position\":\"center-center\",\"position_sticky_breakpoint\":\"m\"},\"children\":[{\"type\":\"breadcrumbs\",\"props\":{\"show_current\":true,\"show_home\":true,\"visibility\":\"s\"},\"name\":\"Breadcrumbs\"},{\"type\":\"headline\",\"props\":{\"content\":\"Services et Analyses\",\"title_element\":\"h1\"},\"name\":\"Titre\"},{\"type\":\"accordion\",\"props\":{\"collapsible\":true,\"content_column_breakpoint\":\"m\",\"image_align\":\"top\",\"image_grid_breakpoint\":\"m\",\"image_grid_width\":\"1-2\",\"image_svg_color\":\"emphasis\",\"link_style\":\"default\",\"link_text\":\"Read more\",\"show_image\":true,\"show_link\":true},\"children\":[{\"type\":\"accordion_item\",\"props\":{\"content\":\"\n\n<p>L'ISSKA instrumente les cavit\\u00e9s souterraines de diff\\u00e9rents capteurs pour le suivi de param\\u00e8tres physiques et chimiques (d\\u00e9bits, conductivit\\u00e9 \\u00e9lectriques, temp\\u00e9rature, radon, CO2, m\\u00e9thane, bruits, etc.). L\\u2019ISSKA propose ses services pour la mise en place de veilles hydrog\\u00e9ologiques ainsi que le suivi de la qualit\\u00e9 des eaux souterraines. Une transmission de donn\\u00e9es sans-fil permet de consulter les <strong>mesures en temps r\\u00e9el<\\\/strong> et mettre en place <strong>des syst\\u00e8mes d\\u2019alarmes<\\\/strong> en cas de crue ou de concentrations gazeuses trop \\u00e9lev\\u00e9es.<\\\/p>\\n\n\n<p>Dans le cadre d\\u2019<strong>\\u00e9tudes d\\u2019impact<\\\/strong>, l\\u2019ISSKA assure le suivi de forages de reconnaissance et accompagne des investigations g\\u00e9ophysiques.<\\\/p>\\n\n\n<p>L\\u2019ISSKA est aussi sp\\u00e9cialis\\u00e9 dans le suivi et l\\u2019interpr\\u00e9tation des donn\\u00e9es hydrog\\u00e9ologiques des forages de reconnaissance. Il peut aussi accompagner les investigations g\\u00e9ophysiques.<\\\/p>\",\"title\":\"Monitoring et suivis (hydro-)g\\u00e9ologiques \"}},{\"type\":\"accordion_item\",\"props\":{\"content\":\"\n\n<p>L\\u2019ISSKA est sp\\u00e9cialiste dans le relev\\u00e9 et l\\u2019\\u00e9tablissement de cartes g\\u00e9ologiques et de plans topographiques souterrains (mines, carri\\u00e8res, grottes, etc.). Au moyen de technique de pointes, l'ISSKA mesure et cartographie les cavit\\u00e9s souterraines avec un degr\\u00e9 de pr\\u00e9cision adapt\\u00e9 \\u00e0 chaque besoin (du croquis rapide au plan d\\u00e9taill\\u00e9).<\\\/p>\\n\n\n<p>L'application de nouvelles technologies \\u00e0 la topographie des cavit\\u00e9s (<strong>LiDAR<\\\/strong>, <strong>photogramm\\u00e9trie<\\\/strong>) implique le d\\u00e9veloppement de concepts de cartographie, de gestion de donn\\u00e9es et d'archivage. L\\u2019ISSKA se pr\\u00e9occupe de maintenir les donn\\u00e9es existantes tout en d\\u00e9veloppant de nouvelles m\\u00e9thodes d\\u2019acquisition et de visualisation.<\\\/p>\\n\n\n<h6>Cartographie et inventaire des zones karstiques<\\\/h6>\\n\n\n<p><strong>La carte \\u00ab\\u00a0Karst\\u00a0\\u00bb<\\\/strong> produite sur la base d\\u2019un inventaire des connaissances (g\\u00e9ologie, hydrologie, v\\u00e9g\\u00e9tation) permet d\\u2019identifier les r\\u00e9gions sujettes \\u00e0 karstification et donc n\\u00e9cessitant une gestion adapt\\u00e9e. Ces donn\\u00e9es servent de base pour l\\u2019application de la <strong>m\\u00e9thode EPIK<\\\/strong> pour la protection des eaux souterraines.<\\\/p>\\n\n\n<div class=\\\"notranslate\\\">\n\n<p>Une carte des <strong>dangers d\\u2019effondrements<\\\/strong> et\\\/ou du <strong>risque d\\u2019inondation<\\\/strong> li\\u00e9 au karst peut \\u00eatre \\u00e9tablie \\u00e0 l\\u2019\\u00e9chelle cantonale ou communale.<\\\/p><\\\/div>\\n\n\n<p><strong>L\\u2019inventaire des dolines et lapiaz<\\\/strong> int\\u00e8gre les connaissances du terrain (sp\\u00e9l\\u00e9ologues, gardes-forestiers, \\u2026.) et l\\u2019analyse g\\u00e9ographique combinant cartographie des sols, stratigraphie d\\u00e9taill\\u00e9e et structures g\\u00e9ologiques. Ces donn\\u00e9es permettent d\\u2019identifier les zones d\\u2019int\\u00e9r\\u00eats g\\u00e9ologique en vue de leur protection.<\\\/p>\\n\n\n<h6>Analyse d'effondrements et recommandations<\\\/h6>\\n\n\n<p>La pr\\u00e9sence de vides souterrains est souvent probl\\u00e9matique, par exemple lorsqu'on veut construire une \\u00e9olienne, un tunnel ou une maison. <strong>L\\u2019exploration<\\\/strong> d\\u2019un r\\u00e9seau karstique et son <strong>lev\\u00e9 topographique<\\\/strong> permettent de localiser l\\u2019extension d\\u2019une cavit\\u00e9 \\u00e0 proximit\\u00e9 des infrastructures. La d\\u00e9tection de cavit\\u00e9s inconnues \\u00e0 des profondeurs sup\\u00e9rieures \\u00e0 15 ou 20 m\\u00e8tres est souvent difficile, cependant, en collaboration avec divers partenaires, l\\u2019ISSKA utilise et d\\u00e9veloppe diff\\u00e9rentes <strong>m\\u00e9thodes g\\u00e9ophysiques<\\\/strong> pour localiser une cavit\\u00e9 depuis la surface. Notre exp\\u00e9rience nous permet de fournir des recommandations pratiques pour la gestion de ces cas.<\\\/p>\",\"title\":\"Cartographie et relev\\u00e9s 3D\"}},{\"type\":\"accordion_item\",\"props\":{\"content\":\"\n\n<p>L\\u2019ISSKA est pionnier dans l\\u2019application de technologies 3D pour la <strong>mod\\u00e9lisation des objets du sous-sol<\\\/strong> (g\\u00e9ologie, mines, grottes, ouvrages souterrains) et des <strong>eaux souterraines<\\\/strong>.<\\\/p>\\n\n\n<p>En r\\u00e9gion karstique, le d\\u00e9bit des sources et des rivi\\u00e8res est contr\\u00f4l\\u00e9 par le fonctionnement hydrog\\u00e9ologique du karst souterrain. L'analyse 3D des couches du sous-sol permet d'\\u00e9valuer les bassins alimentant les sources et donc le d\\u00e9bit de celles-ci. Ces connaissances sont indispensables pour \\u00e9valuer les dangers de crues lors d'\\u00e9v\\u00e9nements pluvieux exceptionnels, respectivement les risques de s\\u00e9cheresse.<\\\/p>\\n\n\n<p>L\\u2019ISSKA propose des solutions num\\u00e9riques pour <strong>simuler le comportement des eaux souterraines<\\\/strong> (pr\\u00e9visions en temps r\\u00e9el de pressions et de d\\u00e9bits). Ces r\\u00e9sultats sont importants pour la construction d'ouvrages souterrains mais aussi, en surface, pour la gestion des eaux, des dangers naturels et les \\u00e9tudes d'impacts, par exemple la d\\u00e9termination de <strong>d\\u00e9bits r\\u00e9siduels<\\\/strong>. Pour ce faire, l'ISSKA utilise plusieurs logiciels tels que <a href=\\\"https:\\\/\\\/www.epa.gov\\\/water-research\\\/storm-water-management-model-swmm\\\" data-wplink-url-error=\\\"true\\\" target=\\\"_blank\\\" rel=\\\"noopener\\\">SWMM5<\\\/a> ou <a href=\\\"https:\\\/\\\/www.crealp.ch\\\/rs-minerve\\\/\\\" data-wplink-url-error=\\\"true\\\" target=\\\"_blank\\\" rel=\\\"noopener\\\">RS Minerve<\\\/a>.\",\"title\":\"Analyse 3D des \\u00e9coulements souterrains\"}},{\"type\":\"accordion_item\",\"props\":{\"content\":\"\n\n<p>L\\u2019ISSKA inventorie, sur le terrain, les cavit\\u00e9s ou dolines pollu\\u00e9es pour les inscrire au <strong>cadastre des sites pollu\\u00e9s<\\\/strong>. Ces cavit\\u00e9s sont parfois connues de longue date, mais souvent les informations pr\\u00e9cises manquent (volume de d\\u00e9chets, acc\\u00e8s, type de d\\u00e9chets).<\\\/p>\\n\n\n<p>Un <strong>rapport d\\u2019investigation<\\\/strong> est \\u00e9tabli pour chaque r\\u00e9gion concern\\u00e9e incluant descriptif de site, plan de cavit\\u00e9, dossier photographique, volume et nature des d\\u00e9chets et budget d\\u2019assainissement.<\\\/p>\\n\n\n<p>En coordination avec les autorit\\u00e9s (Communes, cantons, Conf\\u00e9d\\u00e9ration, arm\\u00e9e), les sites sont <strong>assainis avec des moyens sp\\u00e9cialis\\u00e9s<\\\/strong> et, avec le soutien de civilistes, les d\\u00e9chets sont tri\\u00e9s et achemin\\u00e9s vers des centres de retraitement. La proc\\u00e9dure se termine par la r\\u00e9daction d'un rapport remis aux autorit\\u00e9s.<\\\/p>\",\"title\":\"Assainissements\"}},{\"type\":\"accordion_item\",\"props\":{\"content\":\"\n\n<p>L\\u2019ISSKA propose un service de d\\u00e9termination d\\u2019ossements trouv\\u00e9s en milieu karstique.<\\\/p>\\n\n\n<p><a href=\\\"https:\\\/\\\/www.isska.ch\\\/competences\\\/archeozoologie\\\/\\\" data-wplink-url-error=\\\"true\\\" target=\\\"_blank\\\" rel=\\\"noopener\\\">Lien vers Comp\\u00e9tence arch\\u00e9ozoologie<\\\/a><\\\/p>\",\"title\":\"D\\u00e9terminations Ost\\u00e9ologiques\"}},{\"type\":\"accordion_item\",\"props\":{\"content\":\"\n\n<p>L\\u2019ISSKA accompagne et r\\u00e9alise des <strong>essais de tra\\u00e7age hydrog\\u00e9ologiques<\\\/strong> par injection d'une substance non toxique, g\\u00e9n\\u00e9ralement colorante dans l'environnement (perte, doline, grotte, etc.). L\\u2019utilisation de fluorim\\u00e8tres de terrain, d\\u2019\\u00e9chantillonneurs automatiques et de fluocapteurs permet d'identifier les sources reli\\u00e9es au(x) point(s) d'injection, et de caract\\u00e9riser le lien (vitesse, taux de restitution, etc.). Le laboratoire ISSKA d\\u2019analyse de fluorescence permet de quantifier des concentrations de traceurs inf\\u00e9rieures au \\u00b5g\\\/l. \\u00a0<\\\/p>\",\"title\":\"Labo Fluo\"}}]}]}]}],\"name\":\"Breadcrumbs_Title_Text_Sub\"}],\"version\":\"4.3.5\"} --><\/p>\n","protected":false},"excerpt":{"rendered":"<p>Qui sommes nous Com\u00adp\u00e9\u00adtences Pres\u00adta\u00adtions Ser\u00advices et Ana\u00adlyses Mo\u00adni\u00adto\u00adring et sui\u00advis (hydro-)g\u00e9ologiques L\u2019ISSKA ins\u00adtru\u00admente les ca\u00advi\u00adt\u00e9s sou\u00adter\u00adraines de dif\u00adf\u00e9\u00adrents cap\u00adteurs pour le sui\u00advi de pa\u00adra\u00adm\u00e8tres phy\u00adsiques et chi\u00admiques (d\u00e9\u00adbits, conduc\u00adti\u00advi\u00adt\u00e9 \u00e9lec\u00adtriques, tem\u00adp\u00e9\u00adra\u00adture, ra\u00addon, CO2, m\u00e9\u00adthane, bruits, etc.). L\u2019ISSKA pro\u00adpose ses ser\u00advices pour la mise en place de veilles hy\u00addro\u00adg\u00e9o\u00adlo\u00adgiques ain\u00adsi que le sui\u00advi de la [\u2026]<\/p>\n","protected":false},"author":1,"featured_media":0,"parent":186,"menu_order":1,"comment_status":"closed","ping_status":"closed","template":"","meta":{"wp_typography_post_enhancements_disabled":false,"footnotes":""},"categories":[],"tags":[],"class_list":["post-2295","page","type-page","status-publish","hentry"],"_links":{"self":[{"href":"https:\/\/www.isska.ch\/fr\/wp-json\/wp\/v2\/pages\/2295","targetHints":{"allow":["GET"]}}],"collection":[{"href":"https:\/\/www.isska.ch\/fr\/wp-json\/wp\/v2\/pages"}],"about":[{"href":"https:\/\/www.isska.ch\/fr\/wp-json\/wp\/v2\/types\/page"}],"author":[{"embeddable":true,"href":"https:\/\/www.isska.ch\/fr\/wp-json\/wp\/v2\/users\/1"}],"replies":[{"embeddable":true,"href":"https:\/\/www.isska.ch\/fr\/wp-json\/wp\/v2\/comments?post=2295"}],"version-history":[{"count":0,"href":"https:\/\/www.isska.ch\/fr\/wp-json\/wp\/v2\/pages\/2295\/revisions"}],"up":[{"embeddable":true,"href":"https:\/\/www.isska.ch\/fr\/wp-json\/wp\/v2\/pages\/186"}],"wp:attachment":[{"href":"https:\/\/www.isska.ch\/fr\/wp-json\/wp\/v2\/media?parent=2295"}],"wp:term":[{"taxonomy":"category","embeddable":true,"href":"https:\/\/www.isska.ch\/fr\/wp-json\/wp\/v2\/categories?post=2295"},{"taxonomy":"post_tag","embeddable":true,"href":"https:\/\/www.isska.ch\/fr\/wp-json\/wp\/v2\/tags?post=2295"}],"curies":[{"name":"wp","href":"https:\/\/api.w.org\/{rel}","templated":true}]}}