{"id":3267,"date":"2025-04-10T16:34:12","date_gmt":"2025-04-10T14:34:12","guid":{"rendered":"https:\/\/www.isska.ch\/?page_id=3267"},"modified":"2026-05-06T11:52:27","modified_gmt":"2026-05-06T09:52:27","slug":"excursions","status":"publish","type":"page","link":"https:\/\/www.isska.ch\/fr\/excursions\/","title":{"rendered":"Excursions"},"content":{"rendered":"<ul>\n<li>\n<p>\n        <a href=\"https:\/\/www.isska.ch\/qui-sommes-nous\">Qui sommes-nous?<\/a>\n    <\/p>\n<\/li>\n<li>\n<p>\n        <a href=\"https:\/\/www.isska.ch\/competences\/\">Com\u00adp\u00e9\u00adtences<\/a>\n    <\/p>\n<\/li>\n<li>\n<p>\n        <a href=\"https:\/\/www.isska.ch\/prestations\/\">Pres\u00adta\u00adtions<\/a>\n    <\/p>\n<\/li>\n<\/ul>\n<h1>Excursions publiques 2026<\/h1>\n<div>\n<p>Cette an\u00adn\u00e9e, l\u2019ISSKA vous pro\u00adpose deux ex\u00adcur\u00adsions pu\u00adbliques :<\/p>\n<\/div>\n<div>\n<p>        <img decoding=\"async\" src=\"\/wp-content\/uploads\/2026\/05\/ReplatesLocle.jpg\" alt><\/p>\n<h3>Samedi 13 juin : paysage en \u00e9volution au Col-de-Roches<\/h3>\n<div>\n<p>Une ran\u00addon\u00adn\u00e9e dans la r\u00e9\u00adgion du Col-des-Roches pro\u00adpo\u00ads\u00e9e, dans le cadre du pro\u00adgramme d\u00e9\u00adcou\u00adverte du Parc na\u00adtu\u00adrel r\u00e9\u00adgio\u00adnal du Doubs.<\/p>\n<p> Cette ex\u00adcur\u00adsion pro\u00adpose la d\u00e9\u00adcou\u00adverte des pay\u00adsages g\u00e9o\u00adlo\u00adgiques et de leurs in\u00adter\u00adac\u00adtions avec les am\u00e9\u00adna\u00adge\u00adments ur\u00adbains d\u2019entr\u00e9e de ville.<\/p>\n<div style=\"display: flex; flex-direction: column; gap: 8px; margin: 12px 0;\">\n<div style=\"display: flex; align-items: center; gap: 0;\">\n    <svg width=\"44\" height=\"44\" viewBox=\"0 0 44 44\" style=\"flex-shrink:0;\">\n      <path fill=\"#2ecc71\" d=\"M22 4C13 4 6 11 6 20c0 11 16 24 16 24s16-13 16-24C38 11 31 4 22 4z\" \/>\n      <circle fill=\"white\" cx=\"22\" cy=\"20\" r=\"8\" \/>\n    <\/svg><br>\n    <span style=\"font-family: 'century gothic', sans-serif; font-size: 18px; font-weight: 500; color: #333;\">Le Locle<\/span>\n  <\/div>\n<div style=\"display: flex; align-items: center; gap: 0;\">\n    <svg width=\"44\" height=\"44\" viewBox=\"0 0 44 44\" style=\"flex-shrink:0;\">\n      <rect x=\"16\" y=\"4\" width=\"12\" height=\"7\" rx=\"2\" fill=\"#795548\" \/>\n      <rect x=\"16\" y=\"33\" width=\"12\" height=\"7\" rx=\"2\" fill=\"#795548\" \/>\n      <circle cx=\"22\" cy=\"22\" r=\"15\" fill=\"#795548\" \/>\n      <circle cx=\"22\" cy=\"22\" r=\"11\" fill=\"#f5ebe0\" \/>\n      <line x1=\"22\" y1=\"22\" x2=\"28\" y2=\"14\" stroke=\"#795548\" stroke-width=\"2\" stroke-linecap=\"round\" \/>\n      <line x1=\"22\" y1=\"22\" x2=\"22\" y2=\"30\" stroke=\"#795548\" stroke-width=\"1.5\" stroke-linecap=\"round\" \/>\n      <circle cx=\"22\" cy=\"22\" r=\"2\" fill=\"#795548\" \/>\n    <\/svg><br>\n    <span style=\"font-family: 'century gothic', sans-serif; font-size: 18px; font-weight: 500; color: #333;\">14h00 \u2013 18h00<\/span>\n  <\/div>\n<div style=\"display: flex; align-items: center; gap: 0;\">\n    <svg width=\"44\" height=\"44\" viewBox=\"0 0 44 44\" style=\"flex-shrink:0;\">\n      <ellipse cx=\"22\" cy=\"38\" rx=\"14\" ry=\"4\" fill=\"#9e9e9e\" \/>\n      <rect x=\"8\" y=\"33\" width=\"28\" height=\"5\" fill=\"#9e9e9e\" \/>\n      <ellipse cx=\"22\" cy=\"33\" rx=\"14\" ry=\"4\" fill=\"#bdbdbd\" \/>\n      <ellipse cx=\"22\" cy=\"28\" rx=\"14\" ry=\"4\" fill=\"#9e9e9e\" \/>\n      <rect x=\"8\" y=\"23\" width=\"28\" height=\"5\" fill=\"#9e9e9e\" \/>\n      <ellipse cx=\"22\" cy=\"23\" rx=\"14\" ry=\"4\" fill=\"#bdbdbd\" \/>\n      <ellipse cx=\"22\" cy=\"18\" rx=\"14\" ry=\"4\" fill=\"#9e9e9e\" \/>\n      <rect x=\"8\" y=\"13\" width=\"28\" height=\"5\" fill=\"#9e9e9e\" \/>\n      <ellipse cx=\"22\" cy=\"13\" rx=\"14\" ry=\"4\" fill=\"#e0e0e0\" \/>\n      <ellipse cx=\"18\" cy=\"12\" rx=\"6\" ry=\"2\" fill=\"#eeeeee\" opacity=\"0.6\" \/>\n    <\/svg><br>\n    <span style=\"font-family: 'century gothic', sans-serif; font-size: 18px; font-weight: 500; color: #333;\">Fr. 20.\u2013<\/span>\n  <\/div>\n<\/div>\n<p>In\u00adfor\u00adma\u00adtions et ins\u00adcrip\u00adtions sous : <a class=\"moz-txt-link-freetext\" href=\"https:\/\/www.parcdoubs.ch\/fr\/actualites\/\">www.parcdoubs.ch\/fr\/actualites<\/a><\/p>\n<\/div>\n<\/div>\n<div>\n<p>        <img decoding=\"async\" src=\"\/wp-content\/uploads\/2026\/05\/Pernon.jpg\" alt><\/p>\n<h3>Dimanche 14 juin : Grottes et secrets calcaires<\/h3>\n<div>\n<p>\n  Une ini\u00adtia\u00adtion \u00e0 la sp\u00e9\u00adl\u00e9o\u00adlo\u00adgie pro\u00adpo\u00ads\u00e9e dans le cadre du pro\u00adgramme d\u00e9\u00adcou\u00adverte du Parc na\u00adtu\u00adrel r\u00e9\u00adgio\u00adnal Ju\u00adra vau\u00addois\n<\/p>\n<p>\nCette ac\u00adti\u00advi\u00adt\u00e9 est or\u00adga\u00adni\u00ads\u00e9e en col\u00adla\u00adbo\u00adra\u00adtion le Sp\u00e9\u00adl\u00e9o-Club Val\u00adl\u00e9e de Joux, sec\u00adtion de la So\u00adci\u00e9\u00adt\u00e9 Suisse de Sp\u00e9\u00adl\u00e9o\u00adlo\u00adgie.\n<\/p>\n<div style=\"display: flex; flex-direction: column; gap: 8px; margin: 12px 0;\">\n<div style=\"display: flex; align-items: center; gap: 0;\">\n    <svg width=\"44\" height=\"44\" viewBox=\"0 0 44 44\" style=\"flex-shrink:0;\">\n      <path fill=\"#2ecc71\" d=\"M22 4C13 4 6 11 6 20c0 11 16 24 16 24s16-13 16-24C38 11 31 4 22 4z\" \/>\n      <circle fill=\"white\" cx=\"22\" cy=\"20\" r=\"8\" \/>\n    <\/svg><br>\n    <span style=\"font-family: 'century gothic', sans-serif; font-size: 18px; font-weight: 500; color: #333;\">Vau\u00adlion<\/span>\n  <\/div>\n<div style=\"display: flex; align-items: center; gap: 0;\">\n    <svg width=\"44\" height=\"44\" viewBox=\"0 0 44 44\" style=\"flex-shrink:0;\">\n      <rect x=\"16\" y=\"4\" width=\"12\" height=\"7\" rx=\"2\" fill=\"#795548\" \/>\n      <rect x=\"16\" y=\"33\" width=\"12\" height=\"7\" rx=\"2\" fill=\"#795548\" \/>\n      <circle cx=\"22\" cy=\"22\" r=\"15\" fill=\"#795548\" \/>\n      <circle cx=\"22\" cy=\"22\" r=\"11\" fill=\"#f5ebe0\" \/>\n      <line x1=\"22\" y1=\"22\" x2=\"28\" y2=\"14\" stroke=\"#795548\" stroke-width=\"2\" stroke-linecap=\"round\" \/>\n      <line x1=\"22\" y1=\"22\" x2=\"22\" y2=\"30\" stroke=\"#795548\" stroke-width=\"1.5\" stroke-linecap=\"round\" \/>\n      <circle cx=\"22\" cy=\"22\" r=\"2\" fill=\"#795548\" \/>\n    <\/svg><br>\n    <span style=\"font-family: 'century gothic', sans-serif; font-size: 18px; font-weight: 500; color: #333;\">10h00 \u2013 14h45<\/span>\n  <\/div>\n<div style=\"display: flex; align-items: center; gap: 0;\">\n    <svg width=\"44\" height=\"44\" viewBox=\"0 0 44 44\" style=\"flex-shrink:0;\">\n      <ellipse cx=\"22\" cy=\"38\" rx=\"14\" ry=\"4\" fill=\"#9e9e9e\" \/>\n      <rect x=\"8\" y=\"33\" width=\"28\" height=\"5\" fill=\"#9e9e9e\" \/>\n      <ellipse cx=\"22\" cy=\"33\" rx=\"14\" ry=\"4\" fill=\"#bdbdbd\" \/>\n      <ellipse cx=\"22\" cy=\"28\" rx=\"14\" ry=\"4\" fill=\"#9e9e9e\" \/>\n      <rect x=\"8\" y=\"23\" width=\"28\" height=\"5\" fill=\"#9e9e9e\" \/>\n      <ellipse cx=\"22\" cy=\"23\" rx=\"14\" ry=\"4\" fill=\"#bdbdbd\" \/>\n      <ellipse cx=\"22\" cy=\"18\" rx=\"14\" ry=\"4\" fill=\"#9e9e9e\" \/>\n      <rect x=\"8\" y=\"13\" width=\"28\" height=\"5\" fill=\"#9e9e9e\" \/>\n      <ellipse cx=\"22\" cy=\"13\" rx=\"14\" ry=\"4\" fill=\"#e0e0e0\" \/>\n      <ellipse cx=\"18\" cy=\"12\" rx=\"6\" ry=\"2\" fill=\"#eeeeee\" opacity=\"0.6\" \/>\n    <\/svg><br>\n    <span style=\"font-family: 'century gothic', sans-serif; font-size: 18px; font-weight: 500; color: #333;\">payant<\/span>\n  <\/div>\n<\/div>\n<p>\nIn\u00adfor\u00adma\u00adtions et ins\u00adcrip\u00adtions sous :<br>\n<a href=\"https:\/\/parcjuravaudois.ch\/fr\/loisir\/52143\">www.parcjuravaudois.ch<\/a>\n<\/p>\n<\/div>\n<\/div>\n<div>\n<div>\n<h3 style=\"text-align: center;\">Contact<\/h3>\n<p style=\"text-align: center;\"><img loading=\"lazy\" decoding=\"async\" src=\"https:\/\/www.isska.ch\/wp-content\/uploads\/2024\/01\/Amandine_nb-scaled.jpg\" alt width=\"225\" height=\"300\" class=\"alignnone wp-image-2778 size-medium\"><\/p>\n<p style=\"text-align: center;\">Aman\u00addine Per\u00adret<br><a href=\"mailto:amandine.perret@isska.ch\">En\u00advoyer e-mail<\/a><\/p>\n\n<\/div>\n<\/div>\n<h1>Partenaires<\/h1>\n<p><img decoding=\"async\" src=\"\/wp-content\/uploads\/2026\/05\/PNR-PJV-Logo-Digital-Vert.svg\" alt><br>\n<img decoding=\"async\" src=\"\/wp-content\/uploads\/2026\/05\/SCVL_logo.png\" alt><br>\n<img decoding=\"async\" src=\"\/wp-content\/uploads\/2025\/04\/PDD_Logo_PDD_et_PNR_positif_RVB_300ppp.jpg\" alt=\"Logo du PNR Doubs\"><\/p>\n<p><!--more--><br>\n<!-- {\"type\":\"layout\",\"children\":[{\"type\":\"section\",\"props\":{\"css\":\"@media (max-width:759px) {\\n  .el-section {\\n      height: 370px;\\n    }\\n}\\n@media (min-width:760px) {\\n    .el-section {\\n        height: 275px;\\n    }\\n}\\n@media (min-width:1200px) {\\n    .el-section {\\n        height: 340px;\\n    }\\n}\\n@media (min-width:1600px) {\\n    .el-section {\\n        height: 580px;\\n    }\\n}\\n@media (min-width:1600px) and (max-height:1100px) {\\n    .el-section {\\n        height: 460px;\\n    }\\n}\",\"image\":\"wp-content\/uploads\/2024\/01\/CreteVaas_2023_RW_5-scaled.jpg\",\"image_position\":\"center-center\",\"image_size\":\"cover\",\"padding_bottom\":\"large\",\"padding_top\":\"large\",\"style\":\"default\",\"title_breakpoint\":\"xl\",\"title_position\":\"top-left\",\"title_rotation\":\"left\",\"vertical_align\":\"\",\"width\":\"default\"},\"children\":[{\"type\":\"row\",\"children\":[{\"type\":\"column\",\"props\":{\"image_position\":\"center-center\",\"position_sticky_breakpoint\":\"m\"},\"children\":[{\"type\":\"button\",\"props\":{\"css\":\".el-content {\\n    font-family: \\\"Century Gothic\\\", Verdana, sans-serif;\\n    }\\n@media (max-width:759px) {\\n  .el-content {\\n    margin: 10px 50px; \\n    width: 250px;\\n    position: relative;\\n    top: 180px;\\n  }\\n}\\n@media (min-width:760px) {\\n  .el-content {\\n    margin: 10px 6px; \\n    width: 217px;\\n    position: relative;\\n    top: 104px;\\n  }\\n}\\n@media (min-width:1200px) {\\n  .el-content {\\n    width: 260px;\\n    margin: 0px 40px;\\n    position: relative;\\n    top: 165px;\\n  }\\n}\\n@media (min-width:1600px) {\\n  .el-content {\\n    margin-top: 250px;\\n }\\n} \\n@media (min-width:1600px) and (max-height:1100px) {\\n  .el-content {\\n    margin-top: 130px;\\n }\\n} \",\"fullwidth\":false,\"grid_column_gap\":\"collapse\",\"grid_row_gap\":\"small\",\"margin_bottom\":\"default\",\"margin_top\":\"default\",\"position_bottom\":\"-93\",\"position_z_index\":\"2\",\"text_align\":\"center\"},\"children\":[{\"type\":\"button_item\",\"props\":{\"button_style\":\"primary\",\"content\":\"Qui sommes-nous?\",\"dialog_layout\":\"modal\",\"dialog_offcanvas_flip\":true,\"icon_align\":\"left\",\"link\":\"https:\/\/www.isska.ch\/qui-sommes-nous\"}},{\"type\":\"button_item\",\"props\":{\"button_style\":\"primary\",\"content\":\"Comp\u00e9tences\",\"dialog_layout\":\"modal\",\"dialog_offcanvas_flip\":true,\"icon_align\":\"left\",\"link\":\"https:\/\/www.isska.ch\/competences\/\"}},{\"type\":\"button_item\",\"props\":{\"button_style\":\"primary\",\"content\":\"Prestations\",\"dialog_layout\":\"modal\",\"dialog_offcanvas_flip\":true,\"icon_align\":\"left\",\"link\":\"https:\/\/www.isska.ch\/prestations\/\"}}]}]}]}],\"name\":\"Header_fr\"},{\"type\":\"section\",\"props\":{\"css\":\"@media (max-width: 759px) {\\n    .el-row {\\n        padding-top: 135px;\\n    }\\n}\\n@media (max-width: 759px) and (orientation:landscape) {\\n    .el-row {\\n        padding-top: 140px;\\n    }\\n}\",\"image_position\":\"center-center\",\"style\":\"default\",\"title_breakpoint\":\"xl\",\"title_position\":\"top-left\",\"title_rotation\":\"left\",\"vertical_align\":\"\",\"width\":\"default\"},\"children\":[{\"type\":\"row\",\"children\":[{\"type\":\"column\",\"props\":{\"image_position\":\"center-center\",\"position_sticky_breakpoint\":\"m\"}}]},{\"type\":\"row\",\"children\":[{\"type\":\"column\",\"props\":{\"image_position\":\"center-center\",\"position_sticky_breakpoint\":\"m\"},\"children\":[{\"type\":\"breadcrumbs\",\"props\":{\"show_current\":true,\"show_home\":true,\"visibility\":\"s\"},\"name\":\"Breadcrumbs\"},{\"type\":\"headline\",\"props\":{\"content\":\"Excursions publiques 2026\",\"image_align\":\"left\",\"image_margin\":\"xsmall\",\"title_element\":\"h1\"},\"name\":\"Titre\"},{\"type\":\"text\",\"props\":{\"column_breakpoint\":\"m\",\"content\":\"\n\n<p>Cette ann\u00e9e, l'ISSKA vous propose deux excursions publiques :<\/p>\n\n\",\"margin_bottom\":\"default\",\"margin_top\":\"default\"}}]}]},{\"type\":\"row\",\"children\":[{\"type\":\"column\",\"props\":{\"image_position\":\"center-center\",\"position_sticky_breakpoint\":\"m\"},\"children\":[{\"type\":\"panel\",\"props\":{\"content\":\"\n\n<p>Une randonn\u00e9e dans la r\u00e9gion du Col-des-Roches propos\u00e9e, dans le cadre du programme d\u00e9couverte du Parc naturel r\u00e9gional du Doubs.\\n    \\n\n\n<p> Cette excursion propose la d\u00e9couverte des paysages g\u00e9ologiques et de leurs interactions avec les am\u00e9nagements urbains d\u2019entr\u00e9e de ville.<\/p>\n\n\\n\\n\n\n<div style=\\\"display: flex; flex-direction: column; gap: 8px; margin: 12px 0;\\\">\\n\\n  \n\n<div style=\\\"display: flex; align-items: center; gap: 0;\\\">\\n    <svg width=\\\"44\\\" height=\\\"44\\\" viewBox=\\\"0 0 44 44\\\" style=\\\"flex-shrink:0;\\\">\\n      <path fill=\\\"#2ecc71\\\" d=\\\"M22 4C13 4 6 11 6 20c0 11 16 24 16 24s16-13 16-24C38 11 31 4 22 4z\\\"\/>\\n      <circle fill=\\\"white\\\" cx=\\\"22\\\" cy=\\\"20\\\" r=\\\"8\\\"\/>\\n    <\/svg>\\n    <span style=\\\"font-family: 'century gothic', sans-serif; font-size: 18px; font-weight: 500; color: #333;\\\">Le Locle<\/span>\\n  <\/div>\n\n\\n\\n  \n\n<div style=\\\"display: flex; align-items: center; gap: 0;\\\">\\n    <svg width=\\\"44\\\" height=\\\"44\\\" viewBox=\\\"0 0 44 44\\\" style=\\\"flex-shrink:0;\\\">\\n      <rect x=\\\"16\\\" y=\\\"4\\\" width=\\\"12\\\" height=\\\"7\\\" rx=\\\"2\\\" fill=\\\"#795548\\\"\/>\\n      <rect x=\\\"16\\\" y=\\\"33\\\" width=\\\"12\\\" height=\\\"7\\\" rx=\\\"2\\\" fill=\\\"#795548\\\"\/>\\n      <circle cx=\\\"22\\\" cy=\\\"22\\\" r=\\\"15\\\" fill=\\\"#795548\\\"\/>\\n      <circle cx=\\\"22\\\" cy=\\\"22\\\" r=\\\"11\\\" fill=\\\"#f5ebe0\\\"\/>\\n      <line x1=\\\"22\\\" y1=\\\"22\\\" x2=\\\"28\\\" y2=\\\"14\\\" stroke=\\\"#795548\\\" stroke-width=\\\"2\\\" stroke-linecap=\\\"round\\\"\/>\\n      <line x1=\\\"22\\\" y1=\\\"22\\\" x2=\\\"22\\\" y2=\\\"30\\\" stroke=\\\"#795548\\\" stroke-width=\\\"1.5\\\" stroke-linecap=\\\"round\\\"\/>\\n      <circle cx=\\\"22\\\" cy=\\\"22\\\" r=\\\"2\\\" fill=\\\"#795548\\\"\/>\\n    <\/svg>\\n    <span style=\\\"font-family: 'century gothic', sans-serif; font-size: 18px; font-weight: 500; color: #333;\\\">14h00 \u2013 18h00<\/span>\\n  <\/div>\n\n\\n\\n  \n\n<div style=\\\"display: flex; align-items: center; gap: 0;\\\">\\n    <svg width=\\\"44\\\" height=\\\"44\\\" viewBox=\\\"0 0 44 44\\\" style=\\\"flex-shrink:0;\\\">\\n      <ellipse cx=\\\"22\\\" cy=\\\"38\\\" rx=\\\"14\\\" ry=\\\"4\\\" fill=\\\"#9e9e9e\\\"\/>\\n      <rect x=\\\"8\\\" y=\\\"33\\\" width=\\\"28\\\" height=\\\"5\\\" fill=\\\"#9e9e9e\\\"\/>\\n      <ellipse cx=\\\"22\\\" cy=\\\"33\\\" rx=\\\"14\\\" ry=\\\"4\\\" fill=\\\"#bdbdbd\\\"\/>\\n      <ellipse cx=\\\"22\\\" cy=\\\"28\\\" rx=\\\"14\\\" ry=\\\"4\\\" fill=\\\"#9e9e9e\\\"\/>\\n      <rect x=\\\"8\\\" y=\\\"23\\\" width=\\\"28\\\" height=\\\"5\\\" fill=\\\"#9e9e9e\\\"\/>\\n      <ellipse cx=\\\"22\\\" cy=\\\"23\\\" rx=\\\"14\\\" ry=\\\"4\\\" fill=\\\"#bdbdbd\\\"\/>\\n      <ellipse cx=\\\"22\\\" cy=\\\"18\\\" rx=\\\"14\\\" ry=\\\"4\\\" fill=\\\"#9e9e9e\\\"\/>\\n      <rect x=\\\"8\\\" y=\\\"13\\\" width=\\\"28\\\" height=\\\"5\\\" fill=\\\"#9e9e9e\\\"\/>\\n      <ellipse cx=\\\"22\\\" cy=\\\"13\\\" rx=\\\"14\\\" ry=\\\"4\\\" fill=\\\"#e0e0e0\\\"\/>\\n      <ellipse cx=\\\"18\\\" cy=\\\"12\\\" rx=\\\"6\\\" ry=\\\"2\\\" fill=\\\"#eeeeee\\\" opacity=\\\"0.6\\\"\/>\\n    <\/svg>\\n    <span style=\\\"font-family: 'century gothic', sans-serif; font-size: 18px; font-weight: 500; color: #333;\\\">Fr. 20.\u2013<\/span>\\n  <\/div>\n\n\\n\\n<\/div>\n\n\\n\\n\n\n<p>Informations et inscriptions sous : <a class=\\\"moz-txt-link-freetext\\\" href=\\\"https:\/\/www.parcdoubs.ch\/fr\/actualites\/\\\">www.parcdoubs.ch\/fr\/actualites<\/a><\/p>\n\n\",\"content_column_breakpoint\":\"m\",\"image\":\"wp-content\/uploads\/2026\/05\/ReplatesLocle.jpg\",\"image_align\":\"top\",\"image_grid_breakpoint\":\"m\",\"image_grid_width\":\"1-2\",\"image_svg_color\":\"emphasis\",\"link_style\":\"default\",\"link_text\":\"Read more\",\"margin_bottom\":\"default\",\"margin_top\":\"default\",\"meta_align\":\"below-title\",\"meta_element\":\"div\",\"meta_style\":\"text-meta\",\"title\":\"Samedi 13 juin : paysage en \u00e9volution au Col-de-Roches\",\"title_align\":\"top\",\"title_element\":\"h3\",\"title_grid_breakpoint\":\"m\",\"title_grid_width\":\"1-2\",\"title_hover_style\":\"reset\"}}]}]},{\"type\":\"row\",\"children\":[{\"type\":\"column\",\"props\":{\"image_position\":\"center-center\",\"position_sticky_breakpoint\":\"m\"},\"children\":[{\"type\":\"panel\",\"props\":{\"content\":\"\n\n<p>\\n  Une initiation \u00e0 la sp\u00e9l\u00e9ologie propos\u00e9e dans le cadre du programme d\u00e9couverte du Parc naturel r\u00e9gional Jura vaudois\\n<\/p>\n\n\\n\n\n<p>\\nCette activit\u00e9 est organis\u00e9e en collaboration le Sp\u00e9l\u00e9o-Club Vall\u00e9e de Joux, section de la Soci\u00e9t\u00e9 Suisse de Sp\u00e9l\u00e9ologie.\\n<\/p>\n\n\\n\\n\n\n<div style=\\\"display: flex; flex-direction: column; gap: 8px; margin: 12px 0;\\\">\\n\\n  \n\n<div style=\\\"display: flex; align-items: center; gap: 0;\\\">\\n    <svg width=\\\"44\\\" height=\\\"44\\\" viewBox=\\\"0 0 44 44\\\" style=\\\"flex-shrink:0;\\\">\\n      <path fill=\\\"#2ecc71\\\" d=\\\"M22 4C13 4 6 11 6 20c0 11 16 24 16 24s16-13 16-24C38 11 31 4 22 4z\\\"\/>\\n      <circle fill=\\\"white\\\" cx=\\\"22\\\" cy=\\\"20\\\" r=\\\"8\\\"\/>\\n    <\/svg>\\n    <span style=\\\"font-family: 'century gothic', sans-serif; font-size: 18px; font-weight: 500; color: #333;\\\">Vaulion<\/span>\\n  <\/div>\n\n\\n\\n  \n\n<div style=\\\"display: flex; align-items: center; gap: 0;\\\">\\n    <svg width=\\\"44\\\" height=\\\"44\\\" viewBox=\\\"0 0 44 44\\\" style=\\\"flex-shrink:0;\\\">\\n      <rect x=\\\"16\\\" y=\\\"4\\\" width=\\\"12\\\" height=\\\"7\\\" rx=\\\"2\\\" fill=\\\"#795548\\\"\/>\\n      <rect x=\\\"16\\\" y=\\\"33\\\" width=\\\"12\\\" height=\\\"7\\\" rx=\\\"2\\\" fill=\\\"#795548\\\"\/>\\n      <circle cx=\\\"22\\\" cy=\\\"22\\\" r=\\\"15\\\" fill=\\\"#795548\\\"\/>\\n      <circle cx=\\\"22\\\" cy=\\\"22\\\" r=\\\"11\\\" fill=\\\"#f5ebe0\\\"\/>\\n      <line x1=\\\"22\\\" y1=\\\"22\\\" x2=\\\"28\\\" y2=\\\"14\\\" stroke=\\\"#795548\\\" stroke-width=\\\"2\\\" stroke-linecap=\\\"round\\\"\/>\\n      <line x1=\\\"22\\\" y1=\\\"22\\\" x2=\\\"22\\\" y2=\\\"30\\\" stroke=\\\"#795548\\\" stroke-width=\\\"1.5\\\" stroke-linecap=\\\"round\\\"\/>\\n      <circle cx=\\\"22\\\" cy=\\\"22\\\" r=\\\"2\\\" fill=\\\"#795548\\\"\/>\\n    <\/svg>\\n    <span style=\\\"font-family: 'century gothic', sans-serif; font-size: 18px; font-weight: 500; color: #333;\\\">10h00 \u2013 14h45<\/span>\\n  <\/div>\n\n\\n\\n  \n\n<div style=\\\"display: flex; align-items: center; gap: 0;\\\">\\n    <svg width=\\\"44\\\" height=\\\"44\\\" viewBox=\\\"0 0 44 44\\\" style=\\\"flex-shrink:0;\\\">\\n      <ellipse cx=\\\"22\\\" cy=\\\"38\\\" rx=\\\"14\\\" ry=\\\"4\\\" fill=\\\"#9e9e9e\\\"\/>\\n      <rect x=\\\"8\\\" y=\\\"33\\\" width=\\\"28\\\" height=\\\"5\\\" fill=\\\"#9e9e9e\\\"\/>\\n      <ellipse cx=\\\"22\\\" cy=\\\"33\\\" rx=\\\"14\\\" ry=\\\"4\\\" fill=\\\"#bdbdbd\\\"\/>\\n      <ellipse cx=\\\"22\\\" cy=\\\"28\\\" rx=\\\"14\\\" ry=\\\"4\\\" fill=\\\"#9e9e9e\\\"\/>\\n      <rect x=\\\"8\\\" y=\\\"23\\\" width=\\\"28\\\" height=\\\"5\\\" fill=\\\"#9e9e9e\\\"\/>\\n      <ellipse cx=\\\"22\\\" cy=\\\"23\\\" rx=\\\"14\\\" ry=\\\"4\\\" fill=\\\"#bdbdbd\\\"\/>\\n      <ellipse cx=\\\"22\\\" cy=\\\"18\\\" rx=\\\"14\\\" ry=\\\"4\\\" fill=\\\"#9e9e9e\\\"\/>\\n      <rect x=\\\"8\\\" y=\\\"13\\\" width=\\\"28\\\" height=\\\"5\\\" fill=\\\"#9e9e9e\\\"\/>\\n      <ellipse cx=\\\"22\\\" cy=\\\"13\\\" rx=\\\"14\\\" ry=\\\"4\\\" fill=\\\"#e0e0e0\\\"\/>\\n      <ellipse cx=\\\"18\\\" cy=\\\"12\\\" rx=\\\"6\\\" ry=\\\"2\\\" fill=\\\"#eeeeee\\\" opacity=\\\"0.6\\\"\/>\\n    <\/svg>\\n    <span style=\\\"font-family: 'century gothic', sans-serif; font-size: 18px; font-weight: 500; color: #333;\\\">payant<\/span>\\n  <\/div>\n\n\\n\\n<\/div>\n\n\\n\\n\\n\\n\n\n<p>\\nInformations et inscriptions sous :\\n<a href=\\\"https:\/\/parcjuravaudois.ch\/fr\/loisir\/52143\\\">www.parcjuravaudois.ch<\/a>\\n<\/p>\n\n\",\"content_column_breakpoint\":\"m\",\"image\":\"wp-content\/uploads\/2026\/05\/Pernon.jpg\",\"image_align\":\"top\",\"image_grid_breakpoint\":\"m\",\"image_grid_width\":\"1-2\",\"image_svg_color\":\"emphasis\",\"link_style\":\"default\",\"link_text\":\"Read more\",\"margin_bottom\":\"default\",\"margin_top\":\"default\",\"meta_align\":\"below-title\",\"meta_element\":\"div\",\"meta_style\":\"text-meta\",\"title\":\"Dimanche 14 juin : Grottes et secrets calcaires\",\"title_align\":\"top\",\"title_element\":\"h3\",\"title_grid_breakpoint\":\"m\",\"title_grid_width\":\"1-2\",\"title_hover_style\":\"reset\"}}]}]},{\"type\":\"row\",\"children\":[{\"type\":\"column\",\"props\":{\"image_position\":\"center-center\",\"position_sticky_breakpoint\":\"m\"},\"children\":[{\"type\":\"fragment\",\"props\":{\"margin_bottom\":\"default\",\"margin_top\":\"default\"},\"children\":[{\"type\":\"row\",\"props\":{\"layout\":\"1-3,1-3,1-3\"},\"children\":[{\"type\":\"column\",\"props\":{\"image_position\":\"center-center\",\"position_sticky_breakpoint\":\"m\",\"width_medium\":\"1-3\"}},{\"type\":\"column\",\"props\":{\"image_position\":\"center-center\",\"position_sticky_breakpoint\":\"m\",\"width_medium\":\"1-3\"},\"children\":[{\"type\":\"panel\",\"props\":{\"content\":\"\n\n<h3 style=\\\"text-align: center;\\\">Contact<\/h3>\n\n\\n\n\n<p style=\\\"text-align: center;\\\"><img src=\\\"https:\/\/www.isska.ch\/wp-content\/uploads\/2024\/01\/Amandine_nb-scaled.jpg\\\" alt=\\\"\\\" width=\\\"225\\\" height=\\\"300\\\" class=\\\"alignnone wp-image-2778 size-medium\\\" \/><\/p>\n\n\\n\n\n<p style=\\\"text-align: center;\\\">Amandine Perret<br \/><a href=\\\"mailto:amandine.perret@isska.ch\\\">Envoyer e-mail<\/a><\/p>\n\n\\n\n\n\n\n\",\"content_column_breakpoint\":\"m\",\"css\":\".el-element {\\n    text-align: justify;\\n    font-family: 'Century Gothic', Verdana, sans-serif;\\n\\n}\",\"image\":\"\",\"image_align\":\"top\",\"image_grid_breakpoint\":\"m\",\"image_grid_width\":\"1-2\",\"image_svg_color\":\"emphasis\",\"image_width\":200,\"link_style\":\"default\",\"link_text\":\"Read more\",\"margin_bottom\":\"default\",\"margin_top\":\"default\",\"meta_align\":\"below-title\",\"meta_element\":\"div\",\"meta_style\":\"text-meta\",\"panel_style\":\"card-default\",\"title_align\":\"top\",\"title_element\":\"h3\",\"title_grid_breakpoint\":\"m\",\"title_grid_width\":\"1-2\",\"title_hover_style\":\"reset\"},\"name\":\"Contact_Comp\"}]},{\"type\":\"column\",\"props\":{\"image_position\":\"center-center\",\"position_sticky_breakpoint\":\"m\",\"width_medium\":\"1-3\"}}]}]},{\"type\":\"headline\",\"props\":{\"content\":\"Partenaires\",\"image_align\":\"left\",\"image_margin\":\"xsmall\",\"title_element\":\"h1\"}},{\"type\":\"fragment\",\"props\":{\"margin_bottom\":\"default\",\"margin_top\":\"default\"},\"children\":[{\"type\":\"row\",\"props\":{\"layout\":\"1-2,1-2\"},\"children\":[{\"type\":\"column\",\"props\":{\"image_position\":\"center-center\",\"position_sticky_breakpoint\":\"m\",\"width_medium\":\"1-2\"},\"children\":[{\"type\":\"image\",\"props\":{\"image\":\"wp-content\/uploads\/2026\/05\/PNR-PJV-Logo-Digital-Vert.svg\",\"image_height\":100,\"image_svg_color\":\"emphasis\",\"margin_bottom\":\"default\",\"margin_top\":\"default\"}},{\"type\":\"image\",\"props\":{\"image\":\"wp-content\/uploads\/2026\/05\/SCVL_logo.png\",\"image_svg_color\":\"emphasis\",\"margin_bottom\":\"default\",\"margin_top\":\"default\"}}]},{\"type\":\"column\",\"props\":{\"image_position\":\"center-center\",\"position_sticky_breakpoint\":\"m\",\"width_medium\":\"1-2\"},\"children\":[{\"type\":\"image\",\"props\":{\"height_expand\":false,\"height_viewport\":false,\"image\":\"wp-content\/uploads\/2025\/04\/PDD_Logo_PDD_et_PNR_positif_RVB_300ppp.jpg\",\"image_alt\":\"Logo du PNR Doubs\",\"image_height\":100,\"image_loading\":false,\"image_svg_color\":\"emphasis\",\"margin_bottom\":\"default\",\"margin_top\":\"default\",\"position_bottom\":\"-50\",\"position_left\":\"-10\",\"position_z_index\":\"0\"}}]}]}]}]}]}],\"name\":\"Excursions_annuelles\"}],\"version\":\"5.0.31\"} --><\/p>\n","protected":false},"excerpt":{"rendered":"<p>Qui sommes-nous? Com\u00adp\u00e9\u00adtences Pres\u00adta\u00adtions Ex\u00adcur\u00adsions pu\u00adbliques 2026 Cette an\u00adn\u00e9e, l\u2019ISSKA vous pro\u00adpose deux ex\u00adcur\u00adsions pu\u00adbliques : Sa\u00adme\u00addi 13 juin : pay\u00adsage en \u00e9vo\u00adlu\u00adtion au Col-de-Roches Une ran\u00addon\u00adn\u00e9e dans la r\u00e9\u00adgion du Col-des-Roches pro\u00adpo\u00ads\u00e9e, dans le cadre du pro\u00adgramme d\u00e9\u00adcou\u00adverte du Parc na\u00adtu\u00adrel r\u00e9\u00adgio\u00adnal du Doubs. Cette ex\u00adcur\u00adsion pro\u00adpose la d\u00e9\u00adcou\u00adverte des pay\u00adsages g\u00e9o\u00adlo\u00adgiques et de [\u2026]<\/p>\n","protected":false},"author":1,"featured_media":0,"parent":0,"menu_order":0,"comment_status":"closed","ping_status":"closed","template":"","meta":{"wp_typography_post_enhancements_disabled":false,"footnotes":""},"categories":[],"tags":[],"class_list":["post-3267","page","type-page","status-publish","hentry"],"_links":{"self":[{"href":"https:\/\/www.isska.ch\/fr\/wp-json\/wp\/v2\/pages\/3267","targetHints":{"allow":["GET"]}}],"collection":[{"href":"https:\/\/www.isska.ch\/fr\/wp-json\/wp\/v2\/pages"}],"about":[{"href":"https:\/\/www.isska.ch\/fr\/wp-json\/wp\/v2\/types\/page"}],"author":[{"embeddable":true,"href":"https:\/\/www.isska.ch\/fr\/wp-json\/wp\/v2\/users\/1"}],"replies":[{"embeddable":true,"href":"https:\/\/www.isska.ch\/fr\/wp-json\/wp\/v2\/comments?post=3267"}],"version-history":[{"count":46,"href":"https:\/\/www.isska.ch\/fr\/wp-json\/wp\/v2\/pages\/3267\/revisions"}],"predecessor-version":[{"id":4404,"href":"https:\/\/www.isska.ch\/fr\/wp-json\/wp\/v2\/pages\/3267\/revisions\/4404"}],"wp:attachment":[{"href":"https:\/\/www.isska.ch\/fr\/wp-json\/wp\/v2\/media?parent=3267"}],"wp:term":[{"taxonomy":"category","embeddable":true,"href":"https:\/\/www.isska.ch\/fr\/wp-json\/wp\/v2\/categories?post=3267"},{"taxonomy":"post_tag","embeddable":true,"href":"https:\/\/www.isska.ch\/fr\/wp-json\/wp\/v2\/tags?post=3267"}],"curies":[{"name":"wp","href":"https:\/\/api.w.org\/{rel}","templated":true}]}}